{"id":7710,"date":"2024-10-24T01:01:18","date_gmt":"2024-10-23T23:01:18","guid":{"rendered":"http:\/\/billigtrikots.com\/?post_type=product&#038;p=7710"},"modified":"2024-10-24T01:03:29","modified_gmt":"2024-10-23T23:03:29","slug":"herren-fc-barcelona-22-23-heimtrikot-dunkelblau-kurzarm-kurze-hosen-r-araujo-4","status":"publish","type":"product","link":"https:\/\/www.billigtrikotde.com\/da\/vare\/herren-fc-barcelona-22-23-heimtrikot-dunkelblau-kurzarm-kurze-hosen-r-araujo-4\/","title":{"rendered":"Herre FC Barcelona 22\/23 Hjemmebanetr\u00f8je m\u00f8rkebl\u00e5 kort\u00e6rmet + shorts R.ARAUJO 4"},"content":{"rendered":"<p>Opdag Bar\u00e7a 2022\/2023 hjemmebanetr\u00f8je. B\u00e6r stolt Blaugrana-farverne p\u00e5 banen eller udenfor.<\/p>\n<p>En fleksibel og let tr\u00f8je med Nike Dri-Fit-teknologi, et stykke t\u00f8j, der forhindrer sved i at tr\u00e6nge ind i dit spil eller tr\u00e6ning. Hold dig t\u00f8r efter dine accelerationer.<\/p>\n<p>Forestil dig, at tilskuerne p\u00e5 Camp Nou hepper p\u00e5 dig efter et fantastisk m\u00e5l. Sp\u00e6ndende, ikke sandt?<\/p>\n<p>Tips til udskrivning: Hvis navn og nummer p\u00e5 billedet er pr\u00e6cis det, du \u00f8nsker, beh\u00f8ver du ikke at indtaste dem igen. Hvis ikke, skal du indtaste det \u00f8nskede navn og nummer.<\/p>\n<p>Tips til vask: Det anbefales at vaske fodboldtr\u00f8jer i h\u00e5nden. Hvis du vil bruge vaskemaskinen, skal du huske at vende vrangen ud p\u00e5 fodboldtr\u00f8jerne og derefter vaske dem. Fyld maskinen med koldt vand, og brug et sk\u00e5neprogram for bedre at beskytte farverne.<\/p>","protected":false},"excerpt":{"rendered":"<p>Opdag Bar\u00e7a 2022\/2023 hjemme-tr\u00f8jen. B\u00e6r stolt Blaugrana-farverne p\u00e5 banen eller udenfor. En fleksibel og let tr\u00f8je med Nike Dri-Fit-teknologi, et stykke t\u00f8j der forhindrer sved i at tr\u00e6nge ind i dit spil eller din tr\u00e6ning. Hold dig t\u00f8r efter dine accelerations-\u00f8velser. Forestil dig, at tilskuerne i Camp Nou ville [\u2026]<\/p>","protected":false},"featured_media":7744,"comment_status":"open","ping_status":"closed","template":"","meta":[],"product_brand":[],"product_cat":[31],"product_tag":[32,20,33,21,22,23,24],"class_list":{"0":"post-7710","1":"product","2":"type-product","3":"status-publish","4":"has-post-thumbnail","6":"product_cat-fc-barcelona","7":"product_tag-barcelona-heimtrikot","8":"product_tag-coole-fussballtrikots","9":"product_tag-fc-barcelona-trikots","10":"product_tag-fussballtrikot-fuer-herren","11":"product_tag-fussballtrikot-guenstig-kaufen","12":"product_tag-fussballtrikot-kurzarm","13":"product_tag-guenstiges-fussballtrikot","15":"first","16":"instock","17":"shipping-taxable","18":"purchasable","19":"product-type-variable"},"_links":{"self":[{"href":"https:\/\/www.billigtrikotde.com\/da\/wp-json\/wp\/v2\/product\/7710","targetHints":{"allow":["GET"]}}],"collection":[{"href":"https:\/\/www.billigtrikotde.com\/da\/wp-json\/wp\/v2\/product"}],"about":[{"href":"https:\/\/www.billigtrikotde.com\/da\/wp-json\/wp\/v2\/types\/product"}],"replies":[{"embeddable":true,"href":"https:\/\/www.billigtrikotde.com\/da\/wp-json\/wp\/v2\/comments?post=7710"}],"wp:featuredmedia":[{"embeddable":true,"href":"https:\/\/www.billigtrikotde.com\/da\/wp-json\/wp\/v2\/media\/7744"}],"wp:attachment":[{"href":"https:\/\/www.billigtrikotde.com\/da\/wp-json\/wp\/v2\/media?parent=7710"}],"wp:term":[{"taxonomy":"product_brand","embeddable":true,"href":"https:\/\/www.billigtrikotde.com\/da\/wp-json\/wp\/v2\/product_brand?post=7710"},{"taxonomy":"product_cat","embeddable":true,"href":"https:\/\/www.billigtrikotde.com\/da\/wp-json\/wp\/v2\/product_cat?post=7710"},{"taxonomy":"product_tag","embeddable":true,"href":"https:\/\/www.billigtrikotde.com\/da\/wp-json\/wp\/v2\/product_tag?post=7710"}],"curies":[{"name":"wp","href":"https:\/\/api.w.org\/{rel}","templated":true}]}}