{"id":762,"date":"2024-10-23T13:03:01","date_gmt":"2024-10-23T11:03:01","guid":{"rendered":"http:\/\/billigtrikots.com\/?post_type=product&#038;p=762"},"modified":"2024-10-23T13:04:59","modified_gmt":"2024-10-23T11:04:59","slug":"herren-trikot-away-blau-real-madrid-auswaertstrikot-2022-mit-aufdruck-gutierrez-35","status":"publish","type":"product","link":"https:\/\/www.billigtrikotde.com\/da\/vare\/herren-trikot-away-blau-real-madrid-auswaertstrikot-2022-mit-aufdruck-gutierrez-35\/","title":{"rendered":"Udebanetr\u00f8je til m\u00e6nd Bl\u00e5 Real Madrid Udebanetr\u00f8je 2022 med tryk Gutierrez 35"},"content":{"rendered":"<p>Vis din holdstolthed og st\u00f8t Real Madrid i s\u00e6sonen 2021\/2022 i den officielle adidas udebanetr\u00f8je. Fan-udgaven af udebanetr\u00f8jen til herrer ligner den model, som Real-professionelle b\u00e6rer p\u00e5 banen. Det b\u00e6redygtige Primegreen-materiale best\u00e5r af genanvendt polyester og sikrer takket v\u00e6re den svedtransporterende AEROREADY-teknologi en behagelig t\u00f8r f\u00f8lelse. Autentiske holddetaljer som klubbens v\u00e5benskjold p\u00e5 brystet bevidner din tilknytning til de Kongelige.<\/p>\n<p>Tips til udskrivning: Hvis navn og nummer p\u00e5 billedet er pr\u00e6cis det, du \u00f8nsker, beh\u00f8ver du ikke at indtaste dem igen. Hvis ikke, skal du indtaste det \u00f8nskede navn og nummer.<\/p>\n<p>Tips til vask: Det anbefales at vaske fodboldtr\u00f8jer i h\u00e5nden. Hvis du vil bruge vaskemaskinen, skal du huske at vende vrangen ud p\u00e5 fodboldtr\u00f8jerne og derefter vaske dem. Fyld maskinen med koldt vand, og brug et sk\u00e5neprogram for bedre at beskytte farverne.<\/p>","protected":false},"excerpt":{"rendered":"<p>Zeige deinen Teamstolz und unterst\u00fctze Real Madrid in der Saison 2021\/2022 im offiziellen adidas Ausw\u00e4rtstrikot. Die Fan-Version des Away Jerseys f\u00fcr Herren sieht aus wie das Modell, das die Real-Profis auf dem Platz tragen. Das nachhaltige Primegreen-Material besteht aus recyceltem Polyester und sorgt dank der feuchtigkeitsableitenden AEROREADY-Technologie f\u00fcr ein angenehm trockenes Tragegef\u00fchl. Authentische Teamdetails wie [&hellip;]<\/p>","protected":false},"featured_media":796,"comment_status":"open","ping_status":"closed","template":"","meta":[],"product_brand":[],"product_cat":[45],"product_tag":[20,21,22,23,24,49,47],"class_list":{"0":"post-762","1":"product","2":"type-product","3":"status-publish","4":"has-post-thumbnail","6":"product_cat-real-madrid","7":"product_tag-coole-fussballtrikots","8":"product_tag-fussballtrikot-fuer-herren","9":"product_tag-fussballtrikot-guenstig-kaufen","10":"product_tag-fussballtrikot-kurzarm","11":"product_tag-guenstiges-fussballtrikot","12":"product_tag-real-madrid-auswaertstrikot","13":"product_tag-real-madrid-trikots","15":"first","16":"instock","17":"shipping-taxable","18":"purchasable","19":"product-type-variable"},"_links":{"self":[{"href":"https:\/\/www.billigtrikotde.com\/da\/wp-json\/wp\/v2\/product\/762","targetHints":{"allow":["GET"]}}],"collection":[{"href":"https:\/\/www.billigtrikotde.com\/da\/wp-json\/wp\/v2\/product"}],"about":[{"href":"https:\/\/www.billigtrikotde.com\/da\/wp-json\/wp\/v2\/types\/product"}],"replies":[{"embeddable":true,"href":"https:\/\/www.billigtrikotde.com\/da\/wp-json\/wp\/v2\/comments?post=762"}],"wp:featuredmedia":[{"embeddable":true,"href":"https:\/\/www.billigtrikotde.com\/da\/wp-json\/wp\/v2\/media\/796"}],"wp:attachment":[{"href":"https:\/\/www.billigtrikotde.com\/da\/wp-json\/wp\/v2\/media?parent=762"}],"wp:term":[{"taxonomy":"product_brand","embeddable":true,"href":"https:\/\/www.billigtrikotde.com\/da\/wp-json\/wp\/v2\/product_brand?post=762"},{"taxonomy":"product_cat","embeddable":true,"href":"https:\/\/www.billigtrikotde.com\/da\/wp-json\/wp\/v2\/product_cat?post=762"},{"taxonomy":"product_tag","embeddable":true,"href":"https:\/\/www.billigtrikotde.com\/da\/wp-json\/wp\/v2\/product_tag?post=762"}],"curies":[{"name":"wp","href":"https:\/\/api.w.org\/{rel}","templated":true}]}}