{"id":7546,"date":"2024-10-23T18:34:28","date_gmt":"2024-10-23T16:34:28","guid":{"rendered":"http:\/\/billigtrikots.com\/?post_type=product&#038;p=7546"},"modified":"2024-10-23T18:36:35","modified_gmt":"2024-10-23T16:36:35","slug":"herren-fc-barcelona-2022-23-ausweichtrikot-weiss-online-kaufen-messi-10","status":"publish","type":"product","link":"https:\/\/www.billigtrikotde.com\/da\/vare\/herren-fc-barcelona-2022-23-ausweichtrikot-weiss-online-kaufen-messi-10\/","title":{"rendered":"Herre FC Barcelona 2022\/23 Reserve tr\u00f8je hvid K\u00f8b online MESSI 10"},"content":{"rendered":"<p>Nike Barcelona 2022-2023 tredje fodboldtr\u00f8je har et i\u00f8jnefaldende design. Den kombinerer en lys gr\u00e5 grundfarve med et Blaugrana-kryds p\u00e5 forsiden.<\/p>\n<p>Den officielle farve p\u00e5 tredje tr\u00f8je af Nike FC Barcelona 2022-2023 beskrives som \u201ehimmelgr\u00e5\u201c og skabte nogle bekymringer i det nye bestyrelsesmedlem, fordi den er for lig hvid, farven p\u00e5 Real Madrid.<\/p>\n<p>Dog havde Barcelona allerede mellem 1998 og 2001 en meget lignende s\u00f8lvfarvet udebanetr\u00f8je. Tr\u00f8jen blev dog for 20 \u00e5r siden kombineret med bl\u00e5 bukser.<\/p>\n<p>Krydset i midten st\u00e5r for Sant Jordi-krydset (Den Hellige Georgs kors), som er en del af klubbens v\u00e5benskjold.<\/p>\n<p>Denne tr\u00f8je minder om, at det i 2022 vil v\u00e6re 30 \u00e5r siden, at Generalitat tildelte FC Barcelona Creu de Sant Jordi.<\/p>\n<p>Tips til udskrivning: Hvis navn og nummer p\u00e5 billedet er pr\u00e6cis det, du \u00f8nsker, beh\u00f8ver du ikke at indtaste dem igen. Hvis ikke, skal du indtaste det \u00f8nskede navn og nummer.<\/p>\n<p>Tips til vask: Det anbefales at vaske fodboldtr\u00f8jer i h\u00e5nden. Hvis du vil bruge vaskemaskinen, skal du huske at vende vrangen ud p\u00e5 fodboldtr\u00f8jerne og derefter vaske dem. Fyld maskinen med koldt vand, og brug et sk\u00e5neprogram for bedre at beskytte farverne.<\/p>","protected":false},"excerpt":{"rendered":"<p>Nike Barcelona 2022-2023 tredje fodboldtr\u00f8je har et i\u00f8jnefaldende design. Den kombinerer en lys gr\u00e5 grundfarve med et bl\u00e5gr\u00f8n kors p\u00e5 forsiden. Den officielle farve for den tredje tr\u00f8je fra Nike FC Barcelona 2022-2023 beskrives som \u201ehimmelsgr\u00e5\u201c og skabte nogle bekymringer i det nye bestyrelsesmedlem, fordi den minder meget om hvid, farven p\u00e5 Real Madrid [...]<\/p>","protected":false},"featured_media":7585,"comment_status":"open","ping_status":"closed","template":"","meta":[],"product_brand":[],"product_cat":[31],"product_tag":[20,37,33,21,22,23,24],"class_list":{"0":"post-7546","1":"product","2":"type-product","3":"status-publish","4":"has-post-thumbnail","6":"product_cat-fc-barcelona","7":"product_tag-coole-fussballtrikots","8":"product_tag-fc-barcelona-ausweichtrikot","9":"product_tag-fc-barcelona-trikots","10":"product_tag-fussballtrikot-fuer-herren","11":"product_tag-fussballtrikot-guenstig-kaufen","12":"product_tag-fussballtrikot-kurzarm","13":"product_tag-guenstiges-fussballtrikot","15":"first","16":"instock","17":"shipping-taxable","18":"purchasable","19":"product-type-variable"},"_links":{"self":[{"href":"https:\/\/www.billigtrikotde.com\/da\/wp-json\/wp\/v2\/product\/7546","targetHints":{"allow":["GET"]}}],"collection":[{"href":"https:\/\/www.billigtrikotde.com\/da\/wp-json\/wp\/v2\/product"}],"about":[{"href":"https:\/\/www.billigtrikotde.com\/da\/wp-json\/wp\/v2\/types\/product"}],"replies":[{"embeddable":true,"href":"https:\/\/www.billigtrikotde.com\/da\/wp-json\/wp\/v2\/comments?post=7546"}],"wp:featuredmedia":[{"embeddable":true,"href":"https:\/\/www.billigtrikotde.com\/da\/wp-json\/wp\/v2\/media\/7585"}],"wp:attachment":[{"href":"https:\/\/www.billigtrikotde.com\/da\/wp-json\/wp\/v2\/media?parent=7546"}],"wp:term":[{"taxonomy":"product_brand","embeddable":true,"href":"https:\/\/www.billigtrikotde.com\/da\/wp-json\/wp\/v2\/product_brand?post=7546"},{"taxonomy":"product_cat","embeddable":true,"href":"https:\/\/www.billigtrikotde.com\/da\/wp-json\/wp\/v2\/product_cat?post=7546"},{"taxonomy":"product_tag","embeddable":true,"href":"https:\/\/www.billigtrikotde.com\/da\/wp-json\/wp\/v2\/product_tag?post=7546"}],"curies":[{"name":"wp","href":"https:\/\/api.w.org\/{rel}","templated":true}]}}