{"id":7482,"date":"2024-10-23T18:31:37","date_gmt":"2024-10-23T16:31:37","guid":{"rendered":"http:\/\/billigtrikots.com\/?post_type=product&#038;p=7482"},"modified":"2024-10-23T18:33:13","modified_gmt":"2024-10-23T16:33:13","slug":"manchester-city-torwarttrikot-fuer-herren-2022-23-langarm-orange-trikotsatz-ederson-m-31","status":"publish","type":"product","link":"https:\/\/www.billigtrikotde.com\/da\/vare\/manchester-city-torwarttrikot-fuer-herren-2022-23-langarm-orange-trikotsatz-ederson-m-31\/","title":{"rendered":"Manchester City m\u00e5lmandstr\u00f8je til m\u00e6nd 2022\/23 lang\u00e6rmet orange kit EDERSON M.31"},"content":{"rendered":"<p>Manchester City Home m\u00e5lmandstrikoten til s\u00e6sonen 22\/23 er et absolut must for enhver ung Cityzen-garderobe. Den har en rund hals og PUMAs unikke \u201ehurtig grafik\u201c p\u00e5 forsiden af tr\u00f8jen. Denne tr\u00f8je til drenge og piger med lange \u00e6rmer og normal pasform giver dig samme snit som Ederson.<\/p>\n<p>Tips til udskrivning: Hvis navn og nummer p\u00e5 billedet er pr\u00e6cis det, du \u00f8nsker, beh\u00f8ver du ikke at indtaste dem igen. Hvis ikke, skal du indtaste det \u00f8nskede navn og nummer.<\/p>\n<p>Tips til vask: Det anbefales at vaske fodboldtr\u00f8jer i h\u00e5nden. Hvis du vil bruge vaskemaskinen, skal du huske at vende vrangen ud p\u00e5 fodboldtr\u00f8jerne og derefter vaske dem. Fyld maskinen med koldt vand, og brug et sk\u00e5neprogram for bedre at beskytte farverne.<\/p>","protected":false},"excerpt":{"rendered":"<p>Manchester City Home m\u00e5lmandstrikoten til s\u00e6sonen 22\/23 er et absolut must for enhver ung Cityzen-garderobe. Den har en rund hals og PUMAs unikke \u201ehurtig grafik\u201c p\u00e5 forsiden af tr\u00f8jen. Denne tr\u00f8je til drenge og piger med lange \u00e6rmer og normal pasform giver dig samme snit som Ederson.<\/p>","protected":false},"featured_media":7515,"comment_status":"open","ping_status":"closed","template":"","meta":[],"product_brand":[],"product_cat":[82],"product_tag":[20,21,22,333,24,334,273,84],"class_list":{"0":"post-7482","1":"product","2":"type-product","3":"status-publish","4":"has-post-thumbnail","6":"product_cat-manchester-city","7":"product_tag-coole-fussballtrikots","8":"product_tag-fussballtrikot-fuer-herren","9":"product_tag-fussballtrikot-guenstig-kaufen","10":"product_tag-fussballtrikot-langaermeliges","11":"product_tag-guenstiges-fussballtrikot","12":"product_tag-manchester-city-torwarttrikot","13":"product_tag-manchester-city-trikot-22-23","14":"product_tag-manchester-city-trikots","16":"first","17":"instock","18":"shipping-taxable","19":"purchasable","20":"product-type-variable"},"_links":{"self":[{"href":"https:\/\/www.billigtrikotde.com\/da\/wp-json\/wp\/v2\/product\/7482","targetHints":{"allow":["GET"]}}],"collection":[{"href":"https:\/\/www.billigtrikotde.com\/da\/wp-json\/wp\/v2\/product"}],"about":[{"href":"https:\/\/www.billigtrikotde.com\/da\/wp-json\/wp\/v2\/types\/product"}],"replies":[{"embeddable":true,"href":"https:\/\/www.billigtrikotde.com\/da\/wp-json\/wp\/v2\/comments?post=7482"}],"wp:featuredmedia":[{"embeddable":true,"href":"https:\/\/www.billigtrikotde.com\/da\/wp-json\/wp\/v2\/media\/7515"}],"wp:attachment":[{"href":"https:\/\/www.billigtrikotde.com\/da\/wp-json\/wp\/v2\/media?parent=7482"}],"wp:term":[{"taxonomy":"product_brand","embeddable":true,"href":"https:\/\/www.billigtrikotde.com\/da\/wp-json\/wp\/v2\/product_brand?post=7482"},{"taxonomy":"product_cat","embeddable":true,"href":"https:\/\/www.billigtrikotde.com\/da\/wp-json\/wp\/v2\/product_cat?post=7482"},{"taxonomy":"product_tag","embeddable":true,"href":"https:\/\/www.billigtrikotde.com\/da\/wp-json\/wp\/v2\/product_tag?post=7482"}],"curies":[{"name":"wp","href":"https:\/\/api.w.org\/{rel}","templated":true}]}}