{"id":746,"date":"2024-10-23T13:02:26","date_gmt":"2024-10-23T11:02:26","guid":{"rendered":"http:\/\/billigtrikots.com\/?post_type=product&#038;p=746"},"modified":"2024-10-23T13:04:28","modified_gmt":"2024-10-23T11:04:28","slug":"fussball-trikotsatz-real-madrid-ausweichtrikot-2021-22-gruen-mit-aufdruck-kroos-8","status":"publish","type":"product","link":"https:\/\/www.billigtrikotde.com\/da\/vare\/fussball-trikotsatz-real-madrid-ausweichtrikot-2021-22-gruen-mit-aufdruck-kroos-8\/","title":{"rendered":"Real Madrid fodbolds\u00e6t 2021\/22 gr\u00f8n med print Kroos 8"},"content":{"rendered":"<p>Tr\u00f8jen fra adidas i gr\u00f8n l\u00e5ner dig at b\u00e6re dit holds farver og vise alle, hvad dit hjerte banker for. Som en rigtig Real Madrid-fan har du brug for denne udekamps-tr\u00f8je, som spillerne i Primera Division b\u00e6rer. Den er \u00e5ndbar, behagelig og k\u00f8lende. Denne tr\u00f8je er optimal til din tr\u00e6ning og kamp og m\u00e5 ikke mangles i nogen sports-rygs\u00e6k. Den pryder sig visuelt med et klubm\u00e6rke p\u00e5 brystet.<\/p>\n<p>Tips til udskrivning: Hvis navn og nummer p\u00e5 billedet er pr\u00e6cis det, du \u00f8nsker, beh\u00f8ver du ikke at indtaste dem igen. Hvis ikke, skal du indtaste det \u00f8nskede navn og nummer.<\/p>\n<p>Tips til vask: Det anbefales at vaske fodboldtr\u00f8jer i h\u00e5nden. Hvis du vil bruge vaskemaskinen, skal du huske at vende vrangen ud p\u00e5 fodboldtr\u00f8jerne og derefter vaske dem. Fyld maskinen med koldt vand, og brug et sk\u00e5neprogram for bedre at beskytte farverne.<\/p>","protected":false},"excerpt":{"rendered":"<p>Das Shirt von adidas in Gr\u00fcn l\u00e4sst dich die Farben deines Vereins tragen und allen zeigen, wof\u00fcr dein Herz schl\u00e4gt. Als echter Real Madrid-Fan brauchst du dieses Ausweich-Shirt, das die Spieler in der Primera Division tragen. Es ist atmungsaktiv, bequem und k\u00fchlend. Dieses Shirt ist optimal f\u00fcr dein Training und Spiel geeignet und darf in [&hellip;]<\/p>","protected":false},"featured_media":784,"comment_status":"open","ping_status":"closed","template":"","meta":[],"product_brand":[],"product_cat":[45],"product_tag":[20,21,22,23,24,48,47],"class_list":{"0":"post-746","1":"product","2":"type-product","3":"status-publish","4":"has-post-thumbnail","6":"product_cat-real-madrid","7":"product_tag-coole-fussballtrikots","8":"product_tag-fussballtrikot-fuer-herren","9":"product_tag-fussballtrikot-guenstig-kaufen","10":"product_tag-fussballtrikot-kurzarm","11":"product_tag-guenstiges-fussballtrikot","12":"product_tag-real-madrid-ausweichtrikot","13":"product_tag-real-madrid-trikots","15":"first","16":"instock","17":"shipping-taxable","18":"purchasable","19":"product-type-variable"},"_links":{"self":[{"href":"https:\/\/www.billigtrikotde.com\/da\/wp-json\/wp\/v2\/product\/746","targetHints":{"allow":["GET"]}}],"collection":[{"href":"https:\/\/www.billigtrikotde.com\/da\/wp-json\/wp\/v2\/product"}],"about":[{"href":"https:\/\/www.billigtrikotde.com\/da\/wp-json\/wp\/v2\/types\/product"}],"replies":[{"embeddable":true,"href":"https:\/\/www.billigtrikotde.com\/da\/wp-json\/wp\/v2\/comments?post=746"}],"wp:featuredmedia":[{"embeddable":true,"href":"https:\/\/www.billigtrikotde.com\/da\/wp-json\/wp\/v2\/media\/784"}],"wp:attachment":[{"href":"https:\/\/www.billigtrikotde.com\/da\/wp-json\/wp\/v2\/media?parent=746"}],"wp:term":[{"taxonomy":"product_brand","embeddable":true,"href":"https:\/\/www.billigtrikotde.com\/da\/wp-json\/wp\/v2\/product_brand?post=746"},{"taxonomy":"product_cat","embeddable":true,"href":"https:\/\/www.billigtrikotde.com\/da\/wp-json\/wp\/v2\/product_cat?post=746"},{"taxonomy":"product_tag","embeddable":true,"href":"https:\/\/www.billigtrikotde.com\/da\/wp-json\/wp\/v2\/product_tag?post=746"}],"curies":[{"name":"wp","href":"https:\/\/api.w.org\/{rel}","templated":true}]}}