{"id":7422,"date":"2024-10-23T18:28:42","date_gmt":"2024-10-23T16:28:42","guid":{"rendered":"http:\/\/billigtrikots.com\/?post_type=product&#038;p=7422"},"modified":"2024-10-23T18:30:22","modified_gmt":"2024-10-23T16:30:22","slug":"kinder-heimtrikot-argentinien-wm-2022-weiss-blau-kurzarm-kurze-hosen-di-maria-11","status":"publish","type":"product","link":"https:\/\/www.billigtrikotde.com\/da\/vare\/kinder-heimtrikot-argentinien-wm-2022-weiss-blau-kurzarm-kurze-hosen-di-maria-11\/","title":{"rendered":"Hjemmebanetr\u00f8je til b\u00f8rn Argentina World Cup 2022 hvid bl\u00e5 kort\u00e6rmet + shorts DI MARIA 11"},"content":{"rendered":"<p>Argentinas nye tr\u00f8je til 2022 er overvejende hvid med sorte logoer \u2013 herunder det helt nye Adidas-logo, der har sin fodbolddebut med VM-tr\u00f8jerne 2022.<\/p>\n<p>Striberne p\u00e5 den nye Argentina VM 2022-tr\u00f8je er klassiske, men kun p\u00e5 forsiden. Striberne p\u00e5 bagsiden er virkelig us\u00e6dvanlige: I stedet for at v\u00e6re lige brede er der to tyndere himmelbl\u00e5 striber i midten og to bredere p\u00e5 siderne af tr\u00f8jen. Disse bredere striber er cirka tre gange s\u00e5 brede som striberne i midten.<\/p>\n<p>Den skal ligne det argentinske flag. Ogs\u00e5 i henhold til flaget er Sol de Mayo, det argentinske nationalemblem, placeret p\u00e5 bagsiden under kraven.<\/p>\n<p>Sorte bukser og hvide str\u00f8mper fuldender Argentina 2022-tr\u00f8jen.<\/p>\n<p>Tips til udskrivning: Hvis navn og nummer p\u00e5 billedet er pr\u00e6cis det, du \u00f8nsker, beh\u00f8ver du ikke at indtaste dem igen. Hvis ikke, skal du indtaste det \u00f8nskede navn og nummer.<\/p>\n<p>Tips til vask: Det anbefales at vaske fodboldtr\u00f8jer i h\u00e5nden. Hvis du vil bruge vaskemaskinen, skal du huske at vende vrangen ud p\u00e5 fodboldtr\u00f8jerne og derefter vaske dem. Fyld maskinen med koldt vand, og brug et sk\u00e5neprogram for bedre at beskytte farverne.<\/p>","protected":false},"excerpt":{"rendered":"<p>Argentiniens neues Trikot f\u00fcr 2022 ist \u00fcberwiegend wei\u00df mit schwarzen Logos \u2013 darunter das brandneue Adidas-Logo, das mit den WM-Trikots 2022 sein Fu\u00dfballdeb\u00fct feiert. Die Streifen auf dem neuen Argentinien WM 2022 Trikot sind klassisch, aber nur auf der Vorderseite. Die Streifen auf der R\u00fcckseite sind wirklich ungew\u00f6hnlich: Anstatt gleich breit zu sein, gibt es [&hellip;]<\/p>","protected":false},"featured_media":7455,"comment_status":"open","ping_status":"closed","template":"","meta":[],"product_brand":[],"product_cat":[325,91],"product_tag":[231,326,20,222,21,22,23,24,94],"class_list":{"0":"post-7422","1":"product","2":"type-product","3":"status-publish","4":"has-post-thumbnail","6":"product_cat-argentinien-trikots","7":"product_cat-kindertrikots","8":"product_tag-argentina-trikots","9":"product_tag-argentina-trikotsatz-fuer-kinder","10":"product_tag-coole-fussballtrikots","11":"product_tag-fussball-wm-2022-trikots","12":"product_tag-fussballtrikot-fuer-herren","13":"product_tag-fussballtrikot-guenstig-kaufen","14":"product_tag-fussballtrikot-kurzarm","15":"product_tag-guenstiges-fussballtrikot","16":"product_tag-kinder-fussball-trikotsatz","18":"first","19":"instock","20":"shipping-taxable","21":"purchasable","22":"product-type-variable"},"_links":{"self":[{"href":"https:\/\/www.billigtrikotde.com\/da\/wp-json\/wp\/v2\/product\/7422","targetHints":{"allow":["GET"]}}],"collection":[{"href":"https:\/\/www.billigtrikotde.com\/da\/wp-json\/wp\/v2\/product"}],"about":[{"href":"https:\/\/www.billigtrikotde.com\/da\/wp-json\/wp\/v2\/types\/product"}],"replies":[{"embeddable":true,"href":"https:\/\/www.billigtrikotde.com\/da\/wp-json\/wp\/v2\/comments?post=7422"}],"wp:featuredmedia":[{"embeddable":true,"href":"https:\/\/www.billigtrikotde.com\/da\/wp-json\/wp\/v2\/media\/7455"}],"wp:attachment":[{"href":"https:\/\/www.billigtrikotde.com\/da\/wp-json\/wp\/v2\/media?parent=7422"}],"wp:term":[{"taxonomy":"product_brand","embeddable":true,"href":"https:\/\/www.billigtrikotde.com\/da\/wp-json\/wp\/v2\/product_brand?post=7422"},{"taxonomy":"product_cat","embeddable":true,"href":"https:\/\/www.billigtrikotde.com\/da\/wp-json\/wp\/v2\/product_cat?post=7422"},{"taxonomy":"product_tag","embeddable":true,"href":"https:\/\/www.billigtrikotde.com\/da\/wp-json\/wp\/v2\/product_tag?post=7422"}],"curies":[{"name":"wp","href":"https:\/\/api.w.org\/{rel}","templated":true}]}}