{"id":7366,"date":"2024-10-23T18:25:52","date_gmt":"2024-10-23T16:25:52","guid":{"rendered":"http:\/\/billigtrikots.com\/?post_type=product&#038;p=7366"},"modified":"2024-10-23T18:28:01","modified_gmt":"2024-10-23T16:28:01","slug":"kinder-fussballtrikots-ac-mailand-2022-23-heimtrikot-rot-schwarz-kessie-79","status":"publish","type":"product","link":"https:\/\/www.billigtrikotde.com\/da\/vare\/kinder-fussballtrikots-ac-mailand-2022-23-heimtrikot-rot-schwarz-kessie-79\/","title":{"rendered":"Fodboldtr\u00f8jer til b\u00f8rn AC Milan 2022\/23 Hjemmetr\u00f8je r\u00f8d sort KESSIE 79"},"content":{"rendered":"<p>Oplev den nye Milan 2022\/2023 hjemmebanetr\u00f8je. B\u00e6r dit favoritholds farver med stolthed p\u00e5 banen eller udenfor.<\/p>\n<p>En fleksibel og let tr\u00f8je med Puma DryCELL-teknologi, som forhindrer sved i at tr\u00e6nge ind under kamp eller tr\u00e6ning. Hold dig t\u00f8r efter dine accelerationer.<\/p>\n<p>Forestil dig San Siro-publikummet heppe p\u00e5 dig efter et flot m\u00e5l.<\/p>\n<p>Tr\u00f8jen er inspireret af den tr\u00f8je, som det professionelle hold b\u00e6rer under kampene.<\/p>\n<p>HOLD DIG T\u00d8R UNDER PRES<\/p>\n<p>Den er fremstillet af Puma DryCELL-teknologi og hj\u00e6lper med at absorbere sved. S\u00e5 du holder dig t\u00f8r under dine anstrengelser.<\/p>\n<p>Tips til udskrivning: Hvis navn og nummer p\u00e5 billedet er pr\u00e6cis det, du \u00f8nsker, beh\u00f8ver du ikke at indtaste dem igen. Hvis ikke, skal du indtaste det \u00f8nskede navn og nummer.<\/p>\n<p>Tips til vask: Det anbefales at vaske fodboldtr\u00f8jer i h\u00e5nden. Hvis du vil bruge vaskemaskinen, skal du huske at vende vrangen ud p\u00e5 fodboldtr\u00f8jerne og derefter vaske dem. Fyld maskinen med koldt vand, og brug et sk\u00e5neprogram for bedre at beskytte farverne.<\/p>","protected":false},"excerpt":{"rendered":"<p>Entdecke das neue Milan 2022\/2023 Heimtrikot . Tragen Sie stolz die Farben Ihres Lieblingsteams auf dem Platz oder drau\u00dfen. Ein flexibles und leichtes Trikot mit Puma DryCELL -Technologie, ein Kleidungsst\u00fcck, das das Eindringen von Schwei\u00df w\u00e4hrend Ihres Spiels oder Trainings verhindert. Bleiben Sie nach Ihren Beschleunigungen trocken. Stellen Sie sich vor, die Zuschauer von San [&hellip;]<\/p>","protected":false},"featured_media":7405,"comment_status":"open","ping_status":"closed","template":"","meta":[],"product_brand":[],"product_cat":[92],"product_tag":[25,93,20,21,23,24,94],"class_list":{"0":"post-7366","1":"product","2":"type-product","3":"status-publish","4":"has-post-thumbnail","6":"product_cat-ac-mailand-kindertrikot","7":"product_tag-ac-milan-heimtrikot","8":"product_tag-ac-milan-trikotsatz-fuer-kinder","9":"product_tag-coole-fussballtrikots","10":"product_tag-fussballtrikot-fuer-herren","11":"product_tag-fussballtrikot-kurzarm","12":"product_tag-guenstiges-fussballtrikot","13":"product_tag-kinder-fussball-trikotsatz","15":"first","16":"instock","17":"shipping-taxable","18":"purchasable","19":"product-type-variable"},"_links":{"self":[{"href":"https:\/\/www.billigtrikotde.com\/da\/wp-json\/wp\/v2\/product\/7366","targetHints":{"allow":["GET"]}}],"collection":[{"href":"https:\/\/www.billigtrikotde.com\/da\/wp-json\/wp\/v2\/product"}],"about":[{"href":"https:\/\/www.billigtrikotde.com\/da\/wp-json\/wp\/v2\/types\/product"}],"replies":[{"embeddable":true,"href":"https:\/\/www.billigtrikotde.com\/da\/wp-json\/wp\/v2\/comments?post=7366"}],"wp:featuredmedia":[{"embeddable":true,"href":"https:\/\/www.billigtrikotde.com\/da\/wp-json\/wp\/v2\/media\/7405"}],"wp:attachment":[{"href":"https:\/\/www.billigtrikotde.com\/da\/wp-json\/wp\/v2\/media?parent=7366"}],"wp:term":[{"taxonomy":"product_brand","embeddable":true,"href":"https:\/\/www.billigtrikotde.com\/da\/wp-json\/wp\/v2\/product_brand?post=7366"},{"taxonomy":"product_cat","embeddable":true,"href":"https:\/\/www.billigtrikotde.com\/da\/wp-json\/wp\/v2\/product_cat?post=7366"},{"taxonomy":"product_tag","embeddable":true,"href":"https:\/\/www.billigtrikotde.com\/da\/wp-json\/wp\/v2\/product_tag?post=7366"}],"curies":[{"name":"wp","href":"https:\/\/api.w.org\/{rel}","templated":true}]}}