{"id":7296,"date":"2024-10-23T18:22:30","date_gmt":"2024-10-23T16:22:30","guid":{"rendered":"http:\/\/billigtrikots.com\/?post_type=product&#038;p=7296"},"modified":"2024-10-23T18:24:36","modified_gmt":"2024-10-23T16:24:36","slug":"herren-castore-wolverhampton-wanderers-f-c-2022-23-heimtrikot-gelb-kurzarm-kurze-hosen-diogo-j-18","status":"publish","type":"product","link":"https:\/\/www.billigtrikotde.com\/da\/vare\/herren-castore-wolverhampton-wanderers-f-c-2022-23-heimtrikot-gelb-kurzarm-kurze-hosen-diogo-j-18\/","title":{"rendered":"Castore Wolverhampton Wanderers F.C. 2022-23 Hjemmebanetr\u00f8je Gul Kort\u00e6rmet + Shorts DIOGO J 18 til m\u00e6nd"},"content":{"rendered":"<p>Denne Castore-tr\u00f8je med gammelgule tr\u00f8jer og str\u00f8mper og sorte shorts blev igen omhyggeligt tilpasset den karakteristiske Pantone-farve for klubben. Efter detaljeret farvejustering og farvning blev den \u00e6gte Wolves-guld igen realiseret, mens det matglansende stof p\u00e5 bagsiden efterligner str\u00f8mmen og bev\u00e6gelsen p\u00e5 banen, og nakkeb\u00e5ndet tilf\u00f8jer en mere personlig note.<\/p>\n<p>Tips til udskrivning: Hvis navn og nummer p\u00e5 billedet er pr\u00e6cis det, du \u00f8nsker, beh\u00f8ver du ikke at indtaste dem igen. Hvis ikke, skal du indtaste det \u00f8nskede navn og nummer.<\/p>\n<p>Tips til vask: Det anbefales at vaske fodboldtr\u00f8jer i h\u00e5nden. Hvis du vil bruge vaskemaskinen, skal du huske at vende vrangen ud p\u00e5 fodboldtr\u00f8jerne og derefter vaske dem. Fyld maskinen med koldt vand, og brug et sk\u00e5neprogram for bedre at beskytte farverne.<\/p>","protected":false},"excerpt":{"rendered":"<p>Denne Castore-tr\u00f8je med gammelgule tr\u00f8jer og str\u00f8mper og sorte shorts blev igen omhyggeligt tilpasset den karakteristiske Pantone-farve for klubben. Efter detaljeret farvejustering og farvning blev den \u00e6gte Wolves-guld igen realiseret, mens det matglansende stof p\u00e5 bagsiden efterligner str\u00f8mmen og bev\u00e6gelsen p\u00e5 banen, og nakkeb\u00e5ndet tilf\u00f8jer en mere personlig note.<\/p>","protected":false},"featured_media":7334,"comment_status":"open","ping_status":"closed","template":"","meta":[],"product_brand":[],"product_cat":[69],"product_tag":[20,70,21,22,23,24,71],"class_list":{"0":"post-7296","1":"product","2":"type-product","3":"status-publish","4":"has-post-thumbnail","6":"product_cat-wolverhampton-wanderers","7":"product_tag-coole-fussballtrikots","8":"product_tag-castore-wolves-heimtrikot","9":"product_tag-fussballtrikot-fuer-herren","10":"product_tag-fussballtrikot-guenstig-kaufen","11":"product_tag-fussballtrikot-kurzarm","12":"product_tag-guenstiges-fussballtrikot","13":"product_tag-wolverhampton-wanderers-trikots","15":"first","16":"instock","17":"shipping-taxable","18":"purchasable","19":"product-type-variable"},"_links":{"self":[{"href":"https:\/\/www.billigtrikotde.com\/da\/wp-json\/wp\/v2\/product\/7296","targetHints":{"allow":["GET"]}}],"collection":[{"href":"https:\/\/www.billigtrikotde.com\/da\/wp-json\/wp\/v2\/product"}],"about":[{"href":"https:\/\/www.billigtrikotde.com\/da\/wp-json\/wp\/v2\/types\/product"}],"replies":[{"embeddable":true,"href":"https:\/\/www.billigtrikotde.com\/da\/wp-json\/wp\/v2\/comments?post=7296"}],"wp:featuredmedia":[{"embeddable":true,"href":"https:\/\/www.billigtrikotde.com\/da\/wp-json\/wp\/v2\/media\/7334"}],"wp:attachment":[{"href":"https:\/\/www.billigtrikotde.com\/da\/wp-json\/wp\/v2\/media?parent=7296"}],"wp:term":[{"taxonomy":"product_brand","embeddable":true,"href":"https:\/\/www.billigtrikotde.com\/da\/wp-json\/wp\/v2\/product_brand?post=7296"},{"taxonomy":"product_cat","embeddable":true,"href":"https:\/\/www.billigtrikotde.com\/da\/wp-json\/wp\/v2\/product_cat?post=7296"},{"taxonomy":"product_tag","embeddable":true,"href":"https:\/\/www.billigtrikotde.com\/da\/wp-json\/wp\/v2\/product_tag?post=7296"}],"curies":[{"name":"wp","href":"https:\/\/api.w.org\/{rel}","templated":true}]}}