{"id":7268,"date":"2024-10-23T18:21:16","date_gmt":"2024-10-23T16:21:16","guid":{"rendered":"http:\/\/billigtrikots.com\/?post_type=product&#038;p=7268"},"modified":"2024-10-23T18:23:27","modified_gmt":"2024-10-23T16:23:27","slug":"neues-newcastle-united-22-23-heimtrikot-schwarzen-und-weissen-fuer-herren","status":"publish","type":"product","link":"https:\/\/www.billigtrikotde.com\/da\/vare\/neues-newcastle-united-22-23-heimtrikot-schwarzen-und-weissen-fuer-herren\/","title":{"rendered":"Ny Newcastle United 22-23 hjemmebanetr\u00f8je sort og hvid til m\u00e6nd"},"content":{"rendered":"<p>Castore Newcastle 2022-2023-tr\u00f8jen introducerer et klassisk look med tyndere sorte og hvide striber end i den nuv\u00e6rende s\u00e6son, som forts\u00e6tter ned ad \u00e6rmerne og tilsyneladende p\u00e5 ryggen. Kraven og manchetterne p\u00e5 Castore Newcastle 22-23-hjemmetr\u00f8jen er hvide med en sort linje gennem midten, mens Castore-logoet er bl\u00e5t.<\/p>\n<p>Tips til udskrivning: Hvis navn og nummer p\u00e5 billedet er pr\u00e6cis det, du \u00f8nsker, beh\u00f8ver du ikke at indtaste dem igen. Hvis ikke, skal du indtaste det \u00f8nskede navn og nummer.<\/p>\n<p>Tips til vask: Det anbefales at vaske fodboldtr\u00f8jer i h\u00e5nden. Hvis du vil bruge vaskemaskinen, skal du huske at vende vrangen ud p\u00e5 fodboldtr\u00f8jerne og derefter vaske dem. Fyld maskinen med koldt vand, og brug et sk\u00e5neprogram for bedre at beskytte farverne.<\/p>","protected":false},"excerpt":{"rendered":"<p>Castore Newcastle 2022-2023-tr\u00f8jen introducerer et klassisk look med tyndere sorte og hvide striber end i den nuv\u00e6rende s\u00e6son, som forts\u00e6tter ned ad \u00e6rmerne og tilsyneladende p\u00e5 ryggen. Kraven og manchetterne p\u00e5 Castore Newcastle 22-23-hjemmetr\u00f8jen er hvide med en sort linje gennem midten, mens Castore-logoet er bl\u00e5t.<\/p>","protected":false},"featured_media":7300,"comment_status":"open","ping_status":"closed","template":"","meta":[],"product_brand":[],"product_cat":[313],"product_tag":[20,21,22,23,24,314,315],"class_list":{"0":"post-7268","1":"product","2":"type-product","3":"status-publish","4":"has-post-thumbnail","6":"product_cat-newcastle-united","7":"product_tag-coole-fussballtrikots","8":"product_tag-fussballtrikot-fuer-herren","9":"product_tag-fussballtrikot-guenstig-kaufen","10":"product_tag-fussballtrikot-kurzarm","11":"product_tag-guenstiges-fussballtrikot","12":"product_tag-newcastle-united-22-23-kit","13":"product_tag-newcastle-united-22-23-trikot","15":"first","16":"instock","17":"shipping-taxable","18":"purchasable","19":"product-type-variable"},"_links":{"self":[{"href":"https:\/\/www.billigtrikotde.com\/da\/wp-json\/wp\/v2\/product\/7268","targetHints":{"allow":["GET"]}}],"collection":[{"href":"https:\/\/www.billigtrikotde.com\/da\/wp-json\/wp\/v2\/product"}],"about":[{"href":"https:\/\/www.billigtrikotde.com\/da\/wp-json\/wp\/v2\/types\/product"}],"replies":[{"embeddable":true,"href":"https:\/\/www.billigtrikotde.com\/da\/wp-json\/wp\/v2\/comments?post=7268"}],"wp:featuredmedia":[{"embeddable":true,"href":"https:\/\/www.billigtrikotde.com\/da\/wp-json\/wp\/v2\/media\/7300"}],"wp:attachment":[{"href":"https:\/\/www.billigtrikotde.com\/da\/wp-json\/wp\/v2\/media?parent=7268"}],"wp:term":[{"taxonomy":"product_brand","embeddable":true,"href":"https:\/\/www.billigtrikotde.com\/da\/wp-json\/wp\/v2\/product_brand?post=7268"},{"taxonomy":"product_cat","embeddable":true,"href":"https:\/\/www.billigtrikotde.com\/da\/wp-json\/wp\/v2\/product_cat?post=7268"},{"taxonomy":"product_tag","embeddable":true,"href":"https:\/\/www.billigtrikotde.com\/da\/wp-json\/wp\/v2\/product_tag?post=7268"}],"curies":[{"name":"wp","href":"https:\/\/api.w.org\/{rel}","templated":true}]}}