{"id":7260,"date":"2024-10-23T18:20:42","date_gmt":"2024-10-23T16:20:42","guid":{"rendered":"http:\/\/billigtrikots.com\/?post_type=product&#038;p=7260"},"modified":"2024-10-23T18:22:55","modified_gmt":"2024-10-23T16:22:55","slug":"rb-leipzig-22-23-drittes-auswaertstrikot-schwarz-herren-fussballtrikots-kurzarm-kurze-hosen","status":"publish","type":"product","link":"https:\/\/www.billigtrikotde.com\/da\/vare\/rb-leipzig-22-23-drittes-auswaertstrikot-schwarz-herren-fussballtrikots-kurzarm-kurze-hosen\/","title":{"rendered":"RB Leipzig 22-23 Third Away Kit Sort Fodboldtr\u00f8jer til m\u00e6nd Kort\u00e6rmet + Shorts"},"content":{"rendered":"<p>Nike RB Leipzig 22-23 tredjetr\u00f8jen er hovedsageligt sort med en r\u00f8d grafik foran og nederst p\u00e5 ryggen, og klubbens motto \"You can do anything\" er trykt \u00f8verst p\u00e5 ryggen af Nike RB Leipzig 2022-2023 tredjetr\u00f8jen, direkte over teksten \"RB Leipzig\".<\/p>\n<p>Tips til udskrivning: Hvis navn og nummer p\u00e5 billedet er pr\u00e6cis det, du \u00f8nsker, beh\u00f8ver du ikke at indtaste dem igen. Hvis ikke, skal du indtaste det \u00f8nskede navn og nummer.<\/p>\n<p>Tips til vask: Det anbefales at vaske fodboldtr\u00f8jer i h\u00e5nden. Hvis du vil bruge vaskemaskinen, skal du huske at vende vrangen ud p\u00e5 fodboldtr\u00f8jerne og derefter vaske dem. Fyld maskinen med koldt vand, og brug et sk\u00e5neprogram for bedre at beskytte farverne.<\/p>","protected":false},"excerpt":{"rendered":"<p>Das Nike RB Leipzig 22-23 Drittes Trikot ist haupts\u00e4chlich schwarz mit einer roten Grafik auf der Vorderseite und dem unteren R\u00fccken.Das Vereinsmotto &#8222;Du kannst alles schaffen&#8220; ist auf der oberen R\u00fcckseite des Nike RB Leipzig 2022-2023 dritten Trikots aufgedruckt, direkt \u00fcber dem Text &#8222;RB Leipzig&#8220;. Tipps zum Drucken: Wenn der Name und die Nummer auf [&hellip;]<\/p>","protected":false},"featured_media":7298,"comment_status":"open","ping_status":"closed","template":"","meta":[],"product_brand":[],"product_cat":[185],"product_tag":[20,21,22,23,24,186,312,187],"class_list":{"0":"post-7260","1":"product","2":"type-product","3":"status-publish","4":"has-post-thumbnail","6":"product_cat-rb-leipzig","7":"product_tag-coole-fussballtrikots","8":"product_tag-fussballtrikot-fuer-herren","9":"product_tag-fussballtrikot-guenstig-kaufen","10":"product_tag-fussballtrikot-kurzarm","11":"product_tag-guenstiges-fussballtrikot","12":"product_tag-rb-leipzig-auswaertstrikot","13":"product_tag-rb-leipzig-auswaertstrikot-2022-23","14":"product_tag-rb-leipzig-trikots","16":"first","17":"instock","18":"shipping-taxable","19":"purchasable","20":"product-type-variable"},"_links":{"self":[{"href":"https:\/\/www.billigtrikotde.com\/da\/wp-json\/wp\/v2\/product\/7260","targetHints":{"allow":["GET"]}}],"collection":[{"href":"https:\/\/www.billigtrikotde.com\/da\/wp-json\/wp\/v2\/product"}],"about":[{"href":"https:\/\/www.billigtrikotde.com\/da\/wp-json\/wp\/v2\/types\/product"}],"replies":[{"embeddable":true,"href":"https:\/\/www.billigtrikotde.com\/da\/wp-json\/wp\/v2\/comments?post=7260"}],"wp:featuredmedia":[{"embeddable":true,"href":"https:\/\/www.billigtrikotde.com\/da\/wp-json\/wp\/v2\/media\/7298"}],"wp:attachment":[{"href":"https:\/\/www.billigtrikotde.com\/da\/wp-json\/wp\/v2\/media?parent=7260"}],"wp:term":[{"taxonomy":"product_brand","embeddable":true,"href":"https:\/\/www.billigtrikotde.com\/da\/wp-json\/wp\/v2\/product_brand?post=7260"},{"taxonomy":"product_cat","embeddable":true,"href":"https:\/\/www.billigtrikotde.com\/da\/wp-json\/wp\/v2\/product_cat?post=7260"},{"taxonomy":"product_tag","embeddable":true,"href":"https:\/\/www.billigtrikotde.com\/da\/wp-json\/wp\/v2\/product_tag?post=7260"}],"curies":[{"name":"wp","href":"https:\/\/api.w.org\/{rel}","templated":true}]}}