{"id":7224,"date":"2024-10-23T18:19:01","date_gmt":"2024-10-23T16:19:01","guid":{"rendered":"http:\/\/billigtrikots.com\/?post_type=product&#038;p=7224"},"modified":"2024-10-23T18:21:08","modified_gmt":"2024-10-23T16:21:08","slug":"neues-kinder-chelsea-fc-2022-23-heimtrikot-blau-trikotsatz-mit-aufdruck-werner-11","status":"publish","type":"product","link":"https:\/\/www.billigtrikotde.com\/da\/vare\/neues-kinder-chelsea-fc-2022-23-heimtrikot-blau-trikotsatz-mit-aufdruck-werner-11\/","title":{"rendered":"Nye b\u00f8rn Chelsea FC 2022\/23 hjemmebanetr\u00f8je bl\u00e5 tr\u00f8je med tryk WERNER 11"},"content":{"rendered":"<p>Som andre tr\u00f8jer fra vores Stadium-kollektion kombinerer denne tr\u00f8je efterlignede designdetaljer med svedtransporterende teknologi for at give dig et kampklart look, der er inspireret af dit yndlingsteam. Dette produkt best\u00e5r til 100 % af genanvendte polyesterfibre.<br \/>\nTr\u00f8jen er i den karakteristiske hjemmebl\u00e5 farve for det seksdobbelte vinder af den engelske Premier League og den to gange vinder af UEFA Champions League. Det er en hyldest til den legendariske manager for Chelsea FC, Ted Drake. Det inkluderer CFCs kaldenavn \u201eThe Blues\u201c p\u00e5 detaljerne p\u00e5 skjorteknappen. Drake introducerede kaldenavnet i stedet for klubbens tidligere uformelle navn \u201eThe Pensioners\u201c. Chelseas herrehold vil debutere deres hjemmebanetr\u00f8je for s\u00e6sonen 22\/23 under deres kommende tour i USA. Blues m\u00f8der Club America, Charlotte FC og Arsenal, mens de forbereder sig p\u00e5 deres f\u00f8rste s\u00e6son under amerikansk ledelse.<\/p>\n<p>Tips til udskrivning: Hvis navn og nummer p\u00e5 billedet er pr\u00e6cis det, du \u00f8nsker, beh\u00f8ver du ikke at indtaste dem igen. Hvis ikke, skal du indtaste det \u00f8nskede navn og nummer.<\/p>\n<p>Tips til vask: Det anbefales at vaske fodboldtr\u00f8jer i h\u00e5nden. Hvis du vil bruge vaskemaskinen, skal du huske at vende vrangen ud p\u00e5 fodboldtr\u00f8jerne og derefter vaske dem. Fyld maskinen med koldt vand, og brug et sk\u00e5neprogram for bedre at beskytte farverne.<\/p>","protected":false},"excerpt":{"rendered":"<p>Som andre tr\u00f8jer fra vores Stadium-kollektion kombinerer denne tr\u00f8je ogs\u00e5 gengivne designdetaljer med svedafledende teknologi for at give dig et kampklar look, der er inspireret af dit yndlingshold. Dette produkt best\u00e5r til 100 % af genanvendte polyesterfibre. Tr\u00f8jen er i den karakteristiske hjemmebl\u00e5 farve for den seks gange vindende engelske Premier League og den to gange vindende af [\u2026]<\/p>","protected":false},"featured_media":7262,"comment_status":"open","ping_status":"closed","template":"","meta":[],"product_brand":[],"product_cat":[162],"product_tag":[20,311,164,73,163,21,22,23,24,94],"class_list":{"0":"post-7224","1":"product","2":"type-product","3":"status-publish","4":"has-post-thumbnail","6":"product_cat-chelsea-kindertrikot","7":"product_tag-coole-fussballtrikots","8":"product_tag-chelsea-fc-2022-23-kinder-trikot","9":"product_tag-chelsea-heimtrikot","10":"product_tag-chelsea-trikots","11":"product_tag-chelsea-trikotsatz-fuer-kinder","12":"product_tag-fussballtrikot-fuer-herren","13":"product_tag-fussballtrikot-guenstig-kaufen","14":"product_tag-fussballtrikot-kurzarm","15":"product_tag-guenstiges-fussballtrikot","16":"product_tag-kinder-fussball-trikotsatz","18":"first","19":"instock","20":"shipping-taxable","21":"purchasable","22":"product-type-variable"},"_links":{"self":[{"href":"https:\/\/www.billigtrikotde.com\/da\/wp-json\/wp\/v2\/product\/7224","targetHints":{"allow":["GET"]}}],"collection":[{"href":"https:\/\/www.billigtrikotde.com\/da\/wp-json\/wp\/v2\/product"}],"about":[{"href":"https:\/\/www.billigtrikotde.com\/da\/wp-json\/wp\/v2\/types\/product"}],"replies":[{"embeddable":true,"href":"https:\/\/www.billigtrikotde.com\/da\/wp-json\/wp\/v2\/comments?post=7224"}],"wp:featuredmedia":[{"embeddable":true,"href":"https:\/\/www.billigtrikotde.com\/da\/wp-json\/wp\/v2\/media\/7262"}],"wp:attachment":[{"href":"https:\/\/www.billigtrikotde.com\/da\/wp-json\/wp\/v2\/media?parent=7224"}],"wp:term":[{"taxonomy":"product_brand","embeddable":true,"href":"https:\/\/www.billigtrikotde.com\/da\/wp-json\/wp\/v2\/product_brand?post=7224"},{"taxonomy":"product_cat","embeddable":true,"href":"https:\/\/www.billigtrikotde.com\/da\/wp-json\/wp\/v2\/product_cat?post=7224"},{"taxonomy":"product_tag","embeddable":true,"href":"https:\/\/www.billigtrikotde.com\/da\/wp-json\/wp\/v2\/product_tag?post=7224"}],"curies":[{"name":"wp","href":"https:\/\/api.w.org\/{rel}","templated":true}]}}