{"id":7170,"date":"2024-10-23T18:16:46","date_gmt":"2024-10-23T16:16:46","guid":{"rendered":"http:\/\/billigtrikots.com\/?post_type=product&#038;p=7170"},"modified":"2024-10-23T18:18:19","modified_gmt":"2024-10-23T16:18:19","slug":"neues-herren-chelsea-fc-22-23-heimtrikot-blau-kurzarm-kurze-hosen-mount-19","status":"publish","type":"product","link":"https:\/\/www.billigtrikotde.com\/da\/vare\/neues-herren-chelsea-fc-22-23-heimtrikot-blau-kurzarm-kurze-hosen-mount-19\/","title":{"rendered":"Ny Chelsea FC 22-23 Hjemmebanetr\u00f8je Bl\u00e5 Kort\u00e6rmet + Shorts MOUNT 19 til Herre"},"content":{"rendered":"<p>Nike Chelsea 22-23-tr\u00f8jen blev officielt pr\u00e6senteret i morges. Hovedtr\u00e6kket ved den nye Chelsea-hjemmetr\u00f8je er den hvide krave med turkis kant. Dette er den nye Nike Chelsea-tr\u00f8je for 2022-23. I mods\u00e6tning til Chelsea 21-22-tr\u00f8jen er Nike Chelsea FC 2022-23-tr\u00f8jen helt bl\u00e5 med en hvid\/turkisfarvet Henley-krave. P\u00e5 den hvide halsudsk\u00e6ring er et turkis l\u00f8vem\u00f8nster at se. Det samme m\u00f8nster findes ogs\u00e5 p\u00e5 Chelsea 22-23 Pre-Match-toppen samt p\u00e5 andre dele af kollektionen.<\/p>\n<p>Tips til udskrivning: Hvis navn og nummer p\u00e5 billedet er pr\u00e6cis det, du \u00f8nsker, beh\u00f8ver du ikke at indtaste dem igen. Hvis ikke, skal du indtaste det \u00f8nskede navn og nummer.<\/p>\n<p>Tips til vask: Det anbefales at vaske fodboldtr\u00f8jer i h\u00e5nden. Hvis du vil bruge vaskemaskinen, skal du huske at vende vrangen ud p\u00e5 fodboldtr\u00f8jerne og derefter vaske dem. Fyld maskinen med koldt vand, og brug et sk\u00e5neprogram for bedre at beskytte farverne.<\/p>","protected":false},"excerpt":{"rendered":"<p>Das Nike Chelsea 22-23 Trikot wurde heute Morgen offiziell vorgestellt. Das Hauptmerkmal des neuen Chelsea-Heimtrikots ist der wei\u00dfe Kragen mit t\u00fcrkisfarbener Zierleiste.Dies ist das neue Nike Chelsea Trikot f\u00fcr 2022-23.Im Gegensatz zum Chelsea 21-22 Trikot ist das Nike Chelsea FC 2022-23 Trikot komplett blau mit einem wei\u00df\/t\u00fcrkisfarbenen Henley-Ausschnitt.Auf dem wei\u00dfen Halsausschnitt ist ein t\u00fcrkisfarbenes L\u00f6wenmuster [&hellip;]<\/p>","protected":false},"featured_media":7203,"comment_status":"open","ping_status":"closed","template":"","meta":[],"product_brand":[],"product_cat":[72],"product_tag":[20,308,309,310,73,21,24],"class_list":{"0":"post-7170","1":"product","2":"type-product","3":"status-publish","4":"has-post-thumbnail","6":"product_cat-chelsea","7":"product_tag-coole-fussballtrikots","8":"product_tag-chelsea-fc-22-23-trikot-deutschland","9":"product_tag-chelsea-fc-22-23-trikot-guenstig","10":"product_tag-chelsea-fc-22-23-trikot-kaufen","11":"product_tag-chelsea-trikots","12":"product_tag-fussballtrikot-fuer-herren","13":"product_tag-guenstiges-fussballtrikot","15":"first","16":"instock","17":"shipping-taxable","18":"purchasable","19":"product-type-variable"},"_links":{"self":[{"href":"https:\/\/www.billigtrikotde.com\/da\/wp-json\/wp\/v2\/product\/7170","targetHints":{"allow":["GET"]}}],"collection":[{"href":"https:\/\/www.billigtrikotde.com\/da\/wp-json\/wp\/v2\/product"}],"about":[{"href":"https:\/\/www.billigtrikotde.com\/da\/wp-json\/wp\/v2\/types\/product"}],"replies":[{"embeddable":true,"href":"https:\/\/www.billigtrikotde.com\/da\/wp-json\/wp\/v2\/comments?post=7170"}],"wp:featuredmedia":[{"embeddable":true,"href":"https:\/\/www.billigtrikotde.com\/da\/wp-json\/wp\/v2\/media\/7203"}],"wp:attachment":[{"href":"https:\/\/www.billigtrikotde.com\/da\/wp-json\/wp\/v2\/media?parent=7170"}],"wp:term":[{"taxonomy":"product_brand","embeddable":true,"href":"https:\/\/www.billigtrikotde.com\/da\/wp-json\/wp\/v2\/product_brand?post=7170"},{"taxonomy":"product_cat","embeddable":true,"href":"https:\/\/www.billigtrikotde.com\/da\/wp-json\/wp\/v2\/product_cat?post=7170"},{"taxonomy":"product_tag","embeddable":true,"href":"https:\/\/www.billigtrikotde.com\/da\/wp-json\/wp\/v2\/product_tag?post=7170"}],"curies":[{"name":"wp","href":"https:\/\/api.w.org\/{rel}","templated":true}]}}