{"id":7160,"date":"2024-10-23T18:16:12","date_gmt":"2024-10-23T16:16:12","guid":{"rendered":"http:\/\/billigtrikots.com\/?post_type=product&#038;p=7160"},"modified":"2024-10-23T18:18:18","modified_gmt":"2024-10-23T16:18:18","slug":"senegal-heimtrikot-home-wm-2022-weiss-fuer-herren","status":"publish","type":"product","link":"https:\/\/www.billigtrikotde.com\/da\/vare\/senegal-heimtrikot-home-wm-2022-weiss-fuer-herren\/","title":{"rendered":"Senegal Home Jersey Home World Cup 2022 Hvid til Herre"},"content":{"rendered":"<p>Vis tilh\u00f8rsforholdet til dit hold gennem den svedafledende model i hvid. PUMA-sportstoppen giver \u00e6gte begejstring. Hjemmets sportstop, som spillerne b\u00e6rer ved VM, skaber fuld begejstring hos \u00e6gte Senegal-fans. Vi anbefaler denne \u00e5ndbare, svedafledende, lette og super komfortable model med behagelig b\u00e6remode. Den imponerer visuelt med et forbundslogo p\u00e5 brystet. Med denne tr\u00e6ningst-shirt er du fuldt udstyret til hver tr\u00e6ning.<\/p>\n<p>Tips til udskrivning: Hvis navn og nummer p\u00e5 billedet er pr\u00e6cis det, du \u00f8nsker, beh\u00f8ver du ikke at indtaste dem igen. Hvis ikke, skal du indtaste det \u00f8nskede navn og nummer.<\/p>\n<p>Tips til vask: Det anbefales at vaske fodboldtr\u00f8jer i h\u00e5nden. Hvis du vil bruge vaskemaskinen, skal du huske at vende vrangen ud p\u00e5 fodboldtr\u00f8jerne og derefter vaske dem. Fyld maskinen med koldt vand, og brug et sk\u00e5neprogram for bedre at beskytte farverne.<\/p>","protected":false},"excerpt":{"rendered":"<p>Zeige deine Zugeh\u00f6rigkeit zu deinem Team durch das schwei\u00dfableitende Modell in Wei\u00df. Das PUMA Sporttop sorgt f\u00fcr wahrhaftige Begeisterung. Das Heim-Sporttop, wie es die Spieler bei der Weltmeisterschaft tragen, sorgt bei echten Senegal-Anh\u00e4ngern f\u00fcr absolute Begeisterung. Wir empfehlen dieses atmungsaktive, schwei\u00dfableitende, leichte und super bequeme Modell mit dem angenehmen Tragegef\u00fchl. Es besticht optisch mit einem [&hellip;]<\/p>","protected":false},"featured_media":7192,"comment_status":"open","ping_status":"closed","template":"","meta":[],"product_brand":[],"product_cat":[15],"product_tag":[305,306,307],"class_list":{"0":"post-7160","1":"product","2":"type-product","3":"status-publish","4":"has-post-thumbnail","6":"product_cat-unkategorisiert","7":"product_tag-senegal-heimtrikot-home-wm-2022","8":"product_tag-senegal-trikot","9":"product_tag-senegal-trikot-fuer-herren","11":"first","12":"instock","13":"shipping-taxable","14":"purchasable","15":"product-type-variable"},"_links":{"self":[{"href":"https:\/\/www.billigtrikotde.com\/da\/wp-json\/wp\/v2\/product\/7160","targetHints":{"allow":["GET"]}}],"collection":[{"href":"https:\/\/www.billigtrikotde.com\/da\/wp-json\/wp\/v2\/product"}],"about":[{"href":"https:\/\/www.billigtrikotde.com\/da\/wp-json\/wp\/v2\/types\/product"}],"replies":[{"embeddable":true,"href":"https:\/\/www.billigtrikotde.com\/da\/wp-json\/wp\/v2\/comments?post=7160"}],"wp:featuredmedia":[{"embeddable":true,"href":"https:\/\/www.billigtrikotde.com\/da\/wp-json\/wp\/v2\/media\/7192"}],"wp:attachment":[{"href":"https:\/\/www.billigtrikotde.com\/da\/wp-json\/wp\/v2\/media?parent=7160"}],"wp:term":[{"taxonomy":"product_brand","embeddable":true,"href":"https:\/\/www.billigtrikotde.com\/da\/wp-json\/wp\/v2\/product_brand?post=7160"},{"taxonomy":"product_cat","embeddable":true,"href":"https:\/\/www.billigtrikotde.com\/da\/wp-json\/wp\/v2\/product_cat?post=7160"},{"taxonomy":"product_tag","embeddable":true,"href":"https:\/\/www.billigtrikotde.com\/da\/wp-json\/wp\/v2\/product_tag?post=7160"}],"curies":[{"name":"wp","href":"https:\/\/api.w.org\/{rel}","templated":true}]}}