{"id":7152,"date":"2024-10-23T18:15:41","date_gmt":"2024-10-23T16:15:41","guid":{"rendered":"http:\/\/billigtrikots.com\/?post_type=product&#038;p=7152"},"modified":"2024-11-18T15:39:12","modified_gmt":"2024-11-18T14:39:12","slug":"promes-11-ajax-amsterdam-trikot-bob-marley-2020-2021-blau-fussballtrikot-fuer-herren","status":"publish","type":"product","link":"https:\/\/www.billigtrikotde.com\/da\/vare\/promes-11-ajax-amsterdam-trikot-bob-marley-2020-2021-blau-fussballtrikot-fuer-herren\/","title":{"rendered":"PROMES 11 Ajax Amsterdam Jersey Bob Marley 2020-2021 bl\u00e5 fodboldtr\u00f8je til m\u00e6nd"},"content":{"rendered":"<p>Det nye retroinspirerede design ser ud til at falde i god jord hos fansene. Bl\u00e5 ternede m\u00f8nstre pryder tr\u00f8jen, som er skraveret i en lysere bl\u00e5.<\/p>\n<p>Tips til udskrivning: Hvis navn og nummer p\u00e5 billedet er pr\u00e6cis det, du \u00f8nsker, beh\u00f8ver du ikke at indtaste dem igen. Hvis ikke, skal du indtaste det \u00f8nskede navn og nummer.<\/p>\n<p>Tips til vask: Det anbefales at vaske fodboldtr\u00f8jer i h\u00e5nden. Hvis du vil bruge vaskemaskinen, skal du huske at vende vrangen ud p\u00e5 fodboldtr\u00f8jerne og derefter vaske dem. Fyld maskinen med koldt vand, og brug et sk\u00e5neprogram for bedre at beskytte farverne.<\/p>","protected":false},"excerpt":{"rendered":"<p>Det nye retro-inspirerede design ser ud til at blive godt modtaget af fansene. Bl\u00e5 tern m\u00f8nstre pryder tr\u00f8jen, kastet i en lysere bl\u00e5. Tryktips: Hvis navn og nummer p\u00e5 billedet pr\u00e6cis svarer til dine \u00f8nsker, beh\u00f8ver du ikke indtaste dem igen. Hvis ikke b\u00f8r du indtaste dit \u00f8nskede navn og dit nummer [\u2026]<\/p>","protected":false},"featured_media":7190,"comment_status":"open","ping_status":"closed","template":"","meta":[],"product_brand":[],"product_cat":[299],"product_tag":[1372,300,301,20,21,22,23,24],"class_list":{"0":"post-7152","1":"product","2":"type-product","3":"status-publish","4":"has-post-thumbnail","6":"product_cat-afc-ajax","7":"product_tag-ajax-amsterdam-trikot","8":"product_tag-ajax-auswaertstrikot","9":"product_tag-ajax-trikots","10":"product_tag-coole-fussballtrikots","11":"product_tag-fussballtrikot-fuer-herren","12":"product_tag-fussballtrikot-guenstig-kaufen","13":"product_tag-fussballtrikot-kurzarm","14":"product_tag-guenstiges-fussballtrikot","16":"first","17":"instock","18":"shipping-taxable","19":"purchasable","20":"product-type-variable"},"_links":{"self":[{"href":"https:\/\/www.billigtrikotde.com\/da\/wp-json\/wp\/v2\/product\/7152","targetHints":{"allow":["GET"]}}],"collection":[{"href":"https:\/\/www.billigtrikotde.com\/da\/wp-json\/wp\/v2\/product"}],"about":[{"href":"https:\/\/www.billigtrikotde.com\/da\/wp-json\/wp\/v2\/types\/product"}],"replies":[{"embeddable":true,"href":"https:\/\/www.billigtrikotde.com\/da\/wp-json\/wp\/v2\/comments?post=7152"}],"wp:featuredmedia":[{"embeddable":true,"href":"https:\/\/www.billigtrikotde.com\/da\/wp-json\/wp\/v2\/media\/7190"}],"wp:attachment":[{"href":"https:\/\/www.billigtrikotde.com\/da\/wp-json\/wp\/v2\/media?parent=7152"}],"wp:term":[{"taxonomy":"product_brand","embeddable":true,"href":"https:\/\/www.billigtrikotde.com\/da\/wp-json\/wp\/v2\/product_brand?post=7152"},{"taxonomy":"product_cat","embeddable":true,"href":"https:\/\/www.billigtrikotde.com\/da\/wp-json\/wp\/v2\/product_cat?post=7152"},{"taxonomy":"product_tag","embeddable":true,"href":"https:\/\/www.billigtrikotde.com\/da\/wp-json\/wp\/v2\/product_tag?post=7152"}],"curies":[{"name":"wp","href":"https:\/\/api.w.org\/{rel}","templated":true}]}}