{"id":7052,"date":"2024-10-23T18:11:11","date_gmt":"2024-10-23T16:11:11","guid":{"rendered":"http:\/\/billigtrikots.com\/?post_type=product&#038;p=7052"},"modified":"2024-10-23T18:13:16","modified_gmt":"2024-10-23T16:13:16","slug":"neuen-inter-mailand-22-23-auswaertstrikot-in-tuerkis-und-weiss-guenstige-fussball-trikotsatz","status":"publish","type":"product","link":"https:\/\/www.billigtrikotde.com\/da\/vare\/neuen-inter-mailand-22-23-auswaertstrikot-in-tuerkis-und-weiss-guenstige-fussball-trikotsatz\/","title":{"rendered":"Nye Inter Milan 22-23 udebanetr\u00f8je i Turkis og Hvid Billige fodboldtr\u00f8jes\u00e6t"},"content":{"rendered":"<p>Das Nike Inter 22-23 Ausw\u00e4rtstrikot kombiniert ein wei\u00dfes Grundmaterial mit &#8222;Light Aqua&#8220; f\u00fcr eine All-Over-Grafik und Schwarz f\u00fcr die Marken- und Sponsorenlogos.Dazu geh\u00f6rt auch das Inter-Wappen, das in T\u00fcrkis und Wei\u00df mit schwarzer Umrandung neu eingef\u00e4rbt wurde, passend zum Farbschema des gesamten Trikots.<\/p>\n<p>Det mest i\u00f8jnefaldende ved det nye Inter 22-udebanes\u00e6t er helt sikkert grafikken, som ved n\u00e6rmere eftersyn viser et verdenskort med Italien og Milano direkte under klubv\u00e5benet. Dette er et nik til Inters historie som en klub, der altid har budt b\u00e5de italienere og udenlandske spillere velkommen uden begr\u00e6nsninger, og Inter 22-23-udebanes\u00e6ttet vil v\u00e6re tilg\u00e6ngeligt fra begyndelsen af september 2022.<\/p>\n<p>Das Nike Inter 22-23 Ausw\u00e4rtstrikot kombiniert eine wei\u00dfe Grundlage mit &#8222;Light Aqua&#8220; f\u00fcr eine durchgehende Grafik und Schwarz f\u00fcr die Marken- und Sponsorenlogos.<\/p>\n<p>Tips til udskrivning: Hvis navn og nummer p\u00e5 billedet er pr\u00e6cis det, du \u00f8nsker, beh\u00f8ver du ikke at indtaste dem igen. Hvis ikke, skal du indtaste det \u00f8nskede navn og nummer.<\/p>\n<p>Tips til vask: Det anbefales at vaske fodboldtr\u00f8jer i h\u00e5nden. Hvis du vil bruge vaskemaskinen, skal du huske at vende vrangen ud p\u00e5 fodboldtr\u00f8jerne og derefter vaske dem. Fyld maskinen med koldt vand, og brug et sk\u00e5neprogram for bedre at beskytte farverne.<\/p>","protected":false},"excerpt":{"rendered":"<p>Nike Inter 22-23 udebanetr\u00f8je kombinerer en hvid grundmateriale med \u201eLight Aqua\u201c til en all-over grafik og sort til m\u00e6rke- og sponsorl\u00f8g. Derudover er Inter-logoet, der er blevet genfarvet i turkis og hvid med sort omrids, ogs\u00e5 inkluderet, hvilket matcher farveskemaet for hele tr\u00f8jen. Det mest i\u00f8jnefaldende tr\u00e6k ved den nye Inter 22-23 udebanetr\u00f8je er helt sikkert grafikken, der [\u2026]<\/p>","protected":false},"featured_media":7084,"comment_status":"open","ping_status":"closed","template":"","meta":[],"product_brand":[],"product_cat":[77],"product_tag":[20,21,22,23,24,298,78],"class_list":{"0":"post-7052","1":"product","2":"type-product","3":"status-publish","4":"has-post-thumbnail","6":"product_cat-inter-milan","7":"product_tag-coole-fussballtrikots","8":"product_tag-fussballtrikot-fuer-herren","9":"product_tag-fussballtrikot-guenstig-kaufen","10":"product_tag-fussballtrikot-kurzarm","11":"product_tag-guenstiges-fussballtrikot","12":"product_tag-inter-mailand-22-23-auswaertstrikot","13":"product_tag-inter-milan-trikots","15":"first","16":"instock","17":"shipping-taxable","18":"purchasable","19":"product-type-variable"},"_links":{"self":[{"href":"https:\/\/www.billigtrikotde.com\/da\/wp-json\/wp\/v2\/product\/7052","targetHints":{"allow":["GET"]}}],"collection":[{"href":"https:\/\/www.billigtrikotde.com\/da\/wp-json\/wp\/v2\/product"}],"about":[{"href":"https:\/\/www.billigtrikotde.com\/da\/wp-json\/wp\/v2\/types\/product"}],"replies":[{"embeddable":true,"href":"https:\/\/www.billigtrikotde.com\/da\/wp-json\/wp\/v2\/comments?post=7052"}],"wp:featuredmedia":[{"embeddable":true,"href":"https:\/\/www.billigtrikotde.com\/da\/wp-json\/wp\/v2\/media\/7084"}],"wp:attachment":[{"href":"https:\/\/www.billigtrikotde.com\/da\/wp-json\/wp\/v2\/media?parent=7052"}],"wp:term":[{"taxonomy":"product_brand","embeddable":true,"href":"https:\/\/www.billigtrikotde.com\/da\/wp-json\/wp\/v2\/product_brand?post=7052"},{"taxonomy":"product_cat","embeddable":true,"href":"https:\/\/www.billigtrikotde.com\/da\/wp-json\/wp\/v2\/product_cat?post=7052"},{"taxonomy":"product_tag","embeddable":true,"href":"https:\/\/www.billigtrikotde.com\/da\/wp-json\/wp\/v2\/product_tag?post=7052"}],"curies":[{"name":"wp","href":"https:\/\/api.w.org\/{rel}","templated":true}]}}