{"id":7026,"date":"2024-10-23T18:10:03","date_gmt":"2024-10-23T16:10:03","guid":{"rendered":"http:\/\/billigtrikots.com\/?post_type=product&#038;p=7026"},"modified":"2024-10-23T18:11:38","modified_gmt":"2024-10-23T16:11:38","slug":"herren-inter-mailand-2022-2023-heimtrikot-blau-trikotsatz-online-bestellen-mit-aufdruck-alexis-7","status":"publish","type":"product","link":"https:\/\/www.billigtrikotde.com\/da\/vare\/herren-inter-mailand-2022-2023-heimtrikot-blau-trikotsatz-online-bestellen-mit-aufdruck-alexis-7\/","title":{"rendered":"Herre Inter Milan 2022-2023 hjemme-tr\u00f8je bl\u00e5 Tr\u00f8jes\u00e6t Online Bestil med tryk ALEXIS 7"},"content":{"rendered":"<p>P\u00e5 den nye Nike Inter Milan-tr\u00f8je 2022-2023 er det officielle m\u00e6rke for Coppa Italia-vinderen, coccardaen, us\u00e6dvanligt placeret. I Italien har vinderen af den nationale pokal (Coppa Italia) ret til at b\u00e6re \u201eCoccarda\u201c i den n\u00e6ste s\u00e6son. Coccardaen (Rosetten) er et rundt m\u00e6rke i Italiens ber\u00f8mte trikolore. Coccardaen er placeret \u00f8verst til h\u00f8jre. Den er dog ikke symmetrisk over Swoosh, men forskudt. S\u00e6sonen for den sk\u00e6ve placering er sandsynligvis skabelonen med rullekraven. Vi har foretaget to rettelser til placeringen af coccardaen. En symmetrisk over Swoosh, den anden i midten.<br \/>\nI de officielle udstyrsregler for Serie A er placeringen af coccardaen og Scudetto (m\u00e6rket for Serie A-vinderen) ikke fastlagt. Holdene m\u00e5 placere begge hvor som helst p\u00e5 tr\u00f8jen, ogs\u00e5 i midten. Inter har muligvis valgt ikke at placere coccardaen i midten for at undg\u00e5 forvekslinger med Scudettoen (m\u00e6rket for Serie A-vinderen), som traditionelt placeres i midten. I de \u00e5r, hvor Juventus har vundet b\u00e5de Serie A og Coppa Italia, blev et m\u00e6rke placeret over Adidas-logoet, og det andet over v\u00e5benskjoldet.<\/p>\n<p>Tips til udskrivning: Hvis navn og nummer p\u00e5 billedet er pr\u00e6cis det, du \u00f8nsker, beh\u00f8ver du ikke at indtaste dem igen. Hvis ikke, skal du indtaste det \u00f8nskede navn og nummer.<\/p>\n<p>Tips til vask: Det anbefales at vaske fodboldtr\u00f8jer i h\u00e5nden. Hvis du vil bruge vaskemaskinen, skal du huske at vende vrangen ud p\u00e5 fodboldtr\u00f8jerne og derefter vaske dem. Fyld maskinen med koldt vand, og brug et sk\u00e5neprogram for bedre at beskytte farverne.<\/p>","protected":false},"excerpt":{"rendered":"<p>P\u00e5 den nye Nike Inter Mailand Tr\u00f8je 2022-2023 er det officielle emblem for Coppa Italia-vinderen, Coccarda, us\u00e6dvanligt placeret. I Italien har vinderen af den nationale pokal (Coppa Italia) ret til at b\u00e6re \u201eCoccarda\u201c i den n\u00e6ste s\u00e6son. Coccarda (Rosette) er et rundt m\u00e6rke i Italiens ber\u00f8mte trikolore. Coccarda er placeret \u00f8verst til h\u00f8jre. Dog er [...]<\/p>","protected":false},"featured_media":7059,"comment_status":"open","ping_status":"closed","template":"","meta":[],"product_brand":[],"product_cat":[77],"product_tag":[20,21,22,23,24,297,78],"class_list":{"0":"post-7026","1":"product","2":"type-product","3":"status-publish","4":"has-post-thumbnail","6":"product_cat-inter-milan","7":"product_tag-coole-fussballtrikots","8":"product_tag-fussballtrikot-fuer-herren","9":"product_tag-fussballtrikot-guenstig-kaufen","10":"product_tag-fussballtrikot-kurzarm","11":"product_tag-guenstiges-fussballtrikot","12":"product_tag-inter-mailand-heimtrikot","13":"product_tag-inter-milan-trikots","15":"first","16":"instock","17":"shipping-taxable","18":"purchasable","19":"product-type-variable"},"_links":{"self":[{"href":"https:\/\/www.billigtrikotde.com\/da\/wp-json\/wp\/v2\/product\/7026","targetHints":{"allow":["GET"]}}],"collection":[{"href":"https:\/\/www.billigtrikotde.com\/da\/wp-json\/wp\/v2\/product"}],"about":[{"href":"https:\/\/www.billigtrikotde.com\/da\/wp-json\/wp\/v2\/types\/product"}],"replies":[{"embeddable":true,"href":"https:\/\/www.billigtrikotde.com\/da\/wp-json\/wp\/v2\/comments?post=7026"}],"wp:featuredmedia":[{"embeddable":true,"href":"https:\/\/www.billigtrikotde.com\/da\/wp-json\/wp\/v2\/media\/7059"}],"wp:attachment":[{"href":"https:\/\/www.billigtrikotde.com\/da\/wp-json\/wp\/v2\/media?parent=7026"}],"wp:term":[{"taxonomy":"product_brand","embeddable":true,"href":"https:\/\/www.billigtrikotde.com\/da\/wp-json\/wp\/v2\/product_brand?post=7026"},{"taxonomy":"product_cat","embeddable":true,"href":"https:\/\/www.billigtrikotde.com\/da\/wp-json\/wp\/v2\/product_cat?post=7026"},{"taxonomy":"product_tag","embeddable":true,"href":"https:\/\/www.billigtrikotde.com\/da\/wp-json\/wp\/v2\/product_tag?post=7026"}],"curies":[{"name":"wp","href":"https:\/\/api.w.org\/{rel}","templated":true}]}}