{"id":6882,"date":"2024-10-23T18:03:14","date_gmt":"2024-10-23T16:03:14","guid":{"rendered":"http:\/\/billigtrikots.com\/?post_type=product&#038;p=6882"},"modified":"2024-10-23T18:04:52","modified_gmt":"2024-10-23T16:04:52","slug":"herren-ac-milan-heimtrikot-2022-23-schwarz-rot-trikotsatz-mit-aufdruck-tonali-8","status":"publish","type":"product","link":"https:\/\/www.billigtrikotde.com\/da\/vare\/herren-ac-milan-heimtrikot-2022-23-schwarz-rot-trikotsatz-mit-aufdruck-tonali-8\/","title":{"rendered":"Herre AC Milan hjemmebanetr\u00f8je 2022\/23 Sort R\u00f8d tr\u00f8jes\u00e6t med tryk TONALI 8"},"content":{"rendered":"<p>Puma Milan 2022-23 fodboldtr\u00f8je kombinerer Puma Sort og Tango R\u00f8d. Dette er de samme farver som i sidste s\u00e6son, blot er sort nu prim\u00e6rfarven, og r\u00f8d er sekund\u00e6rfarven.<\/p>\n<p>Tips til udskrivning: Hvis navn og nummer p\u00e5 billedet er pr\u00e6cis det, du \u00f8nsker, beh\u00f8ver du ikke at indtaste dem igen. Hvis ikke, skal du indtaste det \u00f8nskede navn og nummer.<\/p>\n<p>Tips til vask: Det anbefales at vaske fodboldtr\u00f8jer i h\u00e5nden. Hvis du vil bruge vaskemaskinen, skal du huske at vende vrangen ud p\u00e5 fodboldtr\u00f8jerne og derefter vaske dem. Fyld maskinen med koldt vand, og brug et sk\u00e5neprogram for bedre at beskytte farverne.<\/p>","protected":false},"excerpt":{"rendered":"<p>Puma Milan 2022-23 fodboldtr\u00f8je kombinerer Puma Sort og Tango R\u00f8d. Dette er de samme farver som i sidste s\u00e6son, blot er sort nu prim\u00e6rfarven, og r\u00f8d er sekund\u00e6rfarven. Tips til print: Hvis navnet og nummeret p\u00e5 billedet pr\u00e6cis matcher dine \u00f8nsker, beh\u00f8ver du ikke indtaste dem igen. Hvis [\u2026]<\/p>","protected":false},"featured_media":6915,"comment_status":"open","ping_status":"closed","template":"","meta":[],"product_brand":[],"product_cat":[15],"product_tag":[292,293,294,20,21,22,23],"class_list":{"0":"post-6882","1":"product","2":"type-product","3":"status-publish","4":"has-post-thumbnail","6":"product_cat-unkategorisiert","7":"product_tag-ac-milan-neues-trikot-22-23","8":"product_tag-ac-milan-trikot-bestellen","9":"product_tag-alle-ac-mailand-trikots","10":"product_tag-coole-fussballtrikots","11":"product_tag-fussballtrikot-fuer-herren","12":"product_tag-fussballtrikot-guenstig-kaufen","13":"product_tag-fussballtrikot-kurzarm","15":"first","16":"instock","17":"shipping-taxable","18":"purchasable","19":"product-type-variable"},"_links":{"self":[{"href":"https:\/\/www.billigtrikotde.com\/da\/wp-json\/wp\/v2\/product\/6882","targetHints":{"allow":["GET"]}}],"collection":[{"href":"https:\/\/www.billigtrikotde.com\/da\/wp-json\/wp\/v2\/product"}],"about":[{"href":"https:\/\/www.billigtrikotde.com\/da\/wp-json\/wp\/v2\/types\/product"}],"replies":[{"embeddable":true,"href":"https:\/\/www.billigtrikotde.com\/da\/wp-json\/wp\/v2\/comments?post=6882"}],"wp:featuredmedia":[{"embeddable":true,"href":"https:\/\/www.billigtrikotde.com\/da\/wp-json\/wp\/v2\/media\/6915"}],"wp:attachment":[{"href":"https:\/\/www.billigtrikotde.com\/da\/wp-json\/wp\/v2\/media?parent=6882"}],"wp:term":[{"taxonomy":"product_brand","embeddable":true,"href":"https:\/\/www.billigtrikotde.com\/da\/wp-json\/wp\/v2\/product_brand?post=6882"},{"taxonomy":"product_cat","embeddable":true,"href":"https:\/\/www.billigtrikotde.com\/da\/wp-json\/wp\/v2\/product_cat?post=6882"},{"taxonomy":"product_tag","embeddable":true,"href":"https:\/\/www.billigtrikotde.com\/da\/wp-json\/wp\/v2\/product_tag?post=6882"}],"curies":[{"name":"wp","href":"https:\/\/api.w.org\/{rel}","templated":true}]}}