{"id":6812,"date":"2024-10-23T17:59:42","date_gmt":"2024-10-23T15:59:42","guid":{"rendered":"http:\/\/billigtrikots.com\/?post_type=product&#038;p=6812"},"modified":"2024-10-23T18:01:56","modified_gmt":"2024-10-23T16:01:56","slug":"fussballtrikots-guenstig-real-madrid-2022-2023-auswaertstrikots-deutschland-kurzarm-mbappe-7","status":"publish","type":"product","link":"https:\/\/www.billigtrikotde.com\/da\/vare\/fussballtrikots-guenstig-real-madrid-2022-2023-auswaertstrikots-deutschland-kurzarm-mbappe-7\/","title":{"rendered":"Fodboldtr\u00f8jer Billige Real Madrid 2022-2023 Udebanetr\u00f8jer Tyskland Kort\u00e6rmet MBAPP\u00c9 7"},"content":{"rendered":"<p>Real Madrid CF 22-23 udebanetr\u00f8je er \u201eLight Purple\u201c. Light Purple er den samme lilla, der ogs\u00e5 bruges til Real Madrid 22-23-tr\u00f8jen. Farven er en mere bleg, lys lilla. Opdag Real Madrid 2022\/2023 udebanetr\u00f8je. B\u00e6r stolt Merengue-farverne p\u00e5 banen eller udend\u00f8rs. En fleksibel og let tr\u00f8je med Adidas Aeroready-teknologi, et stykke t\u00f8j, der forhindrer sved i at tr\u00e6nge ind i dit spil eller tr\u00e6ning. Hold dig t\u00f8r efter dine accelerationer.<\/p>\n<p>Tips til udskrivning: Hvis navn og nummer p\u00e5 billedet er pr\u00e6cis det, du \u00f8nsker, beh\u00f8ver du ikke at indtaste dem igen. Hvis ikke, skal du indtaste det \u00f8nskede navn og nummer.<\/p>\n<p>Tips til vask: Det anbefales at vaske fodboldtr\u00f8jer i h\u00e5nden. Hvis du vil bruge vaskemaskinen, skal du huske at vende vrangen ud p\u00e5 fodboldtr\u00f8jerne og derefter vaske dem. Fyld maskinen med koldt vand, og brug et sk\u00e5neprogram for bedre at beskytte farverne.<\/p>","protected":false},"excerpt":{"rendered":"<p>Real Madrid CF 22-23 Udebanetr\u00f8jen er \u201eLyse Lilla\u201c. Lyse Lilla er den samme lilla, der ogs\u00e5 bruges til Real Madrid 22-23-tr\u00f8jen. Farven er en mere bleg, lys lilla. Opdag Real Madrid 2022\/2023 Udebanetr\u00f8jen. B\u00e6r stolt Merengue-farverne p\u00e5 banen eller udend\u00f8rs. En fleksibel og let [\u2026]<\/p>","protected":false},"featured_media":6844,"comment_status":"open","ping_status":"closed","template":"","meta":[],"product_brand":[],"product_cat":[45],"product_tag":[20,38,21,228,24,291,271,267,47,268],"class_list":{"0":"post-6812","1":"product","2":"type-product","3":"status-publish","4":"has-post-thumbnail","6":"product_cat-real-madrid","7":"product_tag-coole-fussballtrikots","8":"product_tag-fussball-trikot-langarm","9":"product_tag-fussballtrikot-fuer-herren","10":"product_tag-guenstige-fussballtrikot","11":"product_tag-guenstiges-fussballtrikot","12":"product_tag-real-madrid-2022-2023-auswaertstrikots","13":"product_tag-real-madrid-trikot-herren-guenstig","14":"product_tag-real-madrid-trikot-langarm-herren","15":"product_tag-real-madrid-trikots","16":"product_tag-real-madrid-trikots-22-23","18":"first","19":"instock","20":"shipping-taxable","21":"purchasable","22":"product-type-variable"},"_links":{"self":[{"href":"https:\/\/www.billigtrikotde.com\/da\/wp-json\/wp\/v2\/product\/6812","targetHints":{"allow":["GET"]}}],"collection":[{"href":"https:\/\/www.billigtrikotde.com\/da\/wp-json\/wp\/v2\/product"}],"about":[{"href":"https:\/\/www.billigtrikotde.com\/da\/wp-json\/wp\/v2\/types\/product"}],"replies":[{"embeddable":true,"href":"https:\/\/www.billigtrikotde.com\/da\/wp-json\/wp\/v2\/comments?post=6812"}],"wp:featuredmedia":[{"embeddable":true,"href":"https:\/\/www.billigtrikotde.com\/da\/wp-json\/wp\/v2\/media\/6844"}],"wp:attachment":[{"href":"https:\/\/www.billigtrikotde.com\/da\/wp-json\/wp\/v2\/media?parent=6812"}],"wp:term":[{"taxonomy":"product_brand","embeddable":true,"href":"https:\/\/www.billigtrikotde.com\/da\/wp-json\/wp\/v2\/product_brand?post=6812"},{"taxonomy":"product_cat","embeddable":true,"href":"https:\/\/www.billigtrikotde.com\/da\/wp-json\/wp\/v2\/product_cat?post=6812"},{"taxonomy":"product_tag","embeddable":true,"href":"https:\/\/www.billigtrikotde.com\/da\/wp-json\/wp\/v2\/product_tag?post=6812"}],"curies":[{"name":"wp","href":"https:\/\/api.w.org\/{rel}","templated":true}]}}