{"id":673,"date":"2024-10-23T12:59:16","date_gmt":"2024-10-23T10:59:16","guid":{"rendered":"http:\/\/billigtrikots.com\/?post_type=product&#038;p=673"},"modified":"2024-10-23T13:01:16","modified_gmt":"2024-10-23T11:01:16","slug":"trikotsatz-paris-saint-germain-21-22-auswaertstrikot-weiss-mit-aufdruck-di-maria-11","status":"publish","type":"product","link":"https:\/\/www.billigtrikotde.com\/da\/vare\/trikotsatz-paris-saint-germain-21-22-auswaertstrikot-weiss-mit-aufdruck-di-maria-11\/","title":{"rendered":"Paris Saint Germain 21\/22 udebanes\u00e6t hvid med tryk Di Mar\u00eda 11"},"content":{"rendered":"<p>Vis din tilh\u00f8rsforhold til dit hold gennem den lette model i hvid. Med sportsskjorten fra Nike kan man virkelig ikke g\u00e5 galt i byen. Som \u00e6gte Paris Saint-Germain-fan har du brug for denne sportsskjorte. Den komfortable, \u00e5ndbare, svedtransporterende og lette model overbeviser p\u00e5 alle fronter. Dette er en skjorte, der med klubbens emblem p\u00e5 brystet garanteret kan imponere. Med denne sportstop er du udstyret til enhver tr\u00e6ning.<\/p>\n<p>Tips til udskrivning: Hvis navn og nummer p\u00e5 billedet er pr\u00e6cis det, du \u00f8nsker, beh\u00f8ver du ikke at indtaste dem igen. Hvis ikke, skal du indtaste det \u00f8nskede navn og nummer.<\/p>\n<p>Tips til vask: Det anbefales at vaske fodboldtr\u00f8jer i h\u00e5nden. Hvis du vil bruge vaskemaskinen, skal du huske at vende vrangen ud p\u00e5 fodboldtr\u00f8jerne og derefter vaske dem. Fyld maskinen med koldt vand, og brug et sk\u00e5neprogram for bedre at beskytte farverne.<\/p>","protected":false},"excerpt":{"rendered":"<p>Zeige deine Zugeh\u00f6rigkeit zu deinem Team durch das leichte Modell in Wei\u00df. Mit dem Sportshirt aus dem Hause Nike kann man wirklich nichts falsch machen. Als echter Paris Saint-Germain-Fan brauchst du dieses Sportshirt. Das bequeme, atmungsaktive, schwei\u00dfableitende und leichte Modell \u00fcberzeugt auf ganzer Linie. Dies ist ein Shirt, das durch das Vereinswappen auf der Brust [&hellip;]<\/p>","protected":false},"featured_media":703,"comment_status":"open","ping_status":"closed","template":"","meta":[],"product_brand":[],"product_cat":[39],"product_tag":[20,43,21,22,23,24,44,41],"class_list":{"0":"post-673","1":"product","2":"type-product","3":"status-publish","4":"has-post-thumbnail","6":"product_cat-paris-saint-germain","7":"product_tag-coole-fussballtrikots","8":"product_tag-fussballkleidung","9":"product_tag-fussballtrikot-fuer-herren","10":"product_tag-fussballtrikot-guenstig-kaufen","11":"product_tag-fussballtrikot-kurzarm","12":"product_tag-guenstiges-fussballtrikot","13":"product_tag-paris-saint-germain-auswaertstrikot","14":"product_tag-paris-saint-germain-trikots","16":"first","17":"instock","18":"featured","19":"shipping-taxable","20":"purchasable","21":"product-type-variable"},"_links":{"self":[{"href":"https:\/\/www.billigtrikotde.com\/da\/wp-json\/wp\/v2\/product\/673","targetHints":{"allow":["GET"]}}],"collection":[{"href":"https:\/\/www.billigtrikotde.com\/da\/wp-json\/wp\/v2\/product"}],"about":[{"href":"https:\/\/www.billigtrikotde.com\/da\/wp-json\/wp\/v2\/types\/product"}],"replies":[{"embeddable":true,"href":"https:\/\/www.billigtrikotde.com\/da\/wp-json\/wp\/v2\/comments?post=673"}],"wp:featuredmedia":[{"embeddable":true,"href":"https:\/\/www.billigtrikotde.com\/da\/wp-json\/wp\/v2\/media\/703"}],"wp:attachment":[{"href":"https:\/\/www.billigtrikotde.com\/da\/wp-json\/wp\/v2\/media?parent=673"}],"wp:term":[{"taxonomy":"product_brand","embeddable":true,"href":"https:\/\/www.billigtrikotde.com\/da\/wp-json\/wp\/v2\/product_brand?post=673"},{"taxonomy":"product_cat","embeddable":true,"href":"https:\/\/www.billigtrikotde.com\/da\/wp-json\/wp\/v2\/product_cat?post=673"},{"taxonomy":"product_tag","embeddable":true,"href":"https:\/\/www.billigtrikotde.com\/da\/wp-json\/wp\/v2\/product_tag?post=673"}],"curies":[{"name":"wp","href":"https:\/\/api.w.org\/{rel}","templated":true}]}}