{"id":6659,"date":"2024-10-23T17:51:48","date_gmt":"2024-10-23T15:51:48","guid":{"rendered":"http:\/\/billigtrikots.com\/?post_type=product&#038;p=6659"},"modified":"2024-10-23T17:53:55","modified_gmt":"2024-10-23T15:53:55","slug":"herren-usa-heimtrikot-wm-2022-t-shirt-weiss-online-mit-aufdruck-steffen-1","status":"publish","type":"product","link":"https:\/\/www.billigtrikotde.com\/da\/vare\/herren-usa-heimtrikot-wm-2022-t-shirt-weiss-online-mit-aufdruck-steffen-1\/","title":{"rendered":"Herrer USA Heimtr\u00f8je VM 2022 T-shirt hvid Online med Tryk STEFFEN 1"},"content":{"rendered":"<p>Nike United States 2022-tr\u00f8jen kombinerer de mest traditionelle farver p\u00e5 det amerikanske fodboldhold - hvid og marinebl\u00e5. De officielle farver er \"White \/ Loyal Blue\".<\/p>\n<p>Det s\u00e6rlige ved Nike USA 2022 World Cup-tr\u00f8jen er den sandsynlige placering af Swooshes. I stedet for Nike-logoet p\u00e5 forsiden vil Swooshes sandsynligvis blive set p\u00e5 \u00e6rmerne.<\/p>\n<p>Det er den samme logostil, som vi kender fra NFL. Det er aldrig blevet brugt p\u00e5 en Nike-fodboldtr\u00f8je f\u00f8r.<\/p>\n<p>Nummeret p\u00e5 forsiden ville v\u00e6re p\u00e5 den modsatte side af US Soccer-v\u00e5benskjoldet.<\/p>\n<p>Tips til udskrivning: Hvis navn og nummer p\u00e5 billedet er pr\u00e6cis det, du \u00f8nsker, beh\u00f8ver du ikke at indtaste dem igen. Hvis ikke, skal du indtaste det \u00f8nskede navn og nummer.<\/p>\n<p>Tips til vask: Det anbefales at vaske fodboldtr\u00f8jer i h\u00e5nden. Hvis du vil bruge vaskemaskinen, skal du huske at vende vrangen ud p\u00e5 fodboldtr\u00f8jerne og derefter vaske dem. Fyld maskinen med koldt vand, og brug et sk\u00e5neprogram for bedre at beskytte farverne.<\/p>","protected":false},"excerpt":{"rendered":"<p>Nike Denmark 2022 Tr\u00f8jen kombinerer de mest traditionelle farver for det danske fodboldhold \u2013 Hvid og Marinebl\u00e5. Officielt hedder farverne \u201eHvid \/ Loyal Blue\u201c. Det s\u00e6rlige ved Nike Danmark 2022 VM-tr\u00f8jen er den sandsynlige placering af Swooshen. I stedet for Nike-logoet p\u00e5 forsiden vil Swooshes sandsynligvis v\u00e6re p\u00e5 \u00e6rmerne [...]<\/p>","protected":false},"featured_media":6697,"comment_status":"open","ping_status":"closed","template":"","meta":[],"product_brand":[],"product_cat":[245],"product_tag":[20,43,21,22,23,24,246,287,247,248,249,250,288],"class_list":{"0":"post-6659","1":"product","2":"type-product","3":"status-publish","4":"has-post-thumbnail","6":"product_cat-usa-trikots","7":"product_tag-coole-fussballtrikots","8":"product_tag-fussballkleidung","9":"product_tag-fussballtrikot-fuer-herren","10":"product_tag-fussballtrikot-guenstig-kaufen","11":"product_tag-fussballtrikot-kurzarm","12":"product_tag-guenstiges-fussballtrikot","13":"product_tag-united-states-2022-trikot","14":"product_tag-united-states-heimtrikot","15":"product_tag-usa-fussball-shop","16":"product_tag-usa-fussball-trikot","17":"product_tag-usa-nationalmannschaft","18":"product_tag-usa-trikot-herren","19":"product_tag-usa-trikots","21":"first","22":"instock","23":"shipping-taxable","24":"purchasable","25":"product-type-variable"},"_links":{"self":[{"href":"https:\/\/www.billigtrikotde.com\/da\/wp-json\/wp\/v2\/product\/6659","targetHints":{"allow":["GET"]}}],"collection":[{"href":"https:\/\/www.billigtrikotde.com\/da\/wp-json\/wp\/v2\/product"}],"about":[{"href":"https:\/\/www.billigtrikotde.com\/da\/wp-json\/wp\/v2\/types\/product"}],"replies":[{"embeddable":true,"href":"https:\/\/www.billigtrikotde.com\/da\/wp-json\/wp\/v2\/comments?post=6659"}],"wp:featuredmedia":[{"embeddable":true,"href":"https:\/\/www.billigtrikotde.com\/da\/wp-json\/wp\/v2\/media\/6697"}],"wp:attachment":[{"href":"https:\/\/www.billigtrikotde.com\/da\/wp-json\/wp\/v2\/media?parent=6659"}],"wp:term":[{"taxonomy":"product_brand","embeddable":true,"href":"https:\/\/www.billigtrikotde.com\/da\/wp-json\/wp\/v2\/product_brand?post=6659"},{"taxonomy":"product_cat","embeddable":true,"href":"https:\/\/www.billigtrikotde.com\/da\/wp-json\/wp\/v2\/product_cat?post=6659"},{"taxonomy":"product_tag","embeddable":true,"href":"https:\/\/www.billigtrikotde.com\/da\/wp-json\/wp\/v2\/product_tag?post=6659"}],"curies":[{"name":"wp","href":"https:\/\/api.w.org\/{rel}","templated":true}]}}