{"id":6616,"date":"2024-10-23T17:49:34","date_gmt":"2024-10-23T15:49:34","guid":{"rendered":"http:\/\/billigtrikots.com\/?post_type=product&#038;p=6616"},"modified":"2024-10-23T17:51:42","modified_gmt":"2024-10-23T15:51:42","slug":"krieger-11-united-states-auswaertstrikot-wm-2022-blau-usa-trikotsatz-kurzarm-kurze-hosen","status":"publish","type":"product","link":"https:\/\/www.billigtrikotde.com\/da\/vare\/krieger-11-united-states-auswaertstrikot-wm-2022-blau-usa-trikotsatz-kurzarm-kurze-hosen\/","title":{"rendered":"KRIEGER 11 United States Udenlandsudvalgs tr\u00f8je VM 2022 bl\u00e5 USA Tr\u00f8jes\u00e6t kort\u00e6rmet + korte bukser"},"content":{"rendered":"<p>Vi kan offentligg\u00f8re de f\u00f8rste oplysninger om den nye tr\u00f8je 2022 for Danmark fra Nike. Tak til Gol de Sergio. Danmark er i \u00f8jeblikket nummer to i den sidste runde af CONCACAF-kvalifikationen til FIFA Verdensmesterskabet i Fodbold 2022. De tre f\u00f8rste hold kvalificerer sig direkte, det fjerdepladsende hold spiller playoff mellem forbundene. Dette billede viser farverne p\u00e5 den nye Nike US Soccer hjemme-tr\u00f8je til VM 2022.<br \/>\nNike United States 2022-tr\u00f8jen kombinerer de mest traditionelle farver for det danske fodboldhold \u2013 hvid og marinebl\u00e5. Officielt hedder farverne \u201eWhite \/ Loyal Blue\u201c. Loyal Blue er den samme farve, der ogs\u00e5 bruges til ude-tr\u00f8jen 2020. Det, der er s\u00e6rligt ved Nike USA 2022 VM-tr\u00f8jen, er den sandsynlige placering af Swoosh-logoet. I stedet for Nike-logoet foran vil Swooshes sandsynligvis vises p\u00e5 \u00e6rmerne. Det er den samme logo-stil, vi kender fra NFL. Det er aldrig blevet brugt p\u00e5 en Nike-fodboldtr\u00f8je. Nummeret foran vil v\u00e6re p\u00e5 den modsatte side af det danske fodboldlogo.<\/p>\n<p>Tips til udskrivning: Hvis navn og nummer p\u00e5 billedet er pr\u00e6cis det, du \u00f8nsker, beh\u00f8ver du ikke at indtaste dem igen. Hvis ikke, skal du indtaste det \u00f8nskede navn og nummer.<\/p>\n<p>Tips til vask: Det anbefales at vaske fodboldtr\u00f8jer i h\u00e5nden. Hvis du vil bruge vaskemaskinen, skal du huske at vende vrangen ud p\u00e5 fodboldtr\u00f8jerne og derefter vaske dem. Fyld maskinen med koldt vand, og brug et sk\u00e5neprogram for bedre at beskytte farverne.<\/p>","protected":false},"excerpt":{"rendered":"<p>Vi kan offentligg\u00f8re de f\u00f8rste oplysninger om den nye tr\u00f8je til Danmark til VM 2022 fra Nike. Tak til Gol de Sergio. Danmark er i \u00f8jeblikket nummer to i den sidste runde af CONCACAF-kvalifikationen til FIFA World Cup 2022. De tre f\u00f8rste hold kvalificerer sig direkte, det fjerdepladsende hold spiller playoff mellem forbundene. Dette [\u2026]<\/p>","protected":false},"featured_media":6654,"comment_status":"open","ping_status":"closed","template":"","meta":[],"product_brand":[],"product_cat":[245],"product_tag":[20,43,21,22,23,24,246,287,247,248,249,250,288],"class_list":{"0":"post-6616","1":"product","2":"type-product","3":"status-publish","4":"has-post-thumbnail","6":"product_cat-usa-trikots","7":"product_tag-coole-fussballtrikots","8":"product_tag-fussballkleidung","9":"product_tag-fussballtrikot-fuer-herren","10":"product_tag-fussballtrikot-guenstig-kaufen","11":"product_tag-fussballtrikot-kurzarm","12":"product_tag-guenstiges-fussballtrikot","13":"product_tag-united-states-2022-trikot","14":"product_tag-united-states-heimtrikot","15":"product_tag-usa-fussball-shop","16":"product_tag-usa-fussball-trikot","17":"product_tag-usa-nationalmannschaft","18":"product_tag-usa-trikot-herren","19":"product_tag-usa-trikots","21":"first","22":"instock","23":"shipping-taxable","24":"purchasable","25":"product-type-variable"},"_links":{"self":[{"href":"https:\/\/www.billigtrikotde.com\/da\/wp-json\/wp\/v2\/product\/6616","targetHints":{"allow":["GET"]}}],"collection":[{"href":"https:\/\/www.billigtrikotde.com\/da\/wp-json\/wp\/v2\/product"}],"about":[{"href":"https:\/\/www.billigtrikotde.com\/da\/wp-json\/wp\/v2\/types\/product"}],"replies":[{"embeddable":true,"href":"https:\/\/www.billigtrikotde.com\/da\/wp-json\/wp\/v2\/comments?post=6616"}],"wp:featuredmedia":[{"embeddable":true,"href":"https:\/\/www.billigtrikotde.com\/da\/wp-json\/wp\/v2\/media\/6654"}],"wp:attachment":[{"href":"https:\/\/www.billigtrikotde.com\/da\/wp-json\/wp\/v2\/media?parent=6616"}],"wp:term":[{"taxonomy":"product_brand","embeddable":true,"href":"https:\/\/www.billigtrikotde.com\/da\/wp-json\/wp\/v2\/product_brand?post=6616"},{"taxonomy":"product_cat","embeddable":true,"href":"https:\/\/www.billigtrikotde.com\/da\/wp-json\/wp\/v2\/product_cat?post=6616"},{"taxonomy":"product_tag","embeddable":true,"href":"https:\/\/www.billigtrikotde.com\/da\/wp-json\/wp\/v2\/product_tag?post=6616"}],"curies":[{"name":"wp","href":"https:\/\/api.w.org\/{rel}","templated":true}]}}