{"id":6482,"date":"2024-10-23T17:43:16","date_gmt":"2024-10-23T15:43:16","guid":{"rendered":"http:\/\/billigtrikots.com\/?post_type=product&#038;p=6482"},"modified":"2024-10-23T17:45:23","modified_gmt":"2024-10-23T15:45:23","slug":"fc-barcelona-2022-23-home-kit-heimtrikot-kurzarm-fussballtrikots-lewandowski-9","status":"publish","type":"product","link":"https:\/\/www.billigtrikotde.com\/da\/vare\/fc-barcelona-2022-23-home-kit-heimtrikot-kurzarm-fussballtrikots-lewandowski-9\/","title":{"rendered":"FC Barcelona 2022\/23 Hjemmes\u00e6t Heimtr\u00f8je Kort\u00e6rmet Fodboldtr\u00f8jer LEWANDOWSKI 9"},"content":{"rendered":"<p>FC Barcelona 2022-23 hjemmet\u00f8jet introducerer et stilfuldt look og tilf\u00f8jer de traditionelle bl\u00e5gr\u00f8nne striber m\u00f8rkebl\u00e5. \u00c6rmerne og kraven p\u00e5 Barcelona 22-23-tr\u00f8jen er ensfarvet m\u00f8rkebl\u00e5, mens forsiden har ret brede striber i m\u00f8rkebl\u00e5, kongebl\u00e5 og r\u00f8d. Det officielle navn p\u00e5 den m\u00f8rkebl\u00e5 farve, der bruges p\u00e5 tr\u00f8jen, er \u201eObsidian\u201c, hvilket ogs\u00e5 er farven p\u00e5 logoerne p\u00e5 den gule udebanetr\u00f8je.<br \/>\nBarcelona 2022\/23 hjemmet\u00f8jet tilf\u00f8jer to m\u00f8rkebl\u00e5 vertikale striber til klubbens ikoniske kongebl\u00e5 og r\u00f8de striber. Farverne p\u00e5 det katalanske flag er placeret p\u00e5 nakken. For f\u00f8rste gang for den tidligere europamester anvendes en marinebl\u00e5 blok til den \u00f8verste del af brystet, skuldrene og \u00e6rmet.<\/p>\n<p>Tips til udskrivning: Hvis navn og nummer p\u00e5 billedet er pr\u00e6cis det, du \u00f8nsker, beh\u00f8ver du ikke at indtaste dem igen. Hvis ikke, skal du indtaste det \u00f8nskede navn og nummer.<\/p>\n<p>Tips til vask: Det anbefales at vaske fodboldtr\u00f8jer i h\u00e5nden. Hvis du vil bruge vaskemaskinen, skal du huske at vende vrangen ud p\u00e5 fodboldtr\u00f8jerne og derefter vaske dem. Fyld maskinen med koldt vand, og brug et sk\u00e5neprogram for bedre at beskytte farverne.<\/p>","protected":false},"excerpt":{"rendered":"<p>FC Barcelona 2022-23 Hjemmetr\u00f8jen introducerer et stilfuldt look og tilf\u00f8jer de traditionelle Blaugrana-striber i M\u00f8rkebl\u00e5. \u00c6rmerne og kraven p\u00e5 Barcelona 22-23-tr\u00f8jen er ensfarvet m\u00f8rkebl\u00e5, mens forsiden har ret brede striber i M\u00f8rkebl\u00e5, Kongebl\u00e5 og R\u00f8d. Den officielle navn p\u00e5 den m\u00f8rkebl\u00e5 farve, der bruges p\u00e5 tr\u00f8jen, er \u201eObsidian\u201c, hvilket ogs\u00e5 er [\u2026]<\/p>","protected":false},"featured_media":6514,"comment_status":"open","ping_status":"closed","template":"","meta":[],"product_brand":[],"product_cat":[31],"product_tag":[20,282,283,33,21,22,23,24],"class_list":{"0":"post-6482","1":"product","2":"type-product","3":"status-publish","4":"has-post-thumbnail","6":"product_cat-fc-barcelona","7":"product_tag-coole-fussballtrikots","8":"product_tag-fc-barcelona-2022-23-trikots","9":"product_tag-fc-barcelona-22-23-auswaertstrikot","10":"product_tag-fc-barcelona-trikots","11":"product_tag-fussballtrikot-fuer-herren","12":"product_tag-fussballtrikot-guenstig-kaufen","13":"product_tag-fussballtrikot-kurzarm","14":"product_tag-guenstiges-fussballtrikot","16":"first","17":"instock","18":"shipping-taxable","19":"purchasable","20":"product-type-variable"},"_links":{"self":[{"href":"https:\/\/www.billigtrikotde.com\/da\/wp-json\/wp\/v2\/product\/6482","targetHints":{"allow":["GET"]}}],"collection":[{"href":"https:\/\/www.billigtrikotde.com\/da\/wp-json\/wp\/v2\/product"}],"about":[{"href":"https:\/\/www.billigtrikotde.com\/da\/wp-json\/wp\/v2\/types\/product"}],"replies":[{"embeddable":true,"href":"https:\/\/www.billigtrikotde.com\/da\/wp-json\/wp\/v2\/comments?post=6482"}],"wp:featuredmedia":[{"embeddable":true,"href":"https:\/\/www.billigtrikotde.com\/da\/wp-json\/wp\/v2\/media\/6514"}],"wp:attachment":[{"href":"https:\/\/www.billigtrikotde.com\/da\/wp-json\/wp\/v2\/media?parent=6482"}],"wp:term":[{"taxonomy":"product_brand","embeddable":true,"href":"https:\/\/www.billigtrikotde.com\/da\/wp-json\/wp\/v2\/product_brand?post=6482"},{"taxonomy":"product_cat","embeddable":true,"href":"https:\/\/www.billigtrikotde.com\/da\/wp-json\/wp\/v2\/product_cat?post=6482"},{"taxonomy":"product_tag","embeddable":true,"href":"https:\/\/www.billigtrikotde.com\/da\/wp-json\/wp\/v2\/product_tag?post=6482"}],"curies":[{"name":"wp","href":"https:\/\/api.w.org\/{rel}","templated":true}]}}