{"id":6390,"date":"2024-10-23T17:38:53","date_gmt":"2024-10-23T15:38:53","guid":{"rendered":"http:\/\/billigtrikots.com\/?post_type=product&#038;p=6390"},"modified":"2024-10-23T17:40:56","modified_gmt":"2024-10-23T15:40:56","slug":"herren-fc-barcelona-2022-23-auswaertstrikots-goldene-kurzarm-mit-aufdruck-sergio-5","status":"publish","type":"product","link":"https:\/\/www.billigtrikotde.com\/da\/vare\/herren-fc-barcelona-2022-23-auswaertstrikots-goldene-kurzarm-mit-aufdruck-sergio-5\/","title":{"rendered":"Herrer FC Barcelona 2022\/23 Udebanetr\u00f8jer Guld Kort\u00e6rmet med tryk SERGIO 5"},"content":{"rendered":"<p>FC Barcelona pr\u00e6senterede mandag sin nye udebanetr\u00f8je til s\u00e6sonen 2022\/23 for offentligheden. Gennem flere l\u00e6kager var det allerede klart i flere m\u00e5neder, hvordan denne dragt overordnet set ville se ud, nu kom de f\u00f8rste officielle billeder. Katalanernes anden tr\u00f8je er helt i guld, en hyldest til de Olympiske Lege, der fandt sted i 1992 \u2013 alts\u00e5 for 30 \u00e5r siden \u2013 i Barcelona, og som havde en varig positiv indvirkning p\u00e5 byens skyline samt den internationale opfattelse af middelhavsmetropolen. En anden reference til dette sportslige storbegivenhed er dekorationerne p\u00e5 \u00e6rmerne og benskinnerne, der er holdt i farverne af de Olympiske Ringe. Derudover pryder tr\u00f8jen byens layout af Barcelona.<\/p>\n<p>Tips til udskrivning: Hvis navn og nummer p\u00e5 billedet er pr\u00e6cis det, du \u00f8nsker, beh\u00f8ver du ikke at indtaste dem igen. Hvis ikke, skal du indtaste det \u00f8nskede navn og nummer.<\/p>\n<p>Tips til vask: Det anbefales at vaske fodboldtr\u00f8jer i h\u00e5nden. Hvis du vil bruge vaskemaskinen, skal du huske at vende vrangen ud p\u00e5 fodboldtr\u00f8jerne og derefter vaske dem. Fyld maskinen med koldt vand, og brug et sk\u00e5neprogram for bedre at beskytte farverne.<\/p>","protected":false},"excerpt":{"rendered":"<p>FC Barcelona pr\u00e6senterede mandag sin nye udebanetr\u00f8je til s\u00e6sonen 2022\/23 for offentligheden. Gennem flere l\u00e6kager var det allerede klart i flere m\u00e5neder, hvordan denne dragt overordnet set ville se ud, nu kom de f\u00f8rste officielle billeder. Katalanernes anden tr\u00f8je er helt i guld, en hyldest til de Olympiske [\u2026]<\/p>","protected":false},"featured_media":6428,"comment_status":"open","ping_status":"closed","template":"","meta":[],"product_brand":[],"product_cat":[31],"product_tag":[20,282,283,33,21,22,23,24],"class_list":{"0":"post-6390","1":"product","2":"type-product","3":"status-publish","4":"has-post-thumbnail","6":"product_cat-fc-barcelona","7":"product_tag-coole-fussballtrikots","8":"product_tag-fc-barcelona-2022-23-trikots","9":"product_tag-fc-barcelona-22-23-auswaertstrikot","10":"product_tag-fc-barcelona-trikots","11":"product_tag-fussballtrikot-fuer-herren","12":"product_tag-fussballtrikot-guenstig-kaufen","13":"product_tag-fussballtrikot-kurzarm","14":"product_tag-guenstiges-fussballtrikot","16":"first","17":"instock","18":"shipping-taxable","19":"purchasable","20":"product-type-variable"},"_links":{"self":[{"href":"https:\/\/www.billigtrikotde.com\/da\/wp-json\/wp\/v2\/product\/6390","targetHints":{"allow":["GET"]}}],"collection":[{"href":"https:\/\/www.billigtrikotde.com\/da\/wp-json\/wp\/v2\/product"}],"about":[{"href":"https:\/\/www.billigtrikotde.com\/da\/wp-json\/wp\/v2\/types\/product"}],"replies":[{"embeddable":true,"href":"https:\/\/www.billigtrikotde.com\/da\/wp-json\/wp\/v2\/comments?post=6390"}],"wp:featuredmedia":[{"embeddable":true,"href":"https:\/\/www.billigtrikotde.com\/da\/wp-json\/wp\/v2\/media\/6428"}],"wp:attachment":[{"href":"https:\/\/www.billigtrikotde.com\/da\/wp-json\/wp\/v2\/media?parent=6390"}],"wp:term":[{"taxonomy":"product_brand","embeddable":true,"href":"https:\/\/www.billigtrikotde.com\/da\/wp-json\/wp\/v2\/product_brand?post=6390"},{"taxonomy":"product_cat","embeddable":true,"href":"https:\/\/www.billigtrikotde.com\/da\/wp-json\/wp\/v2\/product_cat?post=6390"},{"taxonomy":"product_tag","embeddable":true,"href":"https:\/\/www.billigtrikotde.com\/da\/wp-json\/wp\/v2\/product_tag?post=6390"}],"curies":[{"name":"wp","href":"https:\/\/api.w.org\/{rel}","templated":true}]}}