{"id":6300,"date":"2024-10-23T17:34:40","date_gmt":"2024-10-23T15:34:40","guid":{"rendered":"http:\/\/billigtrikots.com\/?post_type=product&#038;p=6300"},"modified":"2024-10-23T17:36:25","modified_gmt":"2024-10-23T15:36:25","slug":"memphis-9-kinder-fc-barcelona-22-23-auswaertstrikot-goldene-grundfarbe-trikotsatz","status":"publish","type":"product","link":"https:\/\/www.billigtrikotde.com\/da\/vare\/memphis-9-kinder-fc-barcelona-22-23-auswaertstrikot-goldene-grundfarbe-trikotsatz\/","title":{"rendered":"MEMPHIS 9 Kids FC Barcelona 22-23 Away Jersey Golden Base Colour Kit"},"content":{"rendered":"<p>FC Barcelona 22-23 udebanetr\u00f8jen har en gylden grundfarve, der v\u00e6kker minder om de tidlige 2000'ere. Alle logos er i m\u00f8rk marinebl\u00e5. Farven og \u00e6rmedesignet p\u00e5 den nye tr\u00f8je er en reference til de guldmedaljer, som atleterne f\u00e5r ved De Olympiske Lege, 30 \u00e5r efter at Olympiske Lege fandt sted i Barcelona i 1992. Lege blev \u00e5bnet den 25. juli 1992. Desuden kan farverne p\u00e5 de fem olympiske ringe ses p\u00e5 \u00e6rmernes manchetter og p\u00e5 st\u00f8tterne.<\/p>\n<p>Ligesom andre tr\u00f8jer fra vores Stadion-kollektion giver denne tr\u00f8je med replika-design detaljer og svedledende teknologi ogs\u00e5 et kampklar look, der er inspireret af dit yndlingshold.<\/p>\n<p>Tips til udskrivning: Hvis navn og nummer p\u00e5 billedet er pr\u00e6cis det, du \u00f8nsker, beh\u00f8ver du ikke at indtaste dem igen. Hvis ikke, skal du indtaste det \u00f8nskede navn og nummer.<\/p>\n<p>Tips til vask: Det anbefales at vaske fodboldtr\u00f8jer i h\u00e5nden. Hvis du vil bruge vaskemaskinen, skal du huske at vende vrangen ud p\u00e5 fodboldtr\u00f8jerne og derefter vaske dem. Fyld maskinen med koldt vand, og brug et sk\u00e5neprogram for bedre at beskytte farverne.<\/p>","protected":false},"excerpt":{"rendered":"<p>FC Barcelona 22-23 Udebanetr\u00f8jen har en gylden grundfarve, der v\u00e6kker minder om de tidlige 2000'ere. Alle logoer er i m\u00f8rk marinebl\u00e5. Farven og \u00e6rmedesignet p\u00e5 den nye tr\u00f8je er en henvisning til de guldmedaljer, som atleterne modtog ved OL, 30 \u00e5r efter at OL i 1992 blev afholdt i Barcelona [...]<\/p>","protected":false},"featured_media":6333,"comment_status":"open","ping_status":"closed","template":"","meta":[],"product_brand":[],"product_cat":[146],"product_tag":[147,20,279,280,33,35,21,22,23,24,94],"class_list":{"0":"post-6300","1":"product","2":"type-product","3":"status-publish","4":"has-post-thumbnail","6":"product_cat-barcelona-kindertrikot","7":"product_tag-barcelona-trikotsatz-fuer-kinder","8":"product_tag-coole-fussballtrikots","9":"product_tag-fc-barcelona-2022-23-trikot-kaufen","10":"product_tag-fc-barcelona-2022-23-trikot-kinder","11":"product_tag-fc-barcelona-trikots","12":"product_tag-fussball-torwarttrikots","13":"product_tag-fussballtrikot-fuer-herren","14":"product_tag-fussballtrikot-guenstig-kaufen","15":"product_tag-fussballtrikot-kurzarm","16":"product_tag-guenstiges-fussballtrikot","17":"product_tag-kinder-fussball-trikotsatz","19":"first","20":"instock","21":"shipping-taxable","22":"purchasable","23":"product-type-variable"},"_links":{"self":[{"href":"https:\/\/www.billigtrikotde.com\/da\/wp-json\/wp\/v2\/product\/6300","targetHints":{"allow":["GET"]}}],"collection":[{"href":"https:\/\/www.billigtrikotde.com\/da\/wp-json\/wp\/v2\/product"}],"about":[{"href":"https:\/\/www.billigtrikotde.com\/da\/wp-json\/wp\/v2\/types\/product"}],"replies":[{"embeddable":true,"href":"https:\/\/www.billigtrikotde.com\/da\/wp-json\/wp\/v2\/comments?post=6300"}],"wp:featuredmedia":[{"embeddable":true,"href":"https:\/\/www.billigtrikotde.com\/da\/wp-json\/wp\/v2\/media\/6333"}],"wp:attachment":[{"href":"https:\/\/www.billigtrikotde.com\/da\/wp-json\/wp\/v2\/media?parent=6300"}],"wp:term":[{"taxonomy":"product_brand","embeddable":true,"href":"https:\/\/www.billigtrikotde.com\/da\/wp-json\/wp\/v2\/product_brand?post=6300"},{"taxonomy":"product_cat","embeddable":true,"href":"https:\/\/www.billigtrikotde.com\/da\/wp-json\/wp\/v2\/product_cat?post=6300"},{"taxonomy":"product_tag","embeddable":true,"href":"https:\/\/www.billigtrikotde.com\/da\/wp-json\/wp\/v2\/product_tag?post=6300"}],"curies":[{"name":"wp","href":"https:\/\/api.w.org\/{rel}","templated":true}]}}