{"id":6225,"date":"2024-10-23T17:30:42","date_gmt":"2024-10-23T15:30:42","guid":{"rendered":"http:\/\/billigtrikots.com\/?post_type=product&#038;p=6225"},"modified":"2024-10-23T17:32:54","modified_gmt":"2024-10-23T15:32:54","slug":"fc-barcelona-kinderheim-trikot-2022-23-trikotsatz-navy-blau-billige-fussballtrikots","status":"publish","type":"product","link":"https:\/\/www.billigtrikotde.com\/da\/vare\/fc-barcelona-kinderheim-trikot-2022-23-trikotsatz-navy-blau-billige-fussballtrikots\/","title":{"rendered":"FC Barcelona B\u00f8rn Hjemmebanetr\u00f8je 2022\/23 Kit Marinebl\u00e5 Billige Fodboldtr\u00f8jer"},"content":{"rendered":"<p>FC Barcelona B\u00f8rnehjem 2022\/23 Tr\u00f8jen har de ikoniske Blaugrana-striber i en buet retning. Den supplerer et m\u00f8rkebl\u00e5t tema \u00f8verst, hvor Barcelonas nye sponsor Spotify er placeret i midten. Som tidligere l\u00e6kager har forudsagt, har Spotify-logoet et gyldent udseende, der problemfrit matcher tr\u00f8jefarverne og giver den et vintage-look. Et flertal af Barcelona-fans ville helt sikkert byde \u00e6ndringen velkommen, is\u00e6r efter den modreaktion, som sidste s\u00e6sons hjemmetr\u00f8je har modtaget. Pokaltr\u00f8jen til Barcelona vil m\u00e5ske ikke leve op til sidste s\u00e6sons forventninger. Men den kan have St. Georgs-korset i Blaugrana-farver, som supplerer en hvid skjorte og giver den et enkelt, klassisk udseende.<\/p>\n<p>Tips til udskrivning: Hvis navn og nummer p\u00e5 billedet er pr\u00e6cis det, du \u00f8nsker, beh\u00f8ver du ikke at indtaste dem igen. Hvis ikke, skal du indtaste det \u00f8nskede navn og nummer.<\/p>\n<p>Tips til vask: Det anbefales at vaske fodboldtr\u00f8jer i h\u00e5nden. Hvis du vil bruge vaskemaskinen, skal du huske at vende vrangen ud p\u00e5 fodboldtr\u00f8jerne og derefter vaske dem. Fyld maskinen med koldt vand, og brug et sk\u00e5neprogram for bedre at beskytte farverne.<\/p>","protected":false},"excerpt":{"rendered":"<p>Das FC Barcelona Kinderheim 2022\/23 Trikot weist die ikonischen Blaugrana-Streifen in einer geschwungenen Ausrichtung auf. Es erg\u00e4nzt ein dunkelblaues Thema oben, wobei Barcelonas neuer Sponsor Spotify in der Mitte zu sehen ist.Wie von den Leaks vorhergesagt, hat das Spotify-Logo einen goldenen Look, der nahtlos zu den Trikotfarben passt und ihm einen Vintage-Look verleiht. Eine Mehrheit [&hellip;]<\/p>","protected":false},"featured_media":6263,"comment_status":"open","ping_status":"closed","template":"","meta":[],"product_brand":[],"product_cat":[146],"product_tag":[147,20,279,280,33,35,21,22,23,24,94],"class_list":{"0":"post-6225","1":"product","2":"type-product","3":"status-publish","4":"has-post-thumbnail","6":"product_cat-barcelona-kindertrikot","7":"product_tag-barcelona-trikotsatz-fuer-kinder","8":"product_tag-coole-fussballtrikots","9":"product_tag-fc-barcelona-2022-23-trikot-kaufen","10":"product_tag-fc-barcelona-2022-23-trikot-kinder","11":"product_tag-fc-barcelona-trikots","12":"product_tag-fussball-torwarttrikots","13":"product_tag-fussballtrikot-fuer-herren","14":"product_tag-fussballtrikot-guenstig-kaufen","15":"product_tag-fussballtrikot-kurzarm","16":"product_tag-guenstiges-fussballtrikot","17":"product_tag-kinder-fussball-trikotsatz","19":"first","20":"instock","21":"shipping-taxable","22":"purchasable","23":"product-type-variable"},"_links":{"self":[{"href":"https:\/\/www.billigtrikotde.com\/da\/wp-json\/wp\/v2\/product\/6225","targetHints":{"allow":["GET"]}}],"collection":[{"href":"https:\/\/www.billigtrikotde.com\/da\/wp-json\/wp\/v2\/product"}],"about":[{"href":"https:\/\/www.billigtrikotde.com\/da\/wp-json\/wp\/v2\/types\/product"}],"replies":[{"embeddable":true,"href":"https:\/\/www.billigtrikotde.com\/da\/wp-json\/wp\/v2\/comments?post=6225"}],"wp:featuredmedia":[{"embeddable":true,"href":"https:\/\/www.billigtrikotde.com\/da\/wp-json\/wp\/v2\/media\/6263"}],"wp:attachment":[{"href":"https:\/\/www.billigtrikotde.com\/da\/wp-json\/wp\/v2\/media?parent=6225"}],"wp:term":[{"taxonomy":"product_brand","embeddable":true,"href":"https:\/\/www.billigtrikotde.com\/da\/wp-json\/wp\/v2\/product_brand?post=6225"},{"taxonomy":"product_cat","embeddable":true,"href":"https:\/\/www.billigtrikotde.com\/da\/wp-json\/wp\/v2\/product_cat?post=6225"},{"taxonomy":"product_tag","embeddable":true,"href":"https:\/\/www.billigtrikotde.com\/da\/wp-json\/wp\/v2\/product_tag?post=6225"}],"curies":[{"name":"wp","href":"https:\/\/api.w.org\/{rel}","templated":true}]}}