{"id":6175,"date":"2024-10-23T17:28:29","date_gmt":"2024-10-23T15:28:29","guid":{"rendered":"http:\/\/billigtrikots.com\/?post_type=product&#038;p=6175"},"modified":"2025-06-16T16:03:30","modified_gmt":"2025-06-16T14:03:30","slug":"kinder-juventus-fc-2022-23-heimtrikot-schwarz-weiss-kurzarm-kurze-hosen-pogba-10","status":"publish","type":"product","link":"https:\/\/www.billigtrikotde.com\/da\/vare\/kinder-juventus-fc-2022-23-heimtrikot-schwarz-weiss-kurzarm-kurze-hosen-pogba-10\/","title":{"rendered":"B\u00f8rn Juventus FC 2022-23 Heimtr\u00f8je Sort Hvid Kort\u00e6rmet + Shorts POGBA 10"},"content":{"rendered":"<p>Debuten kan finde sted i en af de resterende kampe i Serie A eller endda i finalen i Coppa Italia mod Inter \u2013 ligesom sidste \u00e5r. Juventus 2022-23-tr\u00f8jen er fra i dag tilg\u00e6ngelig hos udvalgte forhandlere og fra den 27. maj overalt og vil blive pr\u00e6senteret ved Serie A-kampen mod Lazio den 16. maj. [\u2026]<\/p>\n<p>Adidas Juventus 2022-23 hjemmebanetr\u00f8je har en meget unik tilgang til klubbens klassiske hvide og sorte striber. Striberne best\u00e5r af sm\u00e5 trekanter. Adidas bruger en enkel rundhalskrave og sorte tre striber til Juventus-tr\u00f8jen 22-23. Efter Juventus-tr\u00f8jerne 21-22 var udstyret med Jeep 4xe-logoet, kommer Juventus-tr\u00f8jen 22-23 med en 'elektrificeret' Jeep-branding. Den indeholder lyn.<\/p>\n<p>Tips til udskrivning: Hvis navn og nummer p\u00e5 billedet er pr\u00e6cis det, du \u00f8nsker, beh\u00f8ver du ikke at indtaste dem igen. Hvis ikke, skal du indtaste det \u00f8nskede navn og nummer.<\/p>\n<p>Tips til vask: Det anbefales at vaske fodboldtr\u00f8jer i h\u00e5nden. Hvis du vil bruge vaskemaskinen, skal du huske at vende vrangen ud p\u00e5 fodboldtr\u00f8jerne og derefter vaske dem. Fyld maskinen med koldt vand, og brug et sk\u00e5neprogram for bedre at beskytte farverne.<\/p>","protected":false},"excerpt":{"rendered":"<p>Debuten kan finde sted i en af de resterende kampe i Serie A eller endda i finalen i Coppa Italia mod Inter \u2013 ligesom sidste \u00e5r. Juventus 2022-23-tr\u00f8jen er fra i dag tilg\u00e6ngelig hos udvalgte forhandlere og fra den 27. maj overalt og vil blive pr\u00e6senteret ved Serie A-kampen mod Lazio den 16. maj. [\u2026]<\/p>","protected":false},"featured_media":6214,"comment_status":"open","ping_status":"closed","template":"","meta":[],"product_brand":[],"product_cat":[148],"product_tag":[20,38,24,276,149,94],"class_list":{"0":"post-6175","1":"product","2":"type-product","3":"status-publish","4":"has-post-thumbnail","6":"product_cat-juventus-kindertrikot","7":"product_tag-coole-fussballtrikots","8":"product_tag-fussball-trikot-langarm","9":"product_tag-guenstiges-fussballtrikot","10":"product_tag-juventus-2022-23-trikot","11":"product_tag-juventus-trikotsatz-fuer-kinder","12":"product_tag-kinder-fussball-trikotsatz","14":"first","15":"instock","16":"shipping-taxable","17":"purchasable","18":"product-type-variable"},"_links":{"self":[{"href":"https:\/\/www.billigtrikotde.com\/da\/wp-json\/wp\/v2\/product\/6175","targetHints":{"allow":["GET"]}}],"collection":[{"href":"https:\/\/www.billigtrikotde.com\/da\/wp-json\/wp\/v2\/product"}],"about":[{"href":"https:\/\/www.billigtrikotde.com\/da\/wp-json\/wp\/v2\/types\/product"}],"replies":[{"embeddable":true,"href":"https:\/\/www.billigtrikotde.com\/da\/wp-json\/wp\/v2\/comments?post=6175"}],"wp:featuredmedia":[{"embeddable":true,"href":"https:\/\/www.billigtrikotde.com\/da\/wp-json\/wp\/v2\/media\/6214"}],"wp:attachment":[{"href":"https:\/\/www.billigtrikotde.com\/da\/wp-json\/wp\/v2\/media?parent=6175"}],"wp:term":[{"taxonomy":"product_brand","embeddable":true,"href":"https:\/\/www.billigtrikotde.com\/da\/wp-json\/wp\/v2\/product_brand?post=6175"},{"taxonomy":"product_cat","embeddable":true,"href":"https:\/\/www.billigtrikotde.com\/da\/wp-json\/wp\/v2\/product_cat?post=6175"},{"taxonomy":"product_tag","embeddable":true,"href":"https:\/\/www.billigtrikotde.com\/da\/wp-json\/wp\/v2\/product_tag?post=6175"}],"curies":[{"name":"wp","href":"https:\/\/api.w.org\/{rel}","templated":true}]}}