{"id":6103,"date":"2024-10-23T17:25:13","date_gmt":"2024-10-23T15:25:13","guid":{"rendered":"http:\/\/billigtrikots.com\/?post_type=product&#038;p=6103"},"modified":"2024-10-23T17:27:18","modified_gmt":"2024-10-23T15:27:18","slug":"kinder-manchester-city-fc-2022-23-heimtrikots-blau-kurzarm-weiss-kurze-hosen","status":"publish","type":"product","link":"https:\/\/www.billigtrikotde.com\/da\/vare\/kinder-manchester-city-fc-2022-23-heimtrikots-blau-kurzarm-weiss-kurze-hosen\/","title":{"rendered":"B\u00f8rn Manchester City FC 2022\/23 hjemmebanetr\u00f8jer bl\u00e5 kort\u00e6rmet + hvide shorts"},"content":{"rendered":"<p>Disse hvide shorts med almindelig pasform er fremstillet af let, \u00e5ndbart polyesterstof, som giver k\u00f8lig komfort. De har en elastisk linning og justerbar sn\u00f8re for en afslappet pasform og er udstyret med svedtransporterende dryCELL-teknologi for at holde dig t\u00f8r og frisk. Afsluttet med PUMA-logo og byv\u00e5ben p\u00e5 benet. Kan vaskes i maskine.<\/p>\n<p>Tips til udskrivning: Hvis navn og nummer p\u00e5 billedet er pr\u00e6cis det, du \u00f8nsker, beh\u00f8ver du ikke at indtaste dem igen. Hvis ikke, skal du indtaste det \u00f8nskede navn og nummer.<\/p>\n<p>Tips til vask: Det anbefales at vaske fodboldtr\u00f8jer i h\u00e5nden. Hvis du vil bruge vaskemaskinen, skal du huske at vende vrangen ud p\u00e5 fodboldtr\u00f8jerne og derefter vaske dem. Fyld maskinen med koldt vand, og brug et sk\u00e5neprogram for bedre at beskytte farverne.<\/p>","protected":false},"excerpt":{"rendered":"<p>Disse hvide shorts med almindelig pasform er fremstillet af let, \u00e5ndbart polyesterstof, som giver k\u00f8lig komfort. De har en elastisk linning og justerbar sn\u00f8re for en afslappet pasform og er udstyret med svedtransporterende dryCELL-teknologi for at holde dig t\u00f8r og frisk. Afsluttet med PUMA-logo og byv\u00e5ben p\u00e5 benet. Kan vaskes i maskine.<\/p>","protected":false},"featured_media":6142,"comment_status":"open","ping_status":"closed","template":"","meta":[],"product_brand":[],"product_cat":[82],"product_tag":[20,94,275,203,84,145],"class_list":{"0":"post-6103","1":"product","2":"type-product","3":"status-publish","4":"has-post-thumbnail","6":"product_cat-manchester-city","7":"product_tag-coole-fussballtrikots","8":"product_tag-kinder-fussball-trikotsatz","9":"product_tag-kinder-trikot-manchester-city","10":"product_tag-manchester-city-ausweichtrikot","11":"product_tag-manchester-city-trikots","12":"product_tag-manchester-city-trikotsatz-fuer-kinder","14":"first","15":"instock","16":"shipping-taxable","17":"purchasable","18":"product-type-variable"},"_links":{"self":[{"href":"https:\/\/www.billigtrikotde.com\/da\/wp-json\/wp\/v2\/product\/6103","targetHints":{"allow":["GET"]}}],"collection":[{"href":"https:\/\/www.billigtrikotde.com\/da\/wp-json\/wp\/v2\/product"}],"about":[{"href":"https:\/\/www.billigtrikotde.com\/da\/wp-json\/wp\/v2\/types\/product"}],"replies":[{"embeddable":true,"href":"https:\/\/www.billigtrikotde.com\/da\/wp-json\/wp\/v2\/comments?post=6103"}],"wp:featuredmedia":[{"embeddable":true,"href":"https:\/\/www.billigtrikotde.com\/da\/wp-json\/wp\/v2\/media\/6142"}],"wp:attachment":[{"href":"https:\/\/www.billigtrikotde.com\/da\/wp-json\/wp\/v2\/media?parent=6103"}],"wp:term":[{"taxonomy":"product_brand","embeddable":true,"href":"https:\/\/www.billigtrikotde.com\/da\/wp-json\/wp\/v2\/product_brand?post=6103"},{"taxonomy":"product_cat","embeddable":true,"href":"https:\/\/www.billigtrikotde.com\/da\/wp-json\/wp\/v2\/product_cat?post=6103"},{"taxonomy":"product_tag","embeddable":true,"href":"https:\/\/www.billigtrikotde.com\/da\/wp-json\/wp\/v2\/product_tag?post=6103"}],"curies":[{"name":"wp","href":"https:\/\/api.w.org\/{rel}","templated":true}]}}