{"id":5947,"date":"2024-10-23T17:17:58","date_gmt":"2024-10-23T15:17:58","guid":{"rendered":"http:\/\/billigtrikots.com\/?post_type=product&#038;p=5947"},"modified":"2025-10-16T16:04:14","modified_gmt":"2025-10-16T14:04:14","slug":"kroos-8-real-madrid-trikots-2022-23-heimtrikot-weiss-langarm-kurze-hosen","status":"publish","type":"product","link":"https:\/\/www.billigtrikotde.com\/da\/vare\/kroos-8-real-madrid-trikots-2022-23-heimtrikot-weiss-langarm-kurze-hosen\/","title":{"rendered":"KROOS 8 Real Madrid Tr\u00f8jer 2022-23 Hjemmebanetr\u00f8je Hvid Lang\u00e6rmet + Shorts"},"content":{"rendered":"<p>En enkel, klassisk og skabt til at s\u00e6tte et milep\u00e6l. Det tidl\u00f8se look af denne adidas lang\u00e6rmede Real Madrid-tr\u00f8je bliver fremh\u00e6vet af lyviolette detaljer og et gentaget, p\u00e5 den hvide stof pr\u00e6get klubv\u00e5ben. Denne version af tr\u00f8jen tilbyder fans en behagelig pasform takket v\u00e6re den fugtighedsafvisende AEROREADY-teknologi og de lange \u00e6rmer.<\/p>\n<p>Tips til udskrivning: Hvis navn og nummer p\u00e5 billedet er pr\u00e6cis det, du \u00f8nsker, beh\u00f8ver du ikke at indtaste dem igen. Hvis ikke, skal du indtaste det \u00f8nskede navn og nummer.<\/p>\n<p>Tips til vask: Det anbefales at vaske fodboldtr\u00f8jer i h\u00e5nden. Hvis du vil bruge vaskemaskinen, skal du huske at vende vrangen ud p\u00e5 fodboldtr\u00f8jerne og derefter vaske dem. Fyld maskinen med koldt vand, og brug et sk\u00e5neprogram for bedre at beskytte farverne.<\/p>","protected":false},"excerpt":{"rendered":"<p>En enkel, klassisk og skabt til at s\u00e6tte et milep\u00e6l. Det tidl\u00f8se look af denne adidas lang\u00e6rmede Real Madrid-tr\u00f8je bliver fremh\u00e6vet af lyviolette detaljer og et gentaget, p\u00e5 den hvide stof pr\u00e6get klubv\u00e5ben. Denne version af tr\u00f8jen tilbyder fans en behagelig pasform takket v\u00e6re den fugtighedsafvisende AEROREADY-teknologi og de lange \u00e6rmer.<\/p>","protected":false},"featured_media":5986,"comment_status":"open","ping_status":"closed","template":"","meta":[],"product_brand":[],"product_cat":[45],"product_tag":[20,38,21,228,24,270,267,47,268],"class_list":{"0":"post-5947","1":"product","2":"type-product","3":"status-publish","4":"has-post-thumbnail","6":"product_cat-real-madrid","7":"product_tag-coole-fussballtrikots","8":"product_tag-fussball-trikot-langarm","9":"product_tag-fussballtrikot-fuer-herren","10":"product_tag-guenstige-fussballtrikot","11":"product_tag-guenstiges-fussballtrikot","12":"product_tag-real-madrid-trikot-deutschland","13":"product_tag-real-madrid-trikot-langarm-herren","14":"product_tag-real-madrid-trikots","15":"product_tag-real-madrid-trikots-22-23","17":"first","18":"instock","19":"shipping-taxable","20":"purchasable","21":"product-type-variable"},"_links":{"self":[{"href":"https:\/\/www.billigtrikotde.com\/da\/wp-json\/wp\/v2\/product\/5947","targetHints":{"allow":["GET"]}}],"collection":[{"href":"https:\/\/www.billigtrikotde.com\/da\/wp-json\/wp\/v2\/product"}],"about":[{"href":"https:\/\/www.billigtrikotde.com\/da\/wp-json\/wp\/v2\/types\/product"}],"replies":[{"embeddable":true,"href":"https:\/\/www.billigtrikotde.com\/da\/wp-json\/wp\/v2\/comments?post=5947"}],"wp:featuredmedia":[{"embeddable":true,"href":"https:\/\/www.billigtrikotde.com\/da\/wp-json\/wp\/v2\/media\/5986"}],"wp:attachment":[{"href":"https:\/\/www.billigtrikotde.com\/da\/wp-json\/wp\/v2\/media?parent=5947"}],"wp:term":[{"taxonomy":"product_brand","embeddable":true,"href":"https:\/\/www.billigtrikotde.com\/da\/wp-json\/wp\/v2\/product_brand?post=5947"},{"taxonomy":"product_cat","embeddable":true,"href":"https:\/\/www.billigtrikotde.com\/da\/wp-json\/wp\/v2\/product_cat?post=5947"},{"taxonomy":"product_tag","embeddable":true,"href":"https:\/\/www.billigtrikotde.com\/da\/wp-json\/wp\/v2\/product_tag?post=5947"}],"curies":[{"name":"wp","href":"https:\/\/api.w.org\/{rel}","templated":true}]}}