{"id":5911,"date":"2024-10-23T17:16:18","date_gmt":"2024-10-23T15:16:18","guid":{"rendered":"http:\/\/billigtrikots.com\/?post_type=product&#038;p=5911"},"modified":"2025-06-16T16:03:44","modified_gmt":"2025-06-16T14:03:44","slug":"neues-juventus-2022-23-heimtrikot-schwarz-weiss-kurzarm-kurze-hosen-pogba-10","status":"publish","type":"product","link":"https:\/\/www.billigtrikotde.com\/da\/vare\/neues-juventus-2022-23-heimtrikot-schwarz-weiss-kurzarm-kurze-hosen-pogba-10\/","title":{"rendered":"Ny Juventus 2022-23 Hjemmebanetr\u00f8je Sort Hvid Kort\u00e6rmet + Shorts POGBA 10"},"content":{"rendered":"<p>Adidas Juventus 2022-23-tr\u00f8jen har en helt egen fortolkning af klubbens klassiske hvide og sorte striber. Striberne best\u00e5r af sm\u00e5 trekanter. Adidas bruger en enkel rundhalskrave og sorte tre striber til Juventus-tr\u00f8jen 22-23. Efter at Juventus-tr\u00f8jerne 21-22 var udstyret med Jeep 4xe-logoet, kommer Juventus-tr\u00f8jen 22-23 med en \u201eelektrificeret\u201c Jeep-branding. Den indeholder lyn.<\/p>\n<p>Tips til udskrivning: Hvis navn og nummer p\u00e5 billedet er pr\u00e6cis det, du \u00f8nsker, beh\u00f8ver du ikke at indtaste dem igen. Hvis ikke, skal du indtaste det \u00f8nskede navn og nummer.<\/p>\n<p>Tips til vask: Det anbefales at vaske fodboldtr\u00f8jer i h\u00e5nden. Hvis du vil bruge vaskemaskinen, skal du huske at vende vrangen ud p\u00e5 fodboldtr\u00f8jerne og derefter vaske dem. Fyld maskinen med koldt vand, og brug et sk\u00e5neprogram for bedre at beskytte farverne.<\/p>","protected":false},"excerpt":{"rendered":"<p>Das Adidas Juventus 2022-23 Trikot hat eine ganz eigene Interpretation der klassischen wei\u00dfen und schwarzen Streifen des Vereins. Die Streifen setzen sich aus kleinen Dreiecken zusammen.Adidas verwendet f\u00fcr das Juventus Trikot 22-23 einen einfachen Rundhalskragen und schwarze Drei Streifen. Nachdem die Juventus Trikots 21-22 mit dem Jeep 4xe Logo ausgestattet waren, kommt das Juventus Trikot [&hellip;]<\/p>","protected":false},"featured_media":5950,"comment_status":"open","ping_status":"closed","template":"","meta":[],"product_brand":[],"product_cat":[59],"product_tag":[20,38,43,21,22,24,265,266],"class_list":{"0":"post-5911","1":"product","2":"type-product","3":"status-publish","4":"has-post-thumbnail","6":"product_cat-juventus","7":"product_tag-coole-fussballtrikots","8":"product_tag-fussball-trikot-langarm","9":"product_tag-fussballkleidung","10":"product_tag-fussballtrikot-fuer-herren","11":"product_tag-fussballtrikot-guenstig-kaufen","12":"product_tag-guenstiges-fussballtrikot","13":"product_tag-juventus-2022-23-heimtrikot","14":"product_tag-juventus-trikots-set","16":"first","17":"instock","18":"shipping-taxable","19":"purchasable","20":"product-type-variable"},"_links":{"self":[{"href":"https:\/\/www.billigtrikotde.com\/da\/wp-json\/wp\/v2\/product\/5911","targetHints":{"allow":["GET"]}}],"collection":[{"href":"https:\/\/www.billigtrikotde.com\/da\/wp-json\/wp\/v2\/product"}],"about":[{"href":"https:\/\/www.billigtrikotde.com\/da\/wp-json\/wp\/v2\/types\/product"}],"replies":[{"embeddable":true,"href":"https:\/\/www.billigtrikotde.com\/da\/wp-json\/wp\/v2\/comments?post=5911"}],"wp:featuredmedia":[{"embeddable":true,"href":"https:\/\/www.billigtrikotde.com\/da\/wp-json\/wp\/v2\/media\/5950"}],"wp:attachment":[{"href":"https:\/\/www.billigtrikotde.com\/da\/wp-json\/wp\/v2\/media?parent=5911"}],"wp:term":[{"taxonomy":"product_brand","embeddable":true,"href":"https:\/\/www.billigtrikotde.com\/da\/wp-json\/wp\/v2\/product_brand?post=5911"},{"taxonomy":"product_cat","embeddable":true,"href":"https:\/\/www.billigtrikotde.com\/da\/wp-json\/wp\/v2\/product_cat?post=5911"},{"taxonomy":"product_tag","embeddable":true,"href":"https:\/\/www.billigtrikotde.com\/da\/wp-json\/wp\/v2\/product_tag?post=5911"}],"curies":[{"name":"wp","href":"https:\/\/api.w.org\/{rel}","templated":true}]}}