{"id":5823,"date":"2024-10-23T17:12:22","date_gmt":"2024-10-23T15:12:22","guid":{"rendered":"http:\/\/billigtrikots.com\/?post_type=product&#038;p=5823"},"modified":"2024-10-23T17:13:59","modified_gmt":"2024-10-23T15:13:59","slug":"herren-kroatien-heimtrikot-wm-2022-weiss-rot-kaufen-kurzarm-kurze-hosen-petkovic-20","status":"publish","type":"product","link":"https:\/\/www.billigtrikotde.com\/da\/vare\/herren-kroatien-heimtrikot-wm-2022-weiss-rot-kaufen-kurzarm-kurze-hosen-petkovic-20\/","title":{"rendered":"Herre Kroatien Hjemmetr\u00f8je VM-2022 hvid R\u00f8d K\u00f8b Kort\u00e6rmet + Kort Bukser PETKOVIC #20"},"content":{"rendered":"<p>Vi har modtaget nye oplysninger om Kroatiens tr\u00f8je til VM 2022. Swoosh-farven \u201eBattle Blue\u201c er faktisk en kongebl\u00e5. Vi har lavet en mock-up af et muligt fuldt look, baseret p\u00e5 Nike-skabelonen til VM 2022 og inspireret af de l\u00e6kkede tr\u00f8jer fra 22-23.<\/p>\n<p>Nike Kroatien 2022-tr\u00f8jen kombinerer kun to hovedfarver i Nikes interne data \u2013 hvid og Battle Blue. Det mangler den r\u00f8de, der bruges til det ber\u00f8mte ternm\u00f8nster. Barcelona 22-23-tr\u00f8jen har heller ikke r\u00f8d i Nikes data \u2013 den er kun \u201eObsidian \/ Sesam\u201c. Den endelige Barcelona 22-23-tr\u00f8je er r\u00f8d, marinebl\u00e5 og bl\u00e5stribet. Battle Blue er faktisk nyt for Kroatien. Det er en lidt lysere kongebl\u00e5 end den bl\u00e5, der er brugt i de tidligere hjemmetr\u00f8jer.<br \/>\nDet virker sikkert, at hvid vil v\u00e6re hovedfarven, og Battle Blue vil blive brugt til logoerne. Ligesom p\u00e5 Barcelona-tr\u00f8jen kan \u00e6rmerne v\u00e6re ensfarvede (hvide).<\/p>\n<p>Tips til udskrivning: Hvis navn og nummer p\u00e5 billedet er pr\u00e6cis det, du \u00f8nsker, beh\u00f8ver du ikke at indtaste dem igen. Hvis ikke, skal du indtaste det \u00f8nskede navn og nummer.<\/p>\n<p>Tips til vask: Det anbefales at vaske fodboldtr\u00f8jer i h\u00e5nden. Hvis du vil bruge vaskemaskinen, skal du huske at vende vrangen ud p\u00e5 fodboldtr\u00f8jerne og derefter vaske dem. Fyld maskinen med koldt vand, og brug et sk\u00e5neprogram for bedre at beskytte farverne.<\/p>","protected":false},"excerpt":{"rendered":"<p>Vi har modtaget nye oplysninger om Kroatiens tr\u00f8je til verdensmesterskabet 2022. Swoosh-farven \u201eBattle Blue\u201c er faktisk kongesbl\u00e5. Vi har lavet en mock-up af et muligt fuldt look, baseret p\u00e5 Nike-skabelonen til VM 2022 og inspireret af de l\u00e6kkede tr\u00f8jer fra 22-23. Nike Kroatien 2022-tr\u00f8jen kombinerer kun [\u2026]<\/p>","protected":false},"featured_media":5856,"comment_status":"open","ping_status":"closed","template":"","meta":[],"product_brand":[],"product_cat":[261],"product_tag":[20,35,21,22,23,24,262,263,264],"class_list":{"0":"post-5823","1":"product","2":"type-product","3":"status-publish","4":"has-post-thumbnail","6":"product_cat-kroatien-trikots","7":"product_tag-coole-fussballtrikots","8":"product_tag-fussball-torwarttrikots","9":"product_tag-fussballtrikot-fuer-herren","10":"product_tag-fussballtrikot-guenstig-kaufen","11":"product_tag-fussballtrikot-kurzarm","12":"product_tag-guenstiges-fussballtrikot","13":"product_tag-kroatien-heimtrikot","14":"product_tag-kroatien-trikot-herren","15":"product_tag-kroatien-trikots","17":"first","18":"instock","19":"shipping-taxable","20":"purchasable","21":"product-type-variable"},"_links":{"self":[{"href":"https:\/\/www.billigtrikotde.com\/da\/wp-json\/wp\/v2\/product\/5823","targetHints":{"allow":["GET"]}}],"collection":[{"href":"https:\/\/www.billigtrikotde.com\/da\/wp-json\/wp\/v2\/product"}],"about":[{"href":"https:\/\/www.billigtrikotde.com\/da\/wp-json\/wp\/v2\/types\/product"}],"replies":[{"embeddable":true,"href":"https:\/\/www.billigtrikotde.com\/da\/wp-json\/wp\/v2\/comments?post=5823"}],"wp:featuredmedia":[{"embeddable":true,"href":"https:\/\/www.billigtrikotde.com\/da\/wp-json\/wp\/v2\/media\/5856"}],"wp:attachment":[{"href":"https:\/\/www.billigtrikotde.com\/da\/wp-json\/wp\/v2\/media?parent=5823"}],"wp:term":[{"taxonomy":"product_brand","embeddable":true,"href":"https:\/\/www.billigtrikotde.com\/da\/wp-json\/wp\/v2\/product_brand?post=5823"},{"taxonomy":"product_cat","embeddable":true,"href":"https:\/\/www.billigtrikotde.com\/da\/wp-json\/wp\/v2\/product_cat?post=5823"},{"taxonomy":"product_tag","embeddable":true,"href":"https:\/\/www.billigtrikotde.com\/da\/wp-json\/wp\/v2\/product_tag?post=5823"}],"curies":[{"name":"wp","href":"https:\/\/api.w.org\/{rel}","templated":true}]}}