{"id":5781,"date":"2024-10-23T17:10:13","date_gmt":"2024-10-23T15:10:13","guid":{"rendered":"http:\/\/billigtrikots.com\/?post_type=product&#038;p=5781"},"modified":"2024-10-23T17:12:17","modified_gmt":"2024-10-23T15:12:17","slug":"terstegen-1-fc-barcelona-2020-2021-ausweichtrikot-set-rosa-kurzarm-schwarz-kurze-hosen","status":"publish","type":"product","link":"https:\/\/www.billigtrikotde.com\/da\/vare\/terstegen-1-fc-barcelona-2020-2021-ausweichtrikot-set-rosa-kurzarm-schwarz-kurze-hosen\/","title":{"rendered":"TERSTEGEN 1 FC Barcelona 2020-2021 udebanetr\u00f8je s\u00e6t pink kort\u00e6rmet + sorte shorts"},"content":{"rendered":"<p>Det nye Barcelona 2020-21-tr\u00f8jen kombinerer en lyser\u00f8d (officielt 'Pink Beam') baggrund med sort og bl\u00e5gr\u00f8n for logoer og udsmykninger, hvilket er inspireret af havet og stranden i byen. Mens Barcelona gennem \u00e5rene har haft mange lyser\u00f8de tr\u00f8jer (s\u00e5som Third 2018\/19), var de fleste en blanding af lyser\u00f8d og orange, hvor FC Barcelona 2020-21 fodboldtr\u00f8jen vil v\u00e6re den f\u00f8rste rigtig lyser\u00f8de for klubben.<br \/>\nB\u00e5de kraven og \u00e6rmernes kant er halvt sorte og halvt bl\u00e5gr\u00f8nne. Swoosh p\u00e5 h\u00f8jre bryst af den nye Barcelonas udebanetr\u00f8je er sort, hvilket fuldender det enkle og samtidig us\u00e6dvanlige look. Der er en sort-bl\u00e5gr\u00f8n version af foreningens v\u00e5ben p\u00e5 den modsatte side. Et detail fra den katalanske flag findes p\u00e5 den \u00f8verste bagside.<\/p>\n<p>Tips til udskrivning: Hvis navn og nummer p\u00e5 billedet er pr\u00e6cis det, du \u00f8nsker, beh\u00f8ver du ikke at indtaste dem igen. Hvis ikke, skal du indtaste det \u00f8nskede navn og nummer.<\/p>\n<p>Tips til vask: Det anbefales at vaske fodboldtr\u00f8jer i h\u00e5nden. Hvis du vil bruge vaskemaskinen, skal du huske at vende vrangen ud p\u00e5 fodboldtr\u00f8jerne og derefter vaske dem. Fyld maskinen med koldt vand, og brug et sk\u00e5neprogram for bedre at beskytte farverne.<\/p>","protected":false},"excerpt":{"rendered":"<p>Das neue Barcelona 2020-21 Trikot kombiniert eine rosa (offiziell \u201ePink Beam\u201c) Grundlage mit Schwarz und Blaugr\u00fcn f\u00fcr Logos und Verzierungen, was von Meer und Strand der Stadt inspiriert ist.W\u00e4hrend Barcelona im Laufe der Jahre viele rosa Trikots hatte (wie z.B. das Third 2018\/19), waren sie meist eine Mischung aus rosa und orange, wobei das FC [&hellip;]<\/p>","protected":false},"featured_media":5819,"comment_status":"open","ping_status":"closed","template":"","meta":[],"product_brand":[],"product_cat":[146],"product_tag":[260,147,20,33,35,21,22,23,24,94],"class_list":{"0":"post-5781","1":"product","2":"type-product","3":"status-publish","4":"has-post-thumbnail","6":"product_cat-barcelona-kindertrikot","7":"product_tag-barcelona-ausweichtrikot","8":"product_tag-barcelona-trikotsatz-fuer-kinder","9":"product_tag-coole-fussballtrikots","10":"product_tag-fc-barcelona-trikots","11":"product_tag-fussball-torwarttrikots","12":"product_tag-fussballtrikot-fuer-herren","13":"product_tag-fussballtrikot-guenstig-kaufen","14":"product_tag-fussballtrikot-kurzarm","15":"product_tag-guenstiges-fussballtrikot","16":"product_tag-kinder-fussball-trikotsatz","18":"first","19":"instock","20":"shipping-taxable","21":"purchasable","22":"product-type-variable"},"_links":{"self":[{"href":"https:\/\/www.billigtrikotde.com\/da\/wp-json\/wp\/v2\/product\/5781","targetHints":{"allow":["GET"]}}],"collection":[{"href":"https:\/\/www.billigtrikotde.com\/da\/wp-json\/wp\/v2\/product"}],"about":[{"href":"https:\/\/www.billigtrikotde.com\/da\/wp-json\/wp\/v2\/types\/product"}],"replies":[{"embeddable":true,"href":"https:\/\/www.billigtrikotde.com\/da\/wp-json\/wp\/v2\/comments?post=5781"}],"wp:featuredmedia":[{"embeddable":true,"href":"https:\/\/www.billigtrikotde.com\/da\/wp-json\/wp\/v2\/media\/5819"}],"wp:attachment":[{"href":"https:\/\/www.billigtrikotde.com\/da\/wp-json\/wp\/v2\/media?parent=5781"}],"wp:term":[{"taxonomy":"product_brand","embeddable":true,"href":"https:\/\/www.billigtrikotde.com\/da\/wp-json\/wp\/v2\/product_brand?post=5781"},{"taxonomy":"product_cat","embeddable":true,"href":"https:\/\/www.billigtrikotde.com\/da\/wp-json\/wp\/v2\/product_cat?post=5781"},{"taxonomy":"product_tag","embeddable":true,"href":"https:\/\/www.billigtrikotde.com\/da\/wp-json\/wp\/v2\/product_tag?post=5781"}],"curies":[{"name":"wp","href":"https:\/\/api.w.org\/{rel}","templated":true}]}}