{"id":5769,"date":"2024-10-23T17:09:40","date_gmt":"2024-10-23T15:09:40","guid":{"rendered":"http:\/\/billigtrikots.com\/?post_type=product&#038;p=5769"},"modified":"2024-10-23T17:11:43","modified_gmt":"2024-10-23T15:11:43","slug":"spanien-heimtrikot-wm-2022-rot-trikotsatz-kurzarm-kurze-hosen-mit-aufdruck-unai-simon-23","status":"publish","type":"product","link":"https:\/\/www.billigtrikotde.com\/da\/vare\/spanien-heimtrikot-wm-2022-rot-trikotsatz-kurzarm-kurze-hosen-mit-aufdruck-unai-simon-23\/","title":{"rendered":"Spanien Hjemmetr\u00f8je VM 2022 R\u00f8d Tr\u00f8jes\u00e6t Kort\u00e6rmet + Shorts med Tryk UNAI SIMON 23"},"content":{"rendered":"<p>Fra omkring sommeren 2022 vil det spanske fodboldlandshold bruge et nyt logo. Vi har forestillet os, hvordan Spaniens tr\u00f8jer med det nye logo kunne se ud. De nye logoer for RFEF (Den spanske fodboldforbund) og det spanske fodboldlandshold blev offentliggjort i marts 2021. De vil blive set for f\u00f8rste gang p\u00e5 Spaniens fodboldlandsholds tr\u00f8jer til VM 2022 [\u2026]<\/p>\n<p>Tips til udskrivning: Hvis navn og nummer p\u00e5 billedet er pr\u00e6cis det, du \u00f8nsker, beh\u00f8ver du ikke at indtaste dem igen. Hvis ikke, skal du indtaste det \u00f8nskede navn og nummer.<\/p>\n<p>Tips til vask: Det anbefales at vaske fodboldtr\u00f8jer i h\u00e5nden. Hvis du vil bruge vaskemaskinen, skal du huske at vende vrangen ud p\u00e5 fodboldtr\u00f8jerne og derefter vaske dem. Fyld maskinen med koldt vand, og brug et sk\u00e5neprogram for bedre at beskytte farverne.<\/p>","protected":false},"excerpt":{"rendered":"<p>Fra omkring sommeren 2022 vil det spanske fodboldlandshold bruge et nyt logo. Vi har forestillet os, hvordan Spaniens tr\u00f8jer med det nye logo kunne se ud. De nye logoer for RFEF (Den spanske fodboldforbund) og det spanske fodboldlandshold blev offentliggjort i marts 2021. De vil blive set for f\u00f8rste gang p\u00e5 Spaniens fodboldlandsholds tr\u00f8jer til VM 2022 [\u2026]<\/p>","protected":false},"featured_media":5807,"comment_status":"open","ping_status":"closed","template":"","meta":[],"product_brand":[],"product_cat":[131],"product_tag":[20,21,22,23,24,258,259],"class_list":{"0":"post-5769","1":"product","2":"type-product","3":"status-publish","4":"has-post-thumbnail","6":"product_cat-spanien-trikots","7":"product_tag-coole-fussballtrikots","8":"product_tag-fussballtrikot-fuer-herren","9":"product_tag-fussballtrikot-guenstig-kaufen","10":"product_tag-fussballtrikot-kurzarm","11":"product_tag-guenstiges-fussballtrikot","12":"product_tag-spanien-heimtrikot-wm-2022","13":"product_tag-spanien-heimtrikot-spanien-trikot-schwarz","15":"first","16":"instock","17":"shipping-taxable","18":"purchasable","19":"product-type-variable"},"_links":{"self":[{"href":"https:\/\/www.billigtrikotde.com\/da\/wp-json\/wp\/v2\/product\/5769","targetHints":{"allow":["GET"]}}],"collection":[{"href":"https:\/\/www.billigtrikotde.com\/da\/wp-json\/wp\/v2\/product"}],"about":[{"href":"https:\/\/www.billigtrikotde.com\/da\/wp-json\/wp\/v2\/types\/product"}],"replies":[{"embeddable":true,"href":"https:\/\/www.billigtrikotde.com\/da\/wp-json\/wp\/v2\/comments?post=5769"}],"wp:featuredmedia":[{"embeddable":true,"href":"https:\/\/www.billigtrikotde.com\/da\/wp-json\/wp\/v2\/media\/5807"}],"wp:attachment":[{"href":"https:\/\/www.billigtrikotde.com\/da\/wp-json\/wp\/v2\/media?parent=5769"}],"wp:term":[{"taxonomy":"product_brand","embeddable":true,"href":"https:\/\/www.billigtrikotde.com\/da\/wp-json\/wp\/v2\/product_brand?post=5769"},{"taxonomy":"product_cat","embeddable":true,"href":"https:\/\/www.billigtrikotde.com\/da\/wp-json\/wp\/v2\/product_cat?post=5769"},{"taxonomy":"product_tag","embeddable":true,"href":"https:\/\/www.billigtrikotde.com\/da\/wp-json\/wp\/v2\/product_tag?post=5769"}],"curies":[{"name":"wp","href":"https:\/\/api.w.org\/{rel}","templated":true}]}}