{"id":5679,"date":"2024-10-23T17:05:51","date_gmt":"2024-10-23T15:05:51","guid":{"rendered":"http:\/\/billigtrikots.com\/?post_type=product&#038;p=5679"},"modified":"2024-10-23T17:07:21","modified_gmt":"2024-10-23T15:07:21","slug":"wales-heimtrikots-2022-rot-trikotsatz-kurzarm-kurze-hosen-herren-fussballtrikots","status":"publish","type":"product","link":"https:\/\/www.billigtrikotde.com\/da\/vare\/wales-heimtrikots-2022-rot-trikotsatz-kurzarm-kurze-hosen-herren-fussballtrikots\/","title":{"rendered":"Wales Hjemmetr\u00f8jer 2022 r\u00f8d Tr\u00f8jes\u00e6t Kort\u00e6rmet + Shorts Herre Fodboldtr\u00f8jer"},"content":{"rendered":"<p>Wales missede kvalifikationen til UEFA-kvindemesterskabet i 2022, efter at v\u00e6re blevet nummer tre i sin gruppe bag Norge og Nordirland. Ikke desto mindre giver Wales kvinder 2022-tr\u00f8jen os et indtryk af, hvad vi kan forvente af Adidas-tr\u00f8jerne til turneringen. Adidas Wales 2022 hjemmebanetr\u00f8je for kvinder har et klart design i r\u00f8d med hvide og gr\u00f8nne afslutninger ved krave og \u00e6rmer. Adidas- og Wales-logoerne er placeret midt i tr\u00f8jen.<\/p>\n<p>Tips til udskrivning: Hvis navn og nummer p\u00e5 billedet er pr\u00e6cis det, du \u00f8nsker, beh\u00f8ver du ikke at indtaste dem igen. Hvis ikke, skal du indtaste det \u00f8nskede navn og nummer.<\/p>\n<p>Tips til vask: Det anbefales at vaske fodboldtr\u00f8jer i h\u00e5nden. Hvis du vil bruge vaskemaskinen, skal du huske at vende vrangen ud p\u00e5 fodboldtr\u00f8jerne og derefter vaske dem. Fyld maskinen med koldt vand, og brug et sk\u00e5neprogram for bedre at beskytte farverne.<\/p>","protected":false},"excerpt":{"rendered":"<p>Wales gik glip af kvalifikationen til UEFA Kvindemesterskabet 2022, efter at have sluttet tredje i sin gruppe bag Norge og Nordirland. Alligevel giver os Wales kvindetr\u00f8je 2022 et indtryk af, hvad vi kan forvente af Adidas-tr\u00f8jerne til turneringen. Adidas Wales 2022 hjemmebanetr\u00f8je til kvinder har et klart design i r\u00f8d [...]<\/p>","protected":false},"featured_media":5710,"comment_status":"open","ping_status":"closed","template":"","meta":[],"product_brand":[],"product_cat":[255],"product_tag":[20,21,22,23,24,256,257],"class_list":{"0":"post-5679","1":"product","2":"type-product","3":"status-publish","4":"has-post-thumbnail","6":"product_cat-wales-trikots","7":"product_tag-coole-fussballtrikots","8":"product_tag-fussballtrikot-fuer-herren","9":"product_tag-fussballtrikot-guenstig-kaufen","10":"product_tag-fussballtrikot-kurzarm","11":"product_tag-guenstiges-fussballtrikot","12":"product_tag-wales-2022-trikot","13":"product_tag-wales-trikots","15":"first","16":"instock","17":"shipping-taxable","18":"purchasable","19":"product-type-variable"},"_links":{"self":[{"href":"https:\/\/www.billigtrikotde.com\/da\/wp-json\/wp\/v2\/product\/5679","targetHints":{"allow":["GET"]}}],"collection":[{"href":"https:\/\/www.billigtrikotde.com\/da\/wp-json\/wp\/v2\/product"}],"about":[{"href":"https:\/\/www.billigtrikotde.com\/da\/wp-json\/wp\/v2\/types\/product"}],"replies":[{"embeddable":true,"href":"https:\/\/www.billigtrikotde.com\/da\/wp-json\/wp\/v2\/comments?post=5679"}],"wp:featuredmedia":[{"embeddable":true,"href":"https:\/\/www.billigtrikotde.com\/da\/wp-json\/wp\/v2\/media\/5710"}],"wp:attachment":[{"href":"https:\/\/www.billigtrikotde.com\/da\/wp-json\/wp\/v2\/media?parent=5679"}],"wp:term":[{"taxonomy":"product_brand","embeddable":true,"href":"https:\/\/www.billigtrikotde.com\/da\/wp-json\/wp\/v2\/product_brand?post=5679"},{"taxonomy":"product_cat","embeddable":true,"href":"https:\/\/www.billigtrikotde.com\/da\/wp-json\/wp\/v2\/product_cat?post=5679"},{"taxonomy":"product_tag","embeddable":true,"href":"https:\/\/www.billigtrikotde.com\/da\/wp-json\/wp\/v2\/product_tag?post=5679"}],"curies":[{"name":"wp","href":"https:\/\/api.w.org\/{rel}","templated":true}]}}