{"id":557,"date":"2024-10-23T12:54:26","date_gmt":"2024-10-23T10:54:26","guid":{"rendered":"http:\/\/billigtrikots.com\/?post_type=product&#038;p=557"},"modified":"2024-10-23T12:55:58","modified_gmt":"2024-10-23T10:55:58","slug":"herren-fussballtrikot-fc-barcelona-junior-firpo-24-home-trikotsatz-langarm-kurze-hosen","status":"publish","type":"product","link":"https:\/\/www.billigtrikotde.com\/da\/vare\/herren-fussballtrikot-fc-barcelona-junior-firpo-24-home-trikotsatz-langarm-kurze-hosen\/","title":{"rendered":"Fodboldtr\u00f8je til m\u00e6nd FC Barcelona Junior Firpo 24# Hjemmetr\u00f8je Lang\u00e6rmet + Shorts"},"content":{"rendered":"<p>Vis din tilh\u00f8rsforhold til dit hold gennem den lette model i bl\u00e5. Nike-tr\u00f8jen er det rigtige valg. For \u00e6gte FC Barcelona-fans er det et must-have: hjemmebanetr\u00f8jen i originaldesign, som spillerne b\u00e6rer i Primera Division. Den komfortable, lette, \u00e5ndbare og svedtransporterende model overbeviser p\u00e5 alle fronter. Uanset hvor h\u00e5rdt tr\u00e6ningen eller kampen er, er du altid kl\u00e6dt bedst p\u00e5 med denne model. Det flotte udseende af denne tr\u00f8je underst\u00f8ttes af et klubm\u00e6rke p\u00e5 brystet. I denne bl\u00e5 model med stribet udseende bliver du et \u00e6gte blikfang.<\/p>\n<p>Tips til udskrivning: Hvis navn og nummer p\u00e5 billedet er pr\u00e6cis det, du \u00f8nsker, beh\u00f8ver du ikke at indtaste dem igen. Hvis ikke, skal du indtaste det \u00f8nskede navn og nummer.<\/p>\n<p>Tips til vask: Det anbefales at vaske fodboldtr\u00f8jer i h\u00e5nden. Hvis du vil bruge vaskemaskinen, skal du huske at vende vrangen ud p\u00e5 fodboldtr\u00f8jerne og derefter vaske dem. Fyld maskinen med koldt vand, og brug et sk\u00e5neprogram for bedre at beskytte farverne.<\/p>","protected":false},"excerpt":{"rendered":"<p>Zeige deine Zugeh\u00f6rigkeit zu deinem Team durch das leichte Modell in Blau. Das Nike Shirt ist die richtige Wahl. F\u00fcr wahre FC Barcelona-Fans ein Must-Have: das Heim-Shirt im Originaldesign, wie es die Spieler in der Primera Division tragen. Das bequeme, leichte, atmungsaktive und schwei\u00dfableitende Modell \u00fcberzeugt auf ganzer Linie. Egal, wie hart das Training oder [&hellip;]<\/p>","protected":false},"featured_media":589,"comment_status":"open","ping_status":"closed","template":"","meta":[],"product_brand":[],"product_cat":[31],"product_tag":[20,33,38,21,24],"class_list":{"0":"post-557","1":"product","2":"type-product","3":"status-publish","4":"has-post-thumbnail","6":"product_cat-fc-barcelona","7":"product_tag-coole-fussballtrikots","8":"product_tag-fc-barcelona-trikots","9":"product_tag-fussball-trikot-langarm","10":"product_tag-fussballtrikot-fuer-herren","11":"product_tag-guenstiges-fussballtrikot","13":"first","14":"instock","15":"shipping-taxable","16":"purchasable","17":"product-type-variable"},"_links":{"self":[{"href":"https:\/\/www.billigtrikotde.com\/da\/wp-json\/wp\/v2\/product\/557","targetHints":{"allow":["GET"]}}],"collection":[{"href":"https:\/\/www.billigtrikotde.com\/da\/wp-json\/wp\/v2\/product"}],"about":[{"href":"https:\/\/www.billigtrikotde.com\/da\/wp-json\/wp\/v2\/types\/product"}],"replies":[{"embeddable":true,"href":"https:\/\/www.billigtrikotde.com\/da\/wp-json\/wp\/v2\/comments?post=557"}],"wp:featuredmedia":[{"embeddable":true,"href":"https:\/\/www.billigtrikotde.com\/da\/wp-json\/wp\/v2\/media\/589"}],"wp:attachment":[{"href":"https:\/\/www.billigtrikotde.com\/da\/wp-json\/wp\/v2\/media?parent=557"}],"wp:term":[{"taxonomy":"product_brand","embeddable":true,"href":"https:\/\/www.billigtrikotde.com\/da\/wp-json\/wp\/v2\/product_brand?post=557"},{"taxonomy":"product_cat","embeddable":true,"href":"https:\/\/www.billigtrikotde.com\/da\/wp-json\/wp\/v2\/product_cat?post=557"},{"taxonomy":"product_tag","embeddable":true,"href":"https:\/\/www.billigtrikotde.com\/da\/wp-json\/wp\/v2\/product_tag?post=557"}],"curies":[{"name":"wp","href":"https:\/\/api.w.org\/{rel}","templated":true}]}}