{"id":553,"date":"2024-10-23T12:54:23","date_gmt":"2024-10-23T10:54:23","guid":{"rendered":"http:\/\/billigtrikots.com\/?post_type=product&#038;p=553"},"modified":"2024-10-23T12:55:57","modified_gmt":"2024-10-23T10:55:57","slug":"fc-barcelona-samuel-umtiti23-herren-home-fussballtrikot-langarm-kurze-hosen","status":"publish","type":"product","link":"https:\/\/www.billigtrikotde.com\/da\/vare\/fc-barcelona-samuel-umtiti23-herren-home-fussballtrikot-langarm-kurze-hosen\/","title":{"rendered":"FC Barcelona Samuel Umtiti23# Hjemmebanetr\u00f8je til m\u00e6nd, lang\u00e6rmet + shorts"},"content":{"rendered":"<p>Med den svedtransporterende model i bl\u00e5 viser du din betingelsesl\u00f8se k\u00e6rlighed til din klub. Nike udgiver med tr\u00f8jen et sandt unikt produkt. Hver \u00e6gte FC Barcelona-supporter har brug for denne hjemme-tr\u00f8je, for spillerne b\u00e6rer den ogs\u00e5 i Primera Division. Den svedtransporterende, \u00e5ndbare, super komfortable og lette model imponerer p\u00e5 alle fronter. Det fantastiske udseende af denne sportstop understreges af et klubm\u00e6rke p\u00e5 brystet. S\u00e5 er du endnu mere pr\u00e6sterende og kan give alt i hver tr\u00e6ning. S\u00e6t et statement i dit outfit med denne bl\u00e5 sportstop med stribet udseende.<\/p>\n<p>Tips til udskrivning: Hvis navn og nummer p\u00e5 billedet er pr\u00e6cis det, du \u00f8nsker, beh\u00f8ver du ikke at indtaste dem igen. Hvis ikke, skal du indtaste det \u00f8nskede navn og nummer.<\/p>\n<p>Tips til vask: Det anbefales at vaske fodboldtr\u00f8jer i h\u00e5nden. Hvis du vil bruge vaskemaskinen, skal du huske at vende vrangen ud p\u00e5 fodboldtr\u00f8jerne og derefter vaske dem. Fyld maskinen med koldt vand, og brug et sk\u00e5neprogram for bedre at beskytte farverne.<\/p>","protected":false},"excerpt":{"rendered":"<p>Mit dem schwei\u00dfableitenden Modell in Blau zeigst du deine bedingungslose Liebe zu deinem Verein. Nike ver\u00f6ffentlicht mit dem Trikot ein wahrhaft einmaliges Produkt. Jeder wahre FC Barcelona-Supporter braucht dieses Heim-Trikot, denn auch die Spieler tragen es in der Primera Division. Das schwei\u00dfableitende, atmungsaktive, super bequeme und leichte Modell \u00fcberzeugt auf ganzer Linie. Die tolle Optik [&hellip;]<\/p>","protected":false},"featured_media":587,"comment_status":"open","ping_status":"closed","template":"","meta":[],"product_brand":[],"product_cat":[31],"product_tag":[20,33,38,21,24],"class_list":{"0":"post-553","1":"product","2":"type-product","3":"status-publish","4":"has-post-thumbnail","6":"product_cat-fc-barcelona","7":"product_tag-coole-fussballtrikots","8":"product_tag-fc-barcelona-trikots","9":"product_tag-fussball-trikot-langarm","10":"product_tag-fussballtrikot-fuer-herren","11":"product_tag-guenstiges-fussballtrikot","13":"first","14":"instock","15":"shipping-taxable","16":"purchasable","17":"product-type-variable"},"_links":{"self":[{"href":"https:\/\/www.billigtrikotde.com\/da\/wp-json\/wp\/v2\/product\/553","targetHints":{"allow":["GET"]}}],"collection":[{"href":"https:\/\/www.billigtrikotde.com\/da\/wp-json\/wp\/v2\/product"}],"about":[{"href":"https:\/\/www.billigtrikotde.com\/da\/wp-json\/wp\/v2\/types\/product"}],"replies":[{"embeddable":true,"href":"https:\/\/www.billigtrikotde.com\/da\/wp-json\/wp\/v2\/comments?post=553"}],"wp:featuredmedia":[{"embeddable":true,"href":"https:\/\/www.billigtrikotde.com\/da\/wp-json\/wp\/v2\/media\/587"}],"wp:attachment":[{"href":"https:\/\/www.billigtrikotde.com\/da\/wp-json\/wp\/v2\/media?parent=553"}],"wp:term":[{"taxonomy":"product_brand","embeddable":true,"href":"https:\/\/www.billigtrikotde.com\/da\/wp-json\/wp\/v2\/product_brand?post=553"},{"taxonomy":"product_cat","embeddable":true,"href":"https:\/\/www.billigtrikotde.com\/da\/wp-json\/wp\/v2\/product_cat?post=553"},{"taxonomy":"product_tag","embeddable":true,"href":"https:\/\/www.billigtrikotde.com\/da\/wp-json\/wp\/v2\/product_tag?post=553"}],"curies":[{"name":"wp","href":"https:\/\/api.w.org\/{rel}","templated":true}]}}