{"id":5484,"date":"2024-10-23T16:57:00","date_gmt":"2024-10-23T14:57:00","guid":{"rendered":"http:\/\/billigtrikots.com\/?post_type=product&#038;p=5484"},"modified":"2024-10-23T16:59:08","modified_gmt":"2024-10-23T14:59:08","slug":"trikotsatz-paris-saint-germain-heimtrikot-2022-23-blau-mit-aufdruck-pereira-15","status":"publish","type":"product","link":"https:\/\/www.billigtrikotde.com\/da\/vare\/trikotsatz-paris-saint-germain-heimtrikot-2022-23-blau-mit-aufdruck-pereira-15\/","title":{"rendered":"Tr\u00f8jes\u00e6t Paris Saint Germain Hjemmetr\u00e6ning 2022\/23 bl\u00e5 med tryk PEREIRA 15"},"content":{"rendered":"<p>PSG 22-23-tr\u00f8jen har et look, der er inspireret af den klassiske Hechter, men hvor hvid og r\u00f8d er byttet om. Den nye PSG 22-23-tr\u00f8je er den sidste i en lang liste af 22-23-tr\u00f8jer, der for nylig er l\u00e6kket, de fleste mere end et helt \u00e5r f\u00f8r de bliver offentliggjort. Se ogs\u00e5 l\u00e6kkene fra Chelsea, Liverpool og Tottenham. Det er et stilfuldt design, der kun afbrydes af en udsnit af Hechtern\u2026 Fodboldtr\u00f8jedesigner Franco Carabajal har forestillet sig, hvordan tr\u00f8jen uden kunne se ud. PSG 22-23-tr\u00f8jen har en gennemg\u00e5ende Hechter-stribe i stedet for et stort snit i midten. Det f\u00e5r designet til at se meget bedre ud.<br \/>\nFranco har ogs\u00e5 lavet to versioner med Accor Live Limitless-logoet. Vi kan is\u00e6r lide versionen med det lille ACC inde i den hvide tr\u00f8je. I virkeligheden burde udsk\u00e6ringen v\u00e6re endnu st\u00f8rre, da ACC-logoet ogs\u00e5 indeholder teksten Accor Live Limitless nedenunder. Paris Saint-Germain kunne allerede pr\u00e6sentere den nye 22-23-tr\u00f8je i den sidste kamp af s\u00e6sonen mod Metz den 21. maj 2022. Hvis ja, vil de helt sikkert b\u00e6re den med ACC-logoet. Logoerne p\u00e5 Paris Saint-Germain 22-23-tr\u00f8jen er placeret midt, hvor swooshen er synlig under klubbemblemet.<\/p>\n<p>Tips til udskrivning: Hvis navn og nummer p\u00e5 billedet er pr\u00e6cis det, du \u00f8nsker, beh\u00f8ver du ikke at indtaste dem igen. Hvis ikke, skal du indtaste det \u00f8nskede navn og nummer.<\/p>\n<p>Tips til vask: Det anbefales at vaske fodboldtr\u00f8jer i h\u00e5nden. Hvis du vil bruge vaskemaskinen, skal du huske at vende vrangen ud p\u00e5 fodboldtr\u00f8jerne og derefter vaske dem. Fyld maskinen med koldt vand, og brug et sk\u00e5neprogram for bedre at beskytte farverne.<\/p>","protected":false},"excerpt":{"rendered":"<p>PSG 22-23-tr\u00f8jen har et look, der er inspireret af den klassiske Hechter, hvor dog hvid og r\u00f8d er byttet om. Den nye PSG 22-23-tr\u00f8je er den sidste i en lang r\u00e6kke af 22-23-tr\u00f8jer, der for nylig er l\u00e6kket, de fleste mere end et helt \u00e5r f\u00f8r de blev offentliggjort. Se [\u2026]<\/p>","protected":false},"featured_media":5516,"comment_status":"open","ping_status":"closed","template":"","meta":[],"product_brand":[],"product_cat":[39],"product_tag":[20,43,21,22,23,24,44,41,244],"class_list":{"0":"post-5484","1":"product","2":"type-product","3":"status-publish","4":"has-post-thumbnail","6":"product_cat-paris-saint-germain","7":"product_tag-coole-fussballtrikots","8":"product_tag-fussballkleidung","9":"product_tag-fussballtrikot-fuer-herren","10":"product_tag-fussballtrikot-guenstig-kaufen","11":"product_tag-fussballtrikot-kurzarm","12":"product_tag-guenstiges-fussballtrikot","13":"product_tag-paris-saint-germain-auswaertstrikot","14":"product_tag-paris-saint-germain-trikots","15":"product_tag-psg-trikot-2022-23","17":"first","18":"instock","19":"shipping-taxable","20":"purchasable","21":"product-type-variable"},"_links":{"self":[{"href":"https:\/\/www.billigtrikotde.com\/da\/wp-json\/wp\/v2\/product\/5484","targetHints":{"allow":["GET"]}}],"collection":[{"href":"https:\/\/www.billigtrikotde.com\/da\/wp-json\/wp\/v2\/product"}],"about":[{"href":"https:\/\/www.billigtrikotde.com\/da\/wp-json\/wp\/v2\/types\/product"}],"replies":[{"embeddable":true,"href":"https:\/\/www.billigtrikotde.com\/da\/wp-json\/wp\/v2\/comments?post=5484"}],"wp:featuredmedia":[{"embeddable":true,"href":"https:\/\/www.billigtrikotde.com\/da\/wp-json\/wp\/v2\/media\/5516"}],"wp:attachment":[{"href":"https:\/\/www.billigtrikotde.com\/da\/wp-json\/wp\/v2\/media?parent=5484"}],"wp:term":[{"taxonomy":"product_brand","embeddable":true,"href":"https:\/\/www.billigtrikotde.com\/da\/wp-json\/wp\/v2\/product_brand?post=5484"},{"taxonomy":"product_cat","embeddable":true,"href":"https:\/\/www.billigtrikotde.com\/da\/wp-json\/wp\/v2\/product_cat?post=5484"},{"taxonomy":"product_tag","embeddable":true,"href":"https:\/\/www.billigtrikotde.com\/da\/wp-json\/wp\/v2\/product_tag?post=5484"}],"curies":[{"name":"wp","href":"https:\/\/api.w.org\/{rel}","templated":true}]}}