{"id":5398,"date":"2024-10-23T16:53:04","date_gmt":"2024-10-23T14:53:04","guid":{"rendered":"http:\/\/billigtrikots.com\/?post_type=product&#038;p=5398"},"modified":"2025-06-09T04:42:50","modified_gmt":"2025-06-09T02:42:50","slug":"herren-arsenal-2022-2023-heimtrikot-rot-weiss-fussballtrikots-set-outlet","status":"publish","type":"product","link":"https:\/\/www.billigtrikotde.com\/da\/vare\/herren-arsenal-2022-2023-heimtrikot-rot-weiss-fussballtrikots-set-outlet\/","title":{"rendered":"Herre Arsenal 2022-2023 hjemmebanetr\u00f8je r\u00f8d-hvid fodboldtr\u00f8je s\u00e6t Outlet"},"content":{"rendered":"<p>Arsenal 22-23-tr\u00f8jen vil blive lanceret den 19. maj 2022. Det forventes, at f\u00f8rste hold vil b\u00e6re den ved den sidste kamp mod Everton den 22. maj. Som i andre s\u00e6soner vil den nye udebanetr\u00f8je til s\u00e6sonen 2022-23 blive lanceret som en del af USA-turen i juli. Den vil sandsynligvis blive pr\u00e6senteret for f\u00f8rste gang mod Everton (16. juli). Arsenal kan ogs\u00e5 b\u00e6re den mod Orlando City (20. juli) og Chelsea (23. juli).<\/p>\n<p>Tips til udskrivning: Hvis navn og nummer p\u00e5 billedet er pr\u00e6cis det, du \u00f8nsker, beh\u00f8ver du ikke at indtaste dem igen. Hvis ikke, skal du indtaste det \u00f8nskede navn og nummer.<\/p>\n<p>Tips til vask: Det anbefales at vaske fodboldtr\u00f8jer i h\u00e5nden. Hvis du vil bruge vaskemaskinen, skal du huske at vende vrangen ud p\u00e5 fodboldtr\u00f8jerne og derefter vaske dem. Fyld maskinen med koldt vand, og brug et sk\u00e5neprogram for bedre at beskytte farverne.<\/p>","protected":false},"excerpt":{"rendered":"<p>Arsenal 22-23-tr\u00f8jen vil blive lanceret den 19. maj 2022. Det forventes, at f\u00f8rsteholdet vil b\u00e6re den ved den sidste kamp mod Everton den 22. maj. Som i andre s\u00e6soner vil den nye udebanetr\u00f8je til s\u00e6sonen 2022-23 blive lanceret som en del af USA-turen i juli. Det [\u2026]<\/p>","protected":false},"featured_media":5431,"comment_status":"open","ping_status":"closed","template":"","meta":[],"product_brand":[],"product_cat":[55],"product_tag":[243,20,21,22,23,54,24],"class_list":{"0":"post-5398","1":"product","2":"type-product","3":"status-publish","4":"has-post-thumbnail","6":"product_cat-arsenal","7":"product_tag-arsenal-2022-2023-heimtrikot","8":"product_tag-coole-fussballtrikots","9":"product_tag-fussballtrikot-fuer-herren","10":"product_tag-fussballtrikot-guenstig-kaufen","11":"product_tag-fussballtrikot-kurzarm","12":"product_tag-fussballtrikot-set","13":"product_tag-guenstiges-fussballtrikot","15":"first","16":"instock","17":"shipping-taxable","18":"purchasable","19":"product-type-variable"},"_links":{"self":[{"href":"https:\/\/www.billigtrikotde.com\/da\/wp-json\/wp\/v2\/product\/5398","targetHints":{"allow":["GET"]}}],"collection":[{"href":"https:\/\/www.billigtrikotde.com\/da\/wp-json\/wp\/v2\/product"}],"about":[{"href":"https:\/\/www.billigtrikotde.com\/da\/wp-json\/wp\/v2\/types\/product"}],"replies":[{"embeddable":true,"href":"https:\/\/www.billigtrikotde.com\/da\/wp-json\/wp\/v2\/comments?post=5398"}],"wp:featuredmedia":[{"embeddable":true,"href":"https:\/\/www.billigtrikotde.com\/da\/wp-json\/wp\/v2\/media\/5431"}],"wp:attachment":[{"href":"https:\/\/www.billigtrikotde.com\/da\/wp-json\/wp\/v2\/media?parent=5398"}],"wp:term":[{"taxonomy":"product_brand","embeddable":true,"href":"https:\/\/www.billigtrikotde.com\/da\/wp-json\/wp\/v2\/product_brand?post=5398"},{"taxonomy":"product_cat","embeddable":true,"href":"https:\/\/www.billigtrikotde.com\/da\/wp-json\/wp\/v2\/product_cat?post=5398"},{"taxonomy":"product_tag","embeddable":true,"href":"https:\/\/www.billigtrikotde.com\/da\/wp-json\/wp\/v2\/product_tag?post=5398"}],"curies":[{"name":"wp","href":"https:\/\/api.w.org\/{rel}","templated":true}]}}