{"id":523,"date":"2024-10-23T12:52:53","date_gmt":"2024-10-23T10:52:53","guid":{"rendered":"http:\/\/billigtrikots.com\/?post_type=product&#038;p=523"},"modified":"2024-10-23T12:54:50","modified_gmt":"2024-10-23T10:54:50","slug":"luis-suarez-9-barcelona-heimtrikot-2021-22-fussball-trikot-langarm-kurze-hosen","status":"publish","type":"product","link":"https:\/\/www.billigtrikotde.com\/da\/vare\/luis-suarez-9-barcelona-heimtrikot-2021-22-fussball-trikot-langarm-kurze-hosen\/","title":{"rendered":"Luis Suarez 9# Barcelona Hjemmebanetr\u00f8je 2021\/22 Fodboldtr\u00f8je Lang\u00e6rmet + Shorts"},"content":{"rendered":"<p>Vis dit tilh\u00f8rsforhold til dit hold med denne bl\u00e5 letv\u00e6gtstr\u00f8je. Nike-tr\u00f8jen vil helt sikkert g\u00f8re dig begejstret. Mere st\u00f8tte er n\u00e6ppe muligt! Med denne FC Barcelona-hjemmebanetr\u00f8je kan du udvide din fansamling med en genstand, som spillerne i Primera Division b\u00e6rer. Den superkomfortable, svedtransporterende, \u00e5ndbare og lette funktionalitet g\u00f8r den til en vinder. Med denne sportstr\u00f8je er du perfekt udstyret til hver eneste tr\u00e6ning. Klubv\u00e5benet p\u00e5 brystet g\u00f8r den til et absolut h\u00f8jdepunkt. Denne stilfulde model er lige noget for dig, hvis du er p\u00e5 udkig efter en bl\u00e5 sportstop med stil.<\/p>\n<p>Tips til udskrivning: Hvis navn og nummer p\u00e5 billedet er pr\u00e6cis det, du \u00f8nsker, beh\u00f8ver du ikke at indtaste dem igen. Hvis ikke, skal du indtaste det \u00f8nskede navn og nummer.<\/p>\n<p>Tips til vask: Det anbefales at vaske fodboldtr\u00f8jer i h\u00e5nden. Hvis du vil bruge vaskemaskinen, skal du huske at vende vrangen ud p\u00e5 fodboldtr\u00f8jerne og derefter vaske dem. Fyld maskinen med koldt vand, og brug et sk\u00e5neprogram for bedre at beskytte farverne.<\/p>","protected":false},"excerpt":{"rendered":"<p>Zeige deine Zugeh\u00f6rigkeit zu deinem Team durch das leichte Modell in Blau. Das Nike Trikot sorgt f\u00fcr wahre Begeisterung. Mehr Support geht kaum! Mit diesem FC Barcelona-Heim-Trikot erweiterst du deine Fan-Kollektion um einen Artikel, wie ihn die Spieler in der Primera Division tragen. Die super bequeme, schwei\u00dfableitende, atmungsaktive und leichte Funktionsweise l\u00e4sst es \u00fcberzeugen. Mit [&hellip;]<\/p>","protected":false},"featured_media":562,"comment_status":"open","ping_status":"closed","template":"","meta":[],"product_brand":[],"product_cat":[31],"product_tag":[20,33,38,21,24],"class_list":{"0":"post-523","1":"product","2":"type-product","3":"status-publish","4":"has-post-thumbnail","6":"product_cat-fc-barcelona","7":"product_tag-coole-fussballtrikots","8":"product_tag-fc-barcelona-trikots","9":"product_tag-fussball-trikot-langarm","10":"product_tag-fussballtrikot-fuer-herren","11":"product_tag-guenstiges-fussballtrikot","13":"first","14":"instock","15":"shipping-taxable","16":"purchasable","17":"product-type-variable"},"_links":{"self":[{"href":"https:\/\/www.billigtrikotde.com\/da\/wp-json\/wp\/v2\/product\/523","targetHints":{"allow":["GET"]}}],"collection":[{"href":"https:\/\/www.billigtrikotde.com\/da\/wp-json\/wp\/v2\/product"}],"about":[{"href":"https:\/\/www.billigtrikotde.com\/da\/wp-json\/wp\/v2\/types\/product"}],"replies":[{"embeddable":true,"href":"https:\/\/www.billigtrikotde.com\/da\/wp-json\/wp\/v2\/comments?post=523"}],"wp:featuredmedia":[{"embeddable":true,"href":"https:\/\/www.billigtrikotde.com\/da\/wp-json\/wp\/v2\/media\/562"}],"wp:attachment":[{"href":"https:\/\/www.billigtrikotde.com\/da\/wp-json\/wp\/v2\/media?parent=523"}],"wp:term":[{"taxonomy":"product_brand","embeddable":true,"href":"https:\/\/www.billigtrikotde.com\/da\/wp-json\/wp\/v2\/product_brand?post=523"},{"taxonomy":"product_cat","embeddable":true,"href":"https:\/\/www.billigtrikotde.com\/da\/wp-json\/wp\/v2\/product_cat?post=523"},{"taxonomy":"product_tag","embeddable":true,"href":"https:\/\/www.billigtrikotde.com\/da\/wp-json\/wp\/v2\/product_tag?post=523"}],"curies":[{"name":"wp","href":"https:\/\/api.w.org\/{rel}","templated":true}]}}