{"id":5155,"date":"2024-10-23T16:26:31","date_gmt":"2024-10-23T14:26:31","guid":{"rendered":"http:\/\/billigtrikots.com\/?post_type=product&#038;p=5155"},"modified":"2024-10-23T16:28:43","modified_gmt":"2024-10-23T14:28:43","slug":"brasilien-2022-wm-heimtrikots-gelb-trikotsatz-kurzarm-kurze-hosen-blau-a-becke-1","status":"publish","type":"product","link":"https:\/\/www.billigtrikotde.com\/da\/vare\/brasilien-2022-wm-heimtrikots-gelb-trikotsatz-kurzarm-kurze-hosen-blau-a-becke-1\/","title":{"rendered":"Brasilien 2022 VM Hjemmebanetr\u00f8je Gul S\u00e6t Kort\u00e6rmet + Shorts Bl\u00e5 A.BECKE 1"},"content":{"rendered":"<p>Forud for morgendagens kamp mellem Brasilien og Argentina har vi f\u00e5et flere detaljer om designet af hjemmebanetr\u00f8jen til VM i 2022.2022 VM-tr\u00f8jen produceret af Nike vil blive afsl\u00f8ret i anden halvdel af \u00e5ret og har et nyt, lysere farveskema.Nike Brazil 2022 fodboldtr\u00f8jen bytter den klassiske gule farve ud med en lysende gul, officielt \"Dynamic Yellow\". Farvens udseende er blevet beskrevet for os som \"n\u00e6sten neongul\".<\/p>\n<p>Hvad ang\u00e5r designet, vil Brasilien 2022 VM-tr\u00f8jen have en lille traditionel krave, farvet gul og dekoreret med en gr\u00f8n og en bl\u00e5 stribe. Bem\u00e6rk, at vores billede ovenfor kun er en forh\u00e5ndsvisning, og at det endelige tr\u00f8jedesign kan se anderledes ud.Farverne p\u00e5 Nike Brazil 2022 VM-hjemmetr\u00f8jen minder om VM-vindertr\u00f8jen fra 2002 - det kan ses som en hyldest til 20-\u00e5rsdagen for dens udgivelse.Nike kombinerer Nike Brazil 2022-tr\u00f8jen med lyse turkisgr\u00f8nne logoer (Green Spark) og en fyldig bl\u00e5 til detaljer (Paramount Blue).<\/p>\n<p>Tips til udskrivning: Hvis navn og nummer p\u00e5 billedet er pr\u00e6cis det, du \u00f8nsker, beh\u00f8ver du ikke at indtaste dem igen. Hvis ikke, skal du indtaste det \u00f8nskede navn og nummer.<\/p>\n<p>Tips til vask: Det anbefales at vaske fodboldtr\u00f8jer i h\u00e5nden. Hvis du vil bruge vaskemaskinen, skal du huske at vende vrangen ud p\u00e5 fodboldtr\u00f8jerne og derefter vaske dem. Fyld maskinen med koldt vand, og brug et sk\u00e5neprogram for bedre at beskytte farverne.<\/p>","protected":false},"excerpt":{"rendered":"<p>Vor dem morgigen Spiel Brasilien gegen Argentinien haben wir genauere Informationen \u00fcber das Design des Heimtrikots f\u00fcr die WM 2022 erhalten.Das von Nike hergestellte Trikot f\u00fcr die WM 2022 wird in der zweiten Jahresh\u00e4lfte vorgestellt und hat ein neues, helleres Farbschema.Das Nike Brasilien 2022 Fu\u00dfballtrikot tauscht das klassische Gelb gegen ein leuchtendes Gelb, offiziell &#8222;Dynamic [&hellip;]<\/p>","protected":false},"featured_media":5195,"comment_status":"open","ping_status":"closed","template":"","meta":[],"product_brand":[],"product_cat":[112],"product_tag":[20,210,114,222,21,22,23,24],"class_list":{"0":"post-5155","1":"product","2":"type-product","3":"status-publish","4":"has-post-thumbnail","6":"product_cat-brasilien-trikots","7":"product_tag-coole-fussballtrikots","8":"product_tag-brasilien-auswaertstrikot","9":"product_tag-brasilien-trikots","10":"product_tag-fussball-wm-2022-trikots","11":"product_tag-fussballtrikot-fuer-herren","12":"product_tag-fussballtrikot-guenstig-kaufen","13":"product_tag-fussballtrikot-kurzarm","14":"product_tag-guenstiges-fussballtrikot","16":"first","17":"instock","18":"shipping-taxable","19":"purchasable","20":"product-type-variable"},"_links":{"self":[{"href":"https:\/\/www.billigtrikotde.com\/da\/wp-json\/wp\/v2\/product\/5155","targetHints":{"allow":["GET"]}}],"collection":[{"href":"https:\/\/www.billigtrikotde.com\/da\/wp-json\/wp\/v2\/product"}],"about":[{"href":"https:\/\/www.billigtrikotde.com\/da\/wp-json\/wp\/v2\/types\/product"}],"replies":[{"embeddable":true,"href":"https:\/\/www.billigtrikotde.com\/da\/wp-json\/wp\/v2\/comments?post=5155"}],"wp:featuredmedia":[{"embeddable":true,"href":"https:\/\/www.billigtrikotde.com\/da\/wp-json\/wp\/v2\/media\/5195"}],"wp:attachment":[{"href":"https:\/\/www.billigtrikotde.com\/da\/wp-json\/wp\/v2\/media?parent=5155"}],"wp:term":[{"taxonomy":"product_brand","embeddable":true,"href":"https:\/\/www.billigtrikotde.com\/da\/wp-json\/wp\/v2\/product_brand?post=5155"},{"taxonomy":"product_cat","embeddable":true,"href":"https:\/\/www.billigtrikotde.com\/da\/wp-json\/wp\/v2\/product_cat?post=5155"},{"taxonomy":"product_tag","embeddable":true,"href":"https:\/\/www.billigtrikotde.com\/da\/wp-json\/wp\/v2\/product_tag?post=5155"}],"curies":[{"name":"wp","href":"https:\/\/api.w.org\/{rel}","templated":true}]}}