{"id":5117,"date":"2024-10-23T16:24:19","date_gmt":"2024-10-23T14:24:19","guid":{"rendered":"http:\/\/billigtrikots.com\/?post_type=product&#038;p=5117"},"modified":"2024-10-23T16:27:01","modified_gmt":"2024-10-23T14:27:01","slug":"inter-mailand-stadium-jersey-fussball-trikot-kurzarm-guenstige-heimtrikot-de-vrij-6","status":"publish","type":"product","link":"https:\/\/www.billigtrikotde.com\/da\/vare\/inter-mailand-stadium-jersey-fussball-trikot-kurzarm-guenstige-heimtrikot-de-vrij-6\/","title":{"rendered":"Inter Milan Stadium Jersey Fodboldtr\u00f8je Kort\u00e6rmet Billig Hjemmetr\u00f8je EN VRIJ 6"},"content":{"rendered":"<p>De f\u00f8rste \u00e6gte billeder af T-shirten fra den kommende Nike x Inter-kollektion er l\u00e6kket. Inspireret af den kommende fjerde tr\u00f8je fra Inter, viser den et lignende design som tr\u00f8jen. Nike Inter Mailands fjerde tr\u00f8je 2020-2021 pr\u00e6senterer sig i et us\u00e6dvanligt design, der kombinerer forskellige m\u00f8nstre og grafik i et mashup-look.<\/p>\n<p>Nike Inter Mailands sommerkollektion 20-21 introducerer friske looks. Inspireret af den fjerde tr\u00f8je og 20-21 pre-match-kollektionen og lifestyle-kollektionen for klubben, kombinerer Nike Inter 20-21 sommerkollektion forskellige designs til en artikel.<\/p>\n<p>Tips til udskrivning: Hvis navn og nummer p\u00e5 billedet er pr\u00e6cis det, du \u00f8nsker, beh\u00f8ver du ikke at indtaste dem igen. Hvis ikke, skal du indtaste det \u00f8nskede navn og nummer.<\/p>\n<p>Tips til vask: Det anbefales at vaske fodboldtr\u00f8jer i h\u00e5nden. Hvis du vil bruge vaskemaskinen, skal du huske at vende vrangen ud p\u00e5 fodboldtr\u00f8jerne og derefter vaske dem. Fyld maskinen med koldt vand, og brug et sk\u00e5neprogram for bedre at beskytte farverne.<\/p>","protected":false},"excerpt":{"rendered":"<p>De f\u00f8rste \u00e6gte billeder af T-shirten fra den kommende Nike x Inter-kollektion er l\u00e6kket. Inspireret af den kommende fjerde tr\u00f8je fra Inter, viser den et lignende design som tr\u00f8jen. Nike Inter Mailands fjerde tr\u00f8je 2020-2021 pr\u00e6senterer sig i et us\u00e6dvanligt design, der kombinerer forskellige m\u00f8nstre og grafik i et mashup-look.<\/p>","protected":false},"featured_media":5154,"comment_status":"open","ping_status":"closed","template":"","meta":[],"product_brand":[],"product_cat":[77],"product_tag":[20,21,22,23,24,241,78],"class_list":{"0":"post-5117","1":"product","2":"type-product","3":"status-publish","4":"has-post-thumbnail","6":"product_cat-inter-milan","7":"product_tag-coole-fussballtrikots","8":"product_tag-fussballtrikot-fuer-herren","9":"product_tag-fussballtrikot-guenstig-kaufen","10":"product_tag-fussballtrikot-kurzarm","11":"product_tag-guenstiges-fussballtrikot","12":"product_tag-inter-mailand-ausweichtrikot","13":"product_tag-inter-milan-trikots","15":"first","16":"instock","17":"shipping-taxable","18":"purchasable","19":"product-type-variable"},"_links":{"self":[{"href":"https:\/\/www.billigtrikotde.com\/da\/wp-json\/wp\/v2\/product\/5117","targetHints":{"allow":["GET"]}}],"collection":[{"href":"https:\/\/www.billigtrikotde.com\/da\/wp-json\/wp\/v2\/product"}],"about":[{"href":"https:\/\/www.billigtrikotde.com\/da\/wp-json\/wp\/v2\/types\/product"}],"replies":[{"embeddable":true,"href":"https:\/\/www.billigtrikotde.com\/da\/wp-json\/wp\/v2\/comments?post=5117"}],"wp:featuredmedia":[{"embeddable":true,"href":"https:\/\/www.billigtrikotde.com\/da\/wp-json\/wp\/v2\/media\/5154"}],"wp:attachment":[{"href":"https:\/\/www.billigtrikotde.com\/da\/wp-json\/wp\/v2\/media?parent=5117"}],"wp:term":[{"taxonomy":"product_brand","embeddable":true,"href":"https:\/\/www.billigtrikotde.com\/da\/wp-json\/wp\/v2\/product_brand?post=5117"},{"taxonomy":"product_cat","embeddable":true,"href":"https:\/\/www.billigtrikotde.com\/da\/wp-json\/wp\/v2\/product_cat?post=5117"},{"taxonomy":"product_tag","embeddable":true,"href":"https:\/\/www.billigtrikotde.com\/da\/wp-json\/wp\/v2\/product_tag?post=5117"}],"curies":[{"name":"wp","href":"https:\/\/api.w.org\/{rel}","templated":true}]}}