{"id":5062,"date":"2024-10-23T16:21:04","date_gmt":"2024-10-23T14:21:04","guid":{"rendered":"http:\/\/billigtrikots.com\/?post_type=product&#038;p=5062"},"modified":"2024-10-23T16:23:34","modified_gmt":"2024-10-23T14:23:34","slug":"fc-barcelona-2022-23-heimtrikot-dunkles-blau-trikotsatz-kurzarm-mit-aufdruck-messi-10","status":"publish","type":"product","link":"https:\/\/www.billigtrikotde.com\/da\/vare\/fc-barcelona-2022-23-heimtrikot-dunkles-blau-trikotsatz-kurzarm-mit-aufdruck-messi-10\/","title":{"rendered":"FC Barcelona 2022\/23 hjemme-tr\u00f8je m\u00f8rk bl\u00e5 Tr\u00f8jes\u00e6t korte \u00e6rmer med tryk MESSI 10"},"content":{"rendered":"<p>FC Barcelona 2022-23-tr\u00f8jen introducerer et stilfuldt look ved at supplere de traditionelle Blaugrana-striber med m\u00f8rkebl\u00e5.<\/p>\n<p>\u00c6rmerne og kraven p\u00e5 Barcelona 22-23-tr\u00f8jen er ensfarvet marinebl\u00e5, mens forsiden har ret brede striber i marinebl\u00e5, kongebl\u00e5 og r\u00f8d.<\/p>\n<p>Det officielle navn p\u00e5 den m\u00f8rkebl\u00e5 farve p\u00e5 tr\u00f8jen er \u201cObsidian\u201d, hvilket ogs\u00e5 er farven p\u00e5 logoerne p\u00e5 den gule udebanetr\u00f8je.<\/p>\n<p>Inden for de bl\u00e5 og r\u00f8de striber p\u00e5 forsiden af Nike FC Barcelona 2022-2023 Hjemmetr\u00f8je er der et diskret tryk, som ogs\u00e5 vil v\u00e6re synligt p\u00e5 flere andre varer i kollektionen, herunder ogs\u00e5 p\u00e5 Pre-Match-tr\u00f8jen.<\/p>\n<p>If\u00f8lge en tidligere rapport fra SPORT blev designet ogs\u00e5 inspireret af OL i 1992 i Barcelona og den forandring, byen har gennemg\u00e5et. Denne inspiration er endnu tydeligere p\u00e5 udebanetr\u00f8jen, der har dekorationer i designet af de olympiske medaljeb\u00e5nd fra for 30 \u00e5r siden.<\/p>\n<p>Bukserne og str\u00f8mperne p\u00e5 Barcelona 22-23 Hjemmetr\u00f8je afspejler den m\u00f8rkebl\u00e5 farve, et gennemg\u00e5ende tema i historien om klubbens hjemmetr\u00f8jer.<\/p>\n<p>Tips til udskrivning: Hvis navn og nummer p\u00e5 billedet er pr\u00e6cis det, du \u00f8nsker, beh\u00f8ver du ikke at indtaste dem igen. Hvis ikke, skal du indtaste det \u00f8nskede navn og nummer.<\/p>\n<p>Tips til vask: Det anbefales at vaske fodboldtr\u00f8jer i h\u00e5nden. Hvis du vil bruge vaskemaskinen, skal du huske at vende vrangen ud p\u00e5 fodboldtr\u00f8jerne og derefter vaske dem. Fyld maskinen med koldt vand, og brug et sk\u00e5neprogram for bedre at beskytte farverne.<\/p>","protected":false},"excerpt":{"rendered":"<p>FC Barcelona 2022-23-tr\u00f8jen introducerer et stilfuldt look ved at supplere de traditionelle Blaugrana-striber med m\u00f8rkebl\u00e5. \u00c6rmerne og kraven p\u00e5 Barcelona 22-23-tr\u00f8jen er ensfarvet marinebl\u00e5, mens forsiden har ret brede striber i marinebl\u00e5, kongebl\u00e5 og r\u00f8d. Den officielle navn p\u00e5 den m\u00f8rkebl\u00e5 farve p\u00e5 tr\u00f8jen er \u201cObsidian\u201d, hvilket ogs\u00e5 er...<\/p>","protected":false},"featured_media":5102,"comment_status":"open","ping_status":"closed","template":"","meta":[],"product_brand":[],"product_cat":[31],"product_tag":[32,20,33,21,22,23,24],"class_list":{"0":"post-5062","1":"product","2":"type-product","3":"status-publish","4":"has-post-thumbnail","6":"product_cat-fc-barcelona","7":"product_tag-barcelona-heimtrikot","8":"product_tag-coole-fussballtrikots","9":"product_tag-fc-barcelona-trikots","10":"product_tag-fussballtrikot-fuer-herren","11":"product_tag-fussballtrikot-guenstig-kaufen","12":"product_tag-fussballtrikot-kurzarm","13":"product_tag-guenstiges-fussballtrikot","15":"first","16":"instock","17":"shipping-taxable","18":"purchasable","19":"product-type-variable"},"_links":{"self":[{"href":"https:\/\/www.billigtrikotde.com\/da\/wp-json\/wp\/v2\/product\/5062","targetHints":{"allow":["GET"]}}],"collection":[{"href":"https:\/\/www.billigtrikotde.com\/da\/wp-json\/wp\/v2\/product"}],"about":[{"href":"https:\/\/www.billigtrikotde.com\/da\/wp-json\/wp\/v2\/types\/product"}],"replies":[{"embeddable":true,"href":"https:\/\/www.billigtrikotde.com\/da\/wp-json\/wp\/v2\/comments?post=5062"}],"wp:featuredmedia":[{"embeddable":true,"href":"https:\/\/www.billigtrikotde.com\/da\/wp-json\/wp\/v2\/media\/5102"}],"wp:attachment":[{"href":"https:\/\/www.billigtrikotde.com\/da\/wp-json\/wp\/v2\/media?parent=5062"}],"wp:term":[{"taxonomy":"product_brand","embeddable":true,"href":"https:\/\/www.billigtrikotde.com\/da\/wp-json\/wp\/v2\/product_brand?post=5062"},{"taxonomy":"product_cat","embeddable":true,"href":"https:\/\/www.billigtrikotde.com\/da\/wp-json\/wp\/v2\/product_cat?post=5062"},{"taxonomy":"product_tag","embeddable":true,"href":"https:\/\/www.billigtrikotde.com\/da\/wp-json\/wp\/v2\/product_tag?post=5062"}],"curies":[{"name":"wp","href":"https:\/\/api.w.org\/{rel}","templated":true}]}}