{"id":4829,"date":"2024-10-23T16:08:49","date_gmt":"2024-10-23T14:08:49","guid":{"rendered":"http:\/\/billigtrikots.com\/?post_type=product&#038;p=4829"},"modified":"2024-10-23T16:10:58","modified_gmt":"2024-10-23T14:10:58","slug":"spanien-heimtrikot-home-em-2022-rot-kurzarm-kurze-hosen-m-llorente-6","status":"publish","type":"product","link":"https:\/\/www.billigtrikotde.com\/da\/vare\/spanien-heimtrikot-home-em-2022-rot-kurzarm-kurze-hosen-m-llorente-6\/","title":{"rendered":"Spanien Hjemmetr\u00f8je Home EM 2022 R\u00f8d Kort\u00e6rmet + Shorts M.LLORENTE 6"},"content":{"rendered":"<p>Das neue Spanien Em 2022 Trikot f\u00fchrt einen ungew\u00f6hnlichen Look ein, obwohl es die traditionellen Farben Rot und Gelb aufweist.Laut Adidas weist das Spanien 2022 Fu\u00dfballtrikot ein \u201everpixeltes Design auf, das von der Landesflagge inspiriert ist\u201c. Dies f\u00fchrt zu einem Karo-Design in verschiedenen Rott\u00f6nen, die auf den unterschiedlich farbigen \u00c4rmeln fortgef\u00fchrt werden.Die Drei Streifen befinden sich auf den Schultern des Adidas Spanien EM 2020 Trikots, w\u00e4hrend ein von den 90er Jahren inspirierter Kragen das Design abrundet.<\/p>\n<p>Tips til udskrivning: Hvis navn og nummer p\u00e5 billedet er pr\u00e6cis det, du \u00f8nsker, beh\u00f8ver du ikke at indtaste dem igen. Hvis ikke, skal du indtaste det \u00f8nskede navn og nummer.<\/p>\n<p>Tips til vask: Det anbefales at vaske fodboldtr\u00f8jer i h\u00e5nden. Hvis du vil bruge vaskemaskinen, skal du huske at vende vrangen ud p\u00e5 fodboldtr\u00f8jerne og derefter vaske dem. Fyld maskinen med koldt vand, og brug et sk\u00e5neprogram for bedre at beskytte farverne.<\/p>","protected":false},"excerpt":{"rendered":"<p>Den nye Spanien EM 2022 tr\u00f8je introducerer et us\u00e6dvanligt look, selvom den har de traditionelle farver r\u00f8d og gul. If\u00f8lge Adidas har Spanien 2022 fodboldtr\u00f8jen et \u201epixeliseret design, der er inspireret af landets flag\u201c. Dette f\u00f8rer til et ternet design i forskellige r\u00f8dlige nuancer, som forts\u00e6tter p\u00e5 de forskellige farvede \u00e6rmer. De tre striber [\u2026]<\/p>","protected":false},"featured_media":4869,"comment_status":"open","ping_status":"closed","template":"","meta":[],"product_brand":[],"product_cat":[131],"product_tag":[20,21,22,23,24,132],"class_list":{"0":"post-4829","1":"product","2":"type-product","3":"status-publish","4":"has-post-thumbnail","6":"product_cat-spanien-trikots","7":"product_tag-coole-fussballtrikots","8":"product_tag-fussballtrikot-fuer-herren","9":"product_tag-fussballtrikot-guenstig-kaufen","10":"product_tag-fussballtrikot-kurzarm","11":"product_tag-guenstiges-fussballtrikot","12":"product_tag-spanien-heimtrikot","14":"first","15":"instock","16":"shipping-taxable","17":"purchasable","18":"product-type-variable"},"_links":{"self":[{"href":"https:\/\/www.billigtrikotde.com\/da\/wp-json\/wp\/v2\/product\/4829","targetHints":{"allow":["GET"]}}],"collection":[{"href":"https:\/\/www.billigtrikotde.com\/da\/wp-json\/wp\/v2\/product"}],"about":[{"href":"https:\/\/www.billigtrikotde.com\/da\/wp-json\/wp\/v2\/types\/product"}],"replies":[{"embeddable":true,"href":"https:\/\/www.billigtrikotde.com\/da\/wp-json\/wp\/v2\/comments?post=4829"}],"wp:featuredmedia":[{"embeddable":true,"href":"https:\/\/www.billigtrikotde.com\/da\/wp-json\/wp\/v2\/media\/4869"}],"wp:attachment":[{"href":"https:\/\/www.billigtrikotde.com\/da\/wp-json\/wp\/v2\/media?parent=4829"}],"wp:term":[{"taxonomy":"product_brand","embeddable":true,"href":"https:\/\/www.billigtrikotde.com\/da\/wp-json\/wp\/v2\/product_brand?post=4829"},{"taxonomy":"product_cat","embeddable":true,"href":"https:\/\/www.billigtrikotde.com\/da\/wp-json\/wp\/v2\/product_cat?post=4829"},{"taxonomy":"product_tag","embeddable":true,"href":"https:\/\/www.billigtrikotde.com\/da\/wp-json\/wp\/v2\/product_tag?post=4829"}],"curies":[{"name":"wp","href":"https:\/\/api.w.org\/{rel}","templated":true}]}}