{"id":4793,"date":"2024-10-23T16:07:08","date_gmt":"2024-10-23T14:07:08","guid":{"rendered":"http:\/\/billigtrikots.com\/?post_type=product&#038;p=4793"},"modified":"2024-10-23T16:09:14","modified_gmt":"2024-10-23T14:09:14","slug":"spanien-auswaertstrikot-em-2021-weiss-kurzarm-kurze-hosen-morata-7","status":"publish","type":"product","link":"https:\/\/www.billigtrikotde.com\/da\/vare\/spanien-auswaertstrikot-em-2021-weiss-kurzarm-kurze-hosen-morata-7\/","title":{"rendered":"Spanien udebanetr\u00f8je EM 2021 hvid kort\u00e6rmet + korte shorts MORATA 7"},"content":{"rendered":"<p>Du st\u00f8tter dit hold i gode som i d\u00e5rlige tider med den \u00e5ndbare model i hvid. Sikkert den perfekte beslutning \u2013 tr\u00f8jen fra adidas. Som \u00e6gte Spanien-fan har du brug for denne udebanetr\u00f8je, som spillerne b\u00e6rer ved Europamesterskabet. Den komfortable, svedtransporterende, \u00e5ndbare og lette funktion g\u00f8r den overbevisende. En h\u00f8j holdbarhed tilbydes dig. Det flotte udseende af denne tr\u00f8je understreges af et forbundslogo p\u00e5 brystet. Med denne tr\u00f8je viser du dit hold\u00e5nd og ser sporty ud overalt.<\/p>\n<p>Nogle \u00f8jeblikke forbliver for altid i hukommelsen. Sikkert husker enhver Spanien-fan jubelen og konfettiregnen, da holdet i Sydafrika kunne l\u00f8fte pokalen. Udebanetr\u00f8jen tager dette billede op med et abstrakt, som om det er h\u00e5ndmalet design. Det bl\u00f8de, hurtigt\u00f8rrende materiale sikrer ogs\u00e5 en behagelig b\u00e6reoplevelse p\u00e5 banen eller i stadionet. Det v\u00e6vede forbundslogo p\u00e5 brystet viser, hvilket hold dit hjerte banker for.<\/p>\n<p>Tips til udskrivning: Hvis navn og nummer p\u00e5 billedet er pr\u00e6cis det, du \u00f8nsker, beh\u00f8ver du ikke at indtaste dem igen. Hvis ikke, skal du indtaste det \u00f8nskede navn og nummer.<\/p>\n<p>Tips til vask: Det anbefales at vaske fodboldtr\u00f8jer i h\u00e5nden. Hvis du vil bruge vaskemaskinen, skal du huske at vende vrangen ud p\u00e5 fodboldtr\u00f8jerne og derefter vaske dem. Fyld maskinen med koldt vand, og brug et sk\u00e5neprogram for bedre at beskytte farverne.<\/p>","protected":false},"excerpt":{"rendered":"<p>Du st\u00f8tter dit hold i gode og d\u00e5rlige tider med den \u00e5ndbare model i hvid. Sikkert den perfekte beslutning \u2013 tr\u00f8jen fra adidas. Som \u00e6gte Spanien-fan har du brug for denne udebanetr\u00f8je, som spillerne b\u00e6rer ved Europamesterskabet. Den behagelige, svedtransporterende, \u00e5ndbare og lette funktion g\u00f8r den overbevisende. En h\u00f8j holdbarhed tilbydes dig. [...]<\/p>","protected":false},"featured_media":4833,"comment_status":"open","ping_status":"closed","template":"","meta":[],"product_brand":[],"product_cat":[131],"product_tag":[20,21,22,23,24,132],"class_list":{"0":"post-4793","1":"product","2":"type-product","3":"status-publish","4":"has-post-thumbnail","6":"product_cat-spanien-trikots","7":"product_tag-coole-fussballtrikots","8":"product_tag-fussballtrikot-fuer-herren","9":"product_tag-fussballtrikot-guenstig-kaufen","10":"product_tag-fussballtrikot-kurzarm","11":"product_tag-guenstiges-fussballtrikot","12":"product_tag-spanien-heimtrikot","14":"first","15":"instock","16":"shipping-taxable","17":"purchasable","18":"product-type-variable"},"_links":{"self":[{"href":"https:\/\/www.billigtrikotde.com\/da\/wp-json\/wp\/v2\/product\/4793","targetHints":{"allow":["GET"]}}],"collection":[{"href":"https:\/\/www.billigtrikotde.com\/da\/wp-json\/wp\/v2\/product"}],"about":[{"href":"https:\/\/www.billigtrikotde.com\/da\/wp-json\/wp\/v2\/types\/product"}],"replies":[{"embeddable":true,"href":"https:\/\/www.billigtrikotde.com\/da\/wp-json\/wp\/v2\/comments?post=4793"}],"wp:featuredmedia":[{"embeddable":true,"href":"https:\/\/www.billigtrikotde.com\/da\/wp-json\/wp\/v2\/media\/4833"}],"wp:attachment":[{"href":"https:\/\/www.billigtrikotde.com\/da\/wp-json\/wp\/v2\/media?parent=4793"}],"wp:term":[{"taxonomy":"product_brand","embeddable":true,"href":"https:\/\/www.billigtrikotde.com\/da\/wp-json\/wp\/v2\/product_brand?post=4793"},{"taxonomy":"product_cat","embeddable":true,"href":"https:\/\/www.billigtrikotde.com\/da\/wp-json\/wp\/v2\/product_cat?post=4793"},{"taxonomy":"product_tag","embeddable":true,"href":"https:\/\/www.billigtrikotde.com\/da\/wp-json\/wp\/v2\/product_tag?post=4793"}],"curies":[{"name":"wp","href":"https:\/\/api.w.org\/{rel}","templated":true}]}}