{"id":473,"date":"2024-10-23T12:50:42","date_gmt":"2024-10-23T10:50:42","guid":{"rendered":"http:\/\/billigtrikots.com\/?post_type=product&#038;p=473"},"modified":"2024-10-23T12:52:43","modified_gmt":"2024-10-23T10:52:43","slug":"fc-barcelona-herren-3rd-trikot-2021-22-dunkelblau-gelb-mit-aufdruck-kun-agueero-19","status":"publish","type":"product","link":"https:\/\/www.billigtrikotde.com\/da\/vare\/fc-barcelona-herren-3rd-trikot-2021-22-dunkelblau-gelb-mit-aufdruck-kun-agueero-19\/","title":{"rendered":"FC Barcelona Herrer 3rd Tr\u00f8je 2021\/22 m\u00f8rkebl\u00e5\/gul med tryk Kun Ag\u00fcero 19"},"content":{"rendered":"<p>Das Shirt von Nike in Blau l\u00e4sst dich die Farben deines Lieblingsclubs tragen und allen zeigen, wof\u00fcr dein Herz schl\u00e4gt. Mehr Fantum geht kaum! Mit diesem FC Barcelona-Ausweich-Shirt erweiterst du deine Fan-Kollektion um einen Artikel, wie ihn die Spieler in der Primera Division tragen. Die super bequeme, atmungsaktive, schwei\u00dfableitende und leichte Funktionsweise l\u00e4sst es \u00fcberzeugen. Dies ist ein Sporttop, das durch das Vereinswappen auf der Brust garantiert trumpfen kann. Mit diesem Sporttop bist du f\u00fcr jede Einheit bestens ausgestattet. Mit diesem blauen Sporttop in Streifen-Muster unterstreichst du deinen Stil.<\/p>\n<p>Tips til udskrivning: Hvis navn og nummer p\u00e5 billedet er pr\u00e6cis det, du \u00f8nsker, beh\u00f8ver du ikke at indtaste dem igen. Hvis ikke, skal du indtaste det \u00f8nskede navn og nummer.<\/p>\n<p>Tips til vask: Det anbefales at vaske fodboldtr\u00f8jer i h\u00e5nden. Hvis du vil bruge vaskemaskinen, skal du huske at vende vrangen ud p\u00e5 fodboldtr\u00f8jerne og derefter vaske dem. Fyld maskinen med koldt vand, og brug et sk\u00e5neprogram for bedre at beskytte farverne.<\/p>","protected":false},"excerpt":{"rendered":"<p>T-shirten fra Nike i bl\u00e5 lader dig b\u00e6re farverne p\u00e5 din yndlingsklub og vise alle, hvad dit hjerte banker for. Mere fanatisme bliver det n\u00e6sten ikke! Med denne FC Barcelona udebanetr\u00f8je udvider du din fan-kollektion med en vare, som spillerne i Primera Division b\u00e6rer. Den super komfortable, \u00e5ndbare, svedtransporterende og lette funktion f\u00e5r den til at overbevise. [...]<\/p>","protected":false},"featured_media":503,"comment_status":"open","ping_status":"closed","template":"","meta":[],"product_brand":[],"product_cat":[31],"product_tag":[20,37,33,21,22,23,24],"class_list":{"0":"post-473","1":"product","2":"type-product","3":"status-publish","4":"has-post-thumbnail","6":"product_cat-fc-barcelona","7":"product_tag-coole-fussballtrikots","8":"product_tag-fc-barcelona-ausweichtrikot","9":"product_tag-fc-barcelona-trikots","10":"product_tag-fussballtrikot-fuer-herren","11":"product_tag-fussballtrikot-guenstig-kaufen","12":"product_tag-fussballtrikot-kurzarm","13":"product_tag-guenstiges-fussballtrikot","15":"first","16":"instock","17":"shipping-taxable","18":"purchasable","19":"product-type-variable"},"_links":{"self":[{"href":"https:\/\/www.billigtrikotde.com\/da\/wp-json\/wp\/v2\/product\/473","targetHints":{"allow":["GET"]}}],"collection":[{"href":"https:\/\/www.billigtrikotde.com\/da\/wp-json\/wp\/v2\/product"}],"about":[{"href":"https:\/\/www.billigtrikotde.com\/da\/wp-json\/wp\/v2\/types\/product"}],"replies":[{"embeddable":true,"href":"https:\/\/www.billigtrikotde.com\/da\/wp-json\/wp\/v2\/comments?post=473"}],"wp:featuredmedia":[{"embeddable":true,"href":"https:\/\/www.billigtrikotde.com\/da\/wp-json\/wp\/v2\/media\/503"}],"wp:attachment":[{"href":"https:\/\/www.billigtrikotde.com\/da\/wp-json\/wp\/v2\/media?parent=473"}],"wp:term":[{"taxonomy":"product_brand","embeddable":true,"href":"https:\/\/www.billigtrikotde.com\/da\/wp-json\/wp\/v2\/product_brand?post=473"},{"taxonomy":"product_cat","embeddable":true,"href":"https:\/\/www.billigtrikotde.com\/da\/wp-json\/wp\/v2\/product_cat?post=473"},{"taxonomy":"product_tag","embeddable":true,"href":"https:\/\/www.billigtrikotde.com\/da\/wp-json\/wp\/v2\/product_tag?post=473"}],"curies":[{"name":"wp","href":"https:\/\/api.w.org\/{rel}","templated":true}]}}