{"id":4723,"date":"2024-10-23T16:03:39","date_gmt":"2024-10-23T14:03:39","guid":{"rendered":"http:\/\/billigtrikots.com\/?post_type=product&#038;p=4723"},"modified":"2024-10-23T16:05:49","modified_gmt":"2024-10-23T14:05:49","slug":"manchester-city-auswaertstrikot-2022-kurzarm-kurze-hosen-agueero-10","status":"publish","type":"product","link":"https:\/\/www.billigtrikotde.com\/da\/vare\/manchester-city-auswaertstrikot-2022-kurzarm-kurze-hosen-agueero-10\/","title":{"rendered":"Manchester City udebanes\u00e6t 2022 kort\u00e6rmet + shorts AG\u00dcERO 10"},"content":{"rendered":"<p>Baseret p\u00e5 det str\u00f8mlinede Puma 21-22 tredje tr\u00f8jedesign viser Puma Manchester City 21-22 tredje tr\u00f8je klubbens navn i stedet for v\u00e5benskjoldet. P\u00e5 forsiden er der teksten Man City, omgivet af to himmelbl\u00e5 linjer. Alle andre logoer er hvide. Et diskret v\u00e5benskjoldm\u00f8nster er placeret over hele tr\u00f8jen, mens m\u00e6rket ogs\u00e5 er synligt p\u00e5 den \u00f8verste ryg lige under kraven.<\/p>\n<p>Tips til udskrivning: Hvis navn og nummer p\u00e5 billedet er pr\u00e6cis det, du \u00f8nsker, beh\u00f8ver du ikke at indtaste dem igen. Hvis ikke, skal du indtaste det \u00f8nskede navn og nummer.<\/p>\n<p>Tips til vask: Det anbefales at vaske fodboldtr\u00f8jer i h\u00e5nden. Hvis du vil bruge vaskemaskinen, skal du huske at vende vrangen ud p\u00e5 fodboldtr\u00f8jerne og derefter vaske dem. Fyld maskinen med koldt vand, og brug et sk\u00e5neprogram for bedre at beskytte farverne.<\/p>","protected":false},"excerpt":{"rendered":"<p>Basierend auf dem stromlinienf\u00f6rmigen Puma 21-22 dritten Trikot Design, zeigt das Puma Manchester City 21-22 dritte Trikot den Vereinsnamen anstelle des Wappens.Auf der Vorderseite befindet sich der Schriftzug Man City, umgeben von zwei himmelblauen Linien. Alle anderen Logos sind wei\u00df.Ein dezentes Wappenmuster ist auf dem gesamten Trikot angebracht, w\u00e4hrend das Abzeichen auch auf dem oberen [&hellip;]<\/p>","protected":false},"featured_media":4762,"comment_status":"open","ping_status":"closed","template":"","meta":[],"product_brand":[],"product_cat":[82],"product_tag":[20,21,22,23,24,233,83,84],"class_list":{"0":"post-4723","1":"product","2":"type-product","3":"status-publish","4":"has-post-thumbnail","6":"product_cat-manchester-city","7":"product_tag-coole-fussballtrikots","8":"product_tag-fussballtrikot-fuer-herren","9":"product_tag-fussballtrikot-guenstig-kaufen","10":"product_tag-fussballtrikot-kurzarm","11":"product_tag-guenstiges-fussballtrikot","12":"product_tag-manchester-city-21-22-drittes-trikot","13":"product_tag-manchester-city-auswaertstrikot","14":"product_tag-manchester-city-trikots","16":"first","17":"instock","18":"shipping-taxable","19":"purchasable","20":"product-type-variable"},"_links":{"self":[{"href":"https:\/\/www.billigtrikotde.com\/da\/wp-json\/wp\/v2\/product\/4723","targetHints":{"allow":["GET"]}}],"collection":[{"href":"https:\/\/www.billigtrikotde.com\/da\/wp-json\/wp\/v2\/product"}],"about":[{"href":"https:\/\/www.billigtrikotde.com\/da\/wp-json\/wp\/v2\/types\/product"}],"replies":[{"embeddable":true,"href":"https:\/\/www.billigtrikotde.com\/da\/wp-json\/wp\/v2\/comments?post=4723"}],"wp:featuredmedia":[{"embeddable":true,"href":"https:\/\/www.billigtrikotde.com\/da\/wp-json\/wp\/v2\/media\/4762"}],"wp:attachment":[{"href":"https:\/\/www.billigtrikotde.com\/da\/wp-json\/wp\/v2\/media?parent=4723"}],"wp:term":[{"taxonomy":"product_brand","embeddable":true,"href":"https:\/\/www.billigtrikotde.com\/da\/wp-json\/wp\/v2\/product_brand?post=4723"},{"taxonomy":"product_cat","embeddable":true,"href":"https:\/\/www.billigtrikotde.com\/da\/wp-json\/wp\/v2\/product_cat?post=4723"},{"taxonomy":"product_tag","embeddable":true,"href":"https:\/\/www.billigtrikotde.com\/da\/wp-json\/wp\/v2\/product_tag?post=4723"}],"curies":[{"name":"wp","href":"https:\/\/api.w.org\/{rel}","templated":true}]}}