{"id":471,"date":"2024-10-23T12:50:40","date_gmt":"2024-10-23T10:50:40","guid":{"rendered":"http:\/\/billigtrikots.com\/?post_type=product&#038;p=471"},"modified":"2024-10-23T12:52:13","modified_gmt":"2024-10-23T10:52:13","slug":"fc-barcelona-herren-3rd-trikot-2021-22-dunkelblau-gelb-mit-aufdruck-jordi-alba-18","status":"publish","type":"product","link":"https:\/\/www.billigtrikotde.com\/da\/vare\/fc-barcelona-herren-3rd-trikot-2021-22-dunkelblau-gelb-mit-aufdruck-jordi-alba-18\/","title":{"rendered":"FC Barcelona Herrer 3rd Tr\u00f8je 2021\/22 m\u00f8rkebl\u00e5\/gul med tryk Jordi Alba 18"},"content":{"rendered":"<p>Ligesom andre tr\u00f8jer fra vores stadionkollektion kombinerer FC Barcelona-tr\u00f8jen efterlignede designdetaljer med svedtransporterende materiale for at give dig et kampklart look, der er inspireret af dit yndlingshold.<\/p>\n<p>Dette produkt er 100 % lavet af genanvendte polyesterfibre. \u00c5ndbart materiale med Nike Dri-FIT-teknologi leder sved v\u00e6k fra din hud, s\u00e5 det hurtigere fordampes, og du forbliver t\u00f8r og komfortabel.<\/p>\n<p>Replikatdesignet er inspireret af det, professionelle spillere b\u00e6rer p\u00e5 banen.<\/p>\n<p>Tips til udskrivning: Hvis navn og nummer p\u00e5 billedet er pr\u00e6cis det, du \u00f8nsker, beh\u00f8ver du ikke at indtaste dem igen. Hvis ikke, skal du indtaste det \u00f8nskede navn og nummer.<\/p>\n<p>Tips til vask: Det anbefales at vaske fodboldtr\u00f8jer i h\u00e5nden. Hvis du vil bruge vaskemaskinen, skal du huske at vende vrangen ud p\u00e5 fodboldtr\u00f8jerne og derefter vaske dem. Fyld maskinen med koldt vand, og brug et sk\u00e5neprogram for bedre at beskytte farverne.<\/p>","protected":false},"excerpt":{"rendered":"<p>Wie andere Trikots aus unserer Stadion-Kollektion kombiniert das FC Barcelona Trikot nachgebildete Designdetails mit schwei\u00dfableitendem Material, um dir einen spielbereiten Look zu verleihen, der von deiner Lieblingsmannschaft inspiriert wurde. Dieses Produkt besteht zu 100 % aus recycelten Polyesterfasern. Atmungsaktives Material mit Nike Dri-FIT-Technologie leitet Schwei\u00df von deiner Haut weg, damit es schneller verdunstet und du [&hellip;]<\/p>","protected":false},"featured_media":502,"comment_status":"open","ping_status":"closed","template":"","meta":[],"product_brand":[],"product_cat":[31],"product_tag":[20,37,33,21,22,23,24],"class_list":{"0":"post-471","1":"product","2":"type-product","3":"status-publish","4":"has-post-thumbnail","6":"product_cat-fc-barcelona","7":"product_tag-coole-fussballtrikots","8":"product_tag-fc-barcelona-ausweichtrikot","9":"product_tag-fc-barcelona-trikots","10":"product_tag-fussballtrikot-fuer-herren","11":"product_tag-fussballtrikot-guenstig-kaufen","12":"product_tag-fussballtrikot-kurzarm","13":"product_tag-guenstiges-fussballtrikot","15":"first","16":"instock","17":"shipping-taxable","18":"purchasable","19":"product-type-variable"},"_links":{"self":[{"href":"https:\/\/www.billigtrikotde.com\/da\/wp-json\/wp\/v2\/product\/471","targetHints":{"allow":["GET"]}}],"collection":[{"href":"https:\/\/www.billigtrikotde.com\/da\/wp-json\/wp\/v2\/product"}],"about":[{"href":"https:\/\/www.billigtrikotde.com\/da\/wp-json\/wp\/v2\/types\/product"}],"replies":[{"embeddable":true,"href":"https:\/\/www.billigtrikotde.com\/da\/wp-json\/wp\/v2\/comments?post=471"}],"wp:featuredmedia":[{"embeddable":true,"href":"https:\/\/www.billigtrikotde.com\/da\/wp-json\/wp\/v2\/media\/502"}],"wp:attachment":[{"href":"https:\/\/www.billigtrikotde.com\/da\/wp-json\/wp\/v2\/media?parent=471"}],"wp:term":[{"taxonomy":"product_brand","embeddable":true,"href":"https:\/\/www.billigtrikotde.com\/da\/wp-json\/wp\/v2\/product_brand?post=471"},{"taxonomy":"product_cat","embeddable":true,"href":"https:\/\/www.billigtrikotde.com\/da\/wp-json\/wp\/v2\/product_cat?post=471"},{"taxonomy":"product_tag","embeddable":true,"href":"https:\/\/www.billigtrikotde.com\/da\/wp-json\/wp\/v2\/product_tag?post=471"}],"curies":[{"name":"wp","href":"https:\/\/api.w.org\/{rel}","templated":true}]}}