{"id":4648,"date":"2024-10-23T16:00:13","date_gmt":"2024-10-23T14:00:13","guid":{"rendered":"http:\/\/billigtrikots.com\/?post_type=product&#038;p=4648"},"modified":"2024-10-23T16:02:20","modified_gmt":"2024-10-23T14:02:20","slug":"city-of-dreams-kit-la-galaxy-fans-home-shirt-2022-2023-football-jersey-chicharito-14","status":"publish","type":"product","link":"https:\/\/www.billigtrikotde.com\/da\/vare\/city-of-dreams-kit-la-galaxy-fans-home-shirt-2022-2023-football-jersey-chicharito-14\/","title":{"rendered":"City of Dreams Kit LA Galaxy Fans Hjemmetr\u00f8je 2022-2023 Fodboldtr\u00f8je Chicharito 14"},"content":{"rendered":"<p>The City of Dreams Kit hylder de rene, klassiske og elegante hvide kits i Galaksens historie med et LA-twist for at repr\u00e6sentere Dr\u00f8mmestadet og Stjernehavet. Kraften og energien fra kvasaren repr\u00e6senterer hjertet af Galaksen og dr\u00f8mmerne, skaberne og innovat\u00f8rerne, der udg\u00f8r Los Angeles.<\/p>","protected":false},"excerpt":{"rendered":"<p>The City of Dreams Kit hylder de rene, klassiske og elegante hvide kits i Galaksens historie med et LA-twist for at repr\u00e6sentere Dr\u00f8mmestadet og Stjernehavet. Kraften og energien fra kvasaren repr\u00e6senterer hjertet af Galaksen og dr\u00f8mmerne, skaberne og innovat\u00f8rerne, der udg\u00f8r Los Angeles.<\/p>","protected":false},"featured_media":4688,"comment_status":"open","ping_status":"closed","template":"","meta":[],"product_brand":[],"product_cat":[182],"product_tag":[20,21,22,23,24,183,184],"class_list":{"0":"post-4648","1":"product","2":"type-product","3":"status-publish","4":"has-post-thumbnail","6":"product_cat-la-galaxy","7":"product_tag-coole-fussballtrikots","8":"product_tag-fussballtrikot-fuer-herren","9":"product_tag-fussballtrikot-guenstig-kaufen","10":"product_tag-fussballtrikot-kurzarm","11":"product_tag-guenstiges-fussballtrikot","12":"product_tag-la-galaxy-away-shirt","13":"product_tag-la-galaxy-trikots","15":"first","16":"instock","17":"shipping-taxable","18":"purchasable","19":"product-type-variable"},"_links":{"self":[{"href":"https:\/\/www.billigtrikotde.com\/da\/wp-json\/wp\/v2\/product\/4648","targetHints":{"allow":["GET"]}}],"collection":[{"href":"https:\/\/www.billigtrikotde.com\/da\/wp-json\/wp\/v2\/product"}],"about":[{"href":"https:\/\/www.billigtrikotde.com\/da\/wp-json\/wp\/v2\/types\/product"}],"replies":[{"embeddable":true,"href":"https:\/\/www.billigtrikotde.com\/da\/wp-json\/wp\/v2\/comments?post=4648"}],"wp:featuredmedia":[{"embeddable":true,"href":"https:\/\/www.billigtrikotde.com\/da\/wp-json\/wp\/v2\/media\/4688"}],"wp:attachment":[{"href":"https:\/\/www.billigtrikotde.com\/da\/wp-json\/wp\/v2\/media?parent=4648"}],"wp:term":[{"taxonomy":"product_brand","embeddable":true,"href":"https:\/\/www.billigtrikotde.com\/da\/wp-json\/wp\/v2\/product_brand?post=4648"},{"taxonomy":"product_cat","embeddable":true,"href":"https:\/\/www.billigtrikotde.com\/da\/wp-json\/wp\/v2\/product_cat?post=4648"},{"taxonomy":"product_tag","embeddable":true,"href":"https:\/\/www.billigtrikotde.com\/da\/wp-json\/wp\/v2\/product_tag?post=4648"}],"curies":[{"name":"wp","href":"https:\/\/api.w.org\/{rel}","templated":true}]}}