{"id":4638,"date":"2024-10-23T15:59:38","date_gmt":"2024-10-23T13:59:38","guid":{"rendered":"http:\/\/billigtrikots.com\/?post_type=product&#038;p=4638"},"modified":"2024-10-23T16:01:48","modified_gmt":"2024-10-23T14:01:48","slug":"la-galaxy-city-of-dreams-kit-fans-home-shirt-2022-2023-football-jersey-katai-7","status":"publish","type":"product","link":"https:\/\/www.billigtrikotde.com\/da\/vare\/la-galaxy-city-of-dreams-kit-fans-home-shirt-2022-2023-football-jersey-katai-7\/","title":{"rendered":"LA Galaxy City of Dreams Kit Fans Hjemmetr\u00f8je 2022-2023 Fodboldtr\u00f8je KATAI 7"},"content":{"rendered":"<p>City of Dreams-kittet hylder de rene, klassiske og elegante hvide kits fra galaksens historie med et strejf af LA for at repr\u00e6sentere City of Dreams og City of Stars. Kraften og energien fra quasaren repr\u00e6senterer hjertet af galaksen og dr\u00f8mmerne, skaberne og innovatorerne, der udg\u00f8r Los Angeles.<\/p>\n<p>Tips til vask: Det anbefales at vaske fodboldtr\u00f8jer i h\u00e5nden. Hvis du vil bruge vaskemaskinen, skal du huske at vende vrangen ud p\u00e5 fodboldtr\u00f8jerne og derefter vaske dem. Fyld maskinen med koldt vand, og brug et sk\u00e5neprogram for bedre at beskytte farverne.<\/p>","protected":false},"excerpt":{"rendered":"<p>City of Dreams-kittet hylder de rene, klassiske og elegante hvide kits fra galaksens historie med et strejf af LA for at repr\u00e6sentere City of Dreams og City of Stars. Kraften og energien fra quasaren repr\u00e6senterer hjertet af galaksen og dr\u00f8mmerne, skaberne og innovatorerne, der udg\u00f8r Los Angeles.<\/p>","protected":false},"featured_media":4678,"comment_status":"open","ping_status":"closed","template":"","meta":[],"product_brand":[],"product_cat":[182],"product_tag":[20,21,22,23,24,183,184],"class_list":{"0":"post-4638","1":"product","2":"type-product","3":"status-publish","4":"has-post-thumbnail","6":"product_cat-la-galaxy","7":"product_tag-coole-fussballtrikots","8":"product_tag-fussballtrikot-fuer-herren","9":"product_tag-fussballtrikot-guenstig-kaufen","10":"product_tag-fussballtrikot-kurzarm","11":"product_tag-guenstiges-fussballtrikot","12":"product_tag-la-galaxy-away-shirt","13":"product_tag-la-galaxy-trikots","15":"first","16":"instock","17":"shipping-taxable","18":"purchasable","19":"product-type-variable"},"_links":{"self":[{"href":"https:\/\/www.billigtrikotde.com\/da\/wp-json\/wp\/v2\/product\/4638","targetHints":{"allow":["GET"]}}],"collection":[{"href":"https:\/\/www.billigtrikotde.com\/da\/wp-json\/wp\/v2\/product"}],"about":[{"href":"https:\/\/www.billigtrikotde.com\/da\/wp-json\/wp\/v2\/types\/product"}],"replies":[{"embeddable":true,"href":"https:\/\/www.billigtrikotde.com\/da\/wp-json\/wp\/v2\/comments?post=4638"}],"wp:featuredmedia":[{"embeddable":true,"href":"https:\/\/www.billigtrikotde.com\/da\/wp-json\/wp\/v2\/media\/4678"}],"wp:attachment":[{"href":"https:\/\/www.billigtrikotde.com\/da\/wp-json\/wp\/v2\/media?parent=4638"}],"wp:term":[{"taxonomy":"product_brand","embeddable":true,"href":"https:\/\/www.billigtrikotde.com\/da\/wp-json\/wp\/v2\/product_brand?post=4638"},{"taxonomy":"product_cat","embeddable":true,"href":"https:\/\/www.billigtrikotde.com\/da\/wp-json\/wp\/v2\/product_cat?post=4638"},{"taxonomy":"product_tag","embeddable":true,"href":"https:\/\/www.billigtrikotde.com\/da\/wp-json\/wp\/v2\/product_tag?post=4638"}],"curies":[{"name":"wp","href":"https:\/\/api.w.org\/{rel}","templated":true}]}}