{"id":4606,"date":"2024-10-23T15:57:56","date_gmt":"2024-10-23T13:57:56","guid":{"rendered":"http:\/\/billigtrikots.com\/?post_type=product&#038;p=4606"},"modified":"2024-10-23T16:00:08","modified_gmt":"2024-10-23T14:00:08","slug":"brasilien-fussball-wm-2022-weltmeisterschaft-auswaertstrikot-mit-aufdruck-neymar-jr-10","status":"publish","type":"product","link":"https:\/\/www.billigtrikotde.com\/da\/vare\/brasilien-fussball-wm-2022-weltmeisterschaft-auswaertstrikot-mit-aufdruck-neymar-jr-10\/","title":{"rendered":"Brasilien 2022 VM udebanetr\u00f8je med tryk Neymar jR 10"},"content":{"rendered":"<p>Nike Brasilien 2022 VM-udrejstr\u00f8jen kombinerer en bl\u00e5 grundfarve med lysegr\u00f8n for swoosh. De officielle farver er \u201cParamount Blue\/Dynamic Yellow\/Green Spark\u201d. Det ber\u00f8mte v\u00e5benskjold for den brasilianske fodboldforening findes p\u00e5 venstre bryst. Det best\u00e5r af stjernerne og ordet Brasil i gult.<\/p>\n<p>Tips til udskrivning: Hvis navn og nummer p\u00e5 billedet er pr\u00e6cis det, du \u00f8nsker, beh\u00f8ver du ikke at indtaste dem igen. Hvis ikke, skal du indtaste det \u00f8nskede navn og nummer.<\/p>\n<p>Tips til vask: Det anbefales at vaske fodboldtr\u00f8jer i h\u00e5nden. Hvis du vil bruge vaskemaskinen, skal du huske at vende vrangen ud p\u00e5 fodboldtr\u00f8jerne og derefter vaske dem. Fyld maskinen med koldt vand, og brug et sk\u00e5neprogram for bedre at beskytte farverne.<\/p>","protected":false},"excerpt":{"rendered":"<p>Das Nike Brasilien 2022 WM-Ausw\u00e4rtstrikot kombiniert eine blaue Grundfarbe mit Hellgr\u00fcn f\u00fcr den Swoosh. Die offiziellen Farben sind \u201cParamount Blue\/Dynamic Yellow\/Green Spark\u201d. Das ber\u00fchmte Wappen des brasilianischen Fu\u00dfballverbands befindet sich auf der linken Brust. Es besteht aus den Sternen und dem Schriftzug Brasil in Gelb. Tipps zum Drucken: Wenn der Name und die Nummer auf [&hellip;]<\/p>","protected":false},"featured_media":4645,"comment_status":"open","ping_status":"closed","template":"","meta":[],"product_brand":[],"product_cat":[112],"product_tag":[20,210,114,222,21,22,23,24],"class_list":{"0":"post-4606","1":"product","2":"type-product","3":"status-publish","4":"has-post-thumbnail","6":"product_cat-brasilien-trikots","7":"product_tag-coole-fussballtrikots","8":"product_tag-brasilien-auswaertstrikot","9":"product_tag-brasilien-trikots","10":"product_tag-fussball-wm-2022-trikots","11":"product_tag-fussballtrikot-fuer-herren","12":"product_tag-fussballtrikot-guenstig-kaufen","13":"product_tag-fussballtrikot-kurzarm","14":"product_tag-guenstiges-fussballtrikot","16":"first","17":"instock","18":"shipping-taxable","19":"purchasable","20":"product-type-variable"},"_links":{"self":[{"href":"https:\/\/www.billigtrikotde.com\/da\/wp-json\/wp\/v2\/product\/4606","targetHints":{"allow":["GET"]}}],"collection":[{"href":"https:\/\/www.billigtrikotde.com\/da\/wp-json\/wp\/v2\/product"}],"about":[{"href":"https:\/\/www.billigtrikotde.com\/da\/wp-json\/wp\/v2\/types\/product"}],"replies":[{"embeddable":true,"href":"https:\/\/www.billigtrikotde.com\/da\/wp-json\/wp\/v2\/comments?post=4606"}],"wp:featuredmedia":[{"embeddable":true,"href":"https:\/\/www.billigtrikotde.com\/da\/wp-json\/wp\/v2\/media\/4645"}],"wp:attachment":[{"href":"https:\/\/www.billigtrikotde.com\/da\/wp-json\/wp\/v2\/media?parent=4606"}],"wp:term":[{"taxonomy":"product_brand","embeddable":true,"href":"https:\/\/www.billigtrikotde.com\/da\/wp-json\/wp\/v2\/product_brand?post=4606"},{"taxonomy":"product_cat","embeddable":true,"href":"https:\/\/www.billigtrikotde.com\/da\/wp-json\/wp\/v2\/product_cat?post=4606"},{"taxonomy":"product_tag","embeddable":true,"href":"https:\/\/www.billigtrikotde.com\/da\/wp-json\/wp\/v2\/product_tag?post=4606"}],"curies":[{"name":"wp","href":"https:\/\/api.w.org\/{rel}","templated":true}]}}