{"id":4549,"date":"2024-10-23T15:55:06","date_gmt":"2024-10-23T13:55:06","guid":{"rendered":"http:\/\/billigtrikots.com\/?post_type=product&#038;p=4549"},"modified":"2024-10-23T15:57:43","modified_gmt":"2024-10-23T13:57:43","slug":"pogba-6-manchester-united-2022-2023-heimtrikot-herren-trikot-kurze-hosen","status":"publish","type":"product","link":"https:\/\/www.billigtrikotde.com\/da\/vare\/pogba-6-manchester-united-2022-2023-heimtrikot-herren-trikot-kurze-hosen\/","title":{"rendered":"Pogba 6 Manchester United 2022-2023 Hjemmetr\u00f8je Herre Tr\u00f8je + korte shorts"},"content":{"rendered":"<p>Adidas Manchester United 2022-2023 tr\u00f8jen kombinerer en mere m\u00f8rker\u00f8d hovedfarve med et hvidt Adidas-logo og sorte tre striber.<\/p>\n<p>Det, der g\u00f8r tr\u00f8jen s\u00e6rlig, er polo-kraven. Det hvide krave er udstyret med et trekantet design inspireret af 1994.<\/p>\n<p>Str\u00f8mperne p\u00e5 Manchester United 22-23 hjemmebanetr\u00f8jen kombinerer den traditionelle hovedfarve sort med r\u00f8d. De har en r\u00f8d Red Devil p\u00e5 forsiden og et hvidt Adidas-logo p\u00e5 bagsiden. Overdelen er r\u00f8d med sorte tre striber.<\/p>\n<p>Man United 22-23 tr\u00f8jen har et skjold, hvor Manchester United-logoet er afbildet. Skjoldet har form af en femkant og er i en lidt m\u00f8rkere r\u00f8d nuance end resten af tr\u00f8jen. Det er ogs\u00e5 omgivet af en tynd kant for at adskille formen.<\/p>\n<p>Tips til udskrivning: Hvis navn og nummer p\u00e5 billedet er pr\u00e6cis det, du \u00f8nsker, beh\u00f8ver du ikke at indtaste dem igen. Hvis ikke, skal du indtaste det \u00f8nskede navn og nummer.<\/p>\n<p>Tips til vask: Det anbefales at vaske fodboldtr\u00f8jer i h\u00e5nden. Hvis du vil bruge vaskemaskinen, skal du huske at vende vrangen ud p\u00e5 fodboldtr\u00f8jerne og derefter vaske dem. Fyld maskinen med koldt vand, og brug et sk\u00e5neprogram for bedre at beskytte farverne.<\/p>","protected":false},"excerpt":{"rendered":"<p>Adidas Manchester United 2022-2023 Tr\u00f8je kombinerer en mere m\u00f8rker\u00f8d hovedfarve med et hvidt Adidas-logo og sorte tre striber. Det, der g\u00f8r tr\u00f8jen s\u00e6rlig, er polo-kraven. Det hvide krave er udstyret med et trekantet design inspireret af 1994. Str\u00f8mperne til Manchester United 22-23 hjemmetr\u00f8je kombinerer den traditionelle hovedfarve sort med r\u00f8d. De har [\u2026]<\/p>","protected":false},"featured_media":4586,"comment_status":"open","ping_status":"closed","template":"","meta":[],"product_brand":[],"product_cat":[50],"product_tag":[20,21,22,23,54,24,141,52],"class_list":{"0":"post-4549","1":"product","2":"type-product","3":"status-publish","4":"has-post-thumbnail","6":"product_cat-manchester-united","7":"product_tag-coole-fussballtrikots","8":"product_tag-fussballtrikot-fuer-herren","9":"product_tag-fussballtrikot-guenstig-kaufen","10":"product_tag-fussballtrikot-kurzarm","11":"product_tag-fussballtrikot-set","12":"product_tag-guenstiges-fussballtrikot","13":"product_tag-manchester-united-heimtrikot","14":"product_tag-manchester-united-trikots","16":"first","17":"instock","18":"shipping-taxable","19":"purchasable","20":"product-type-variable"},"_links":{"self":[{"href":"https:\/\/www.billigtrikotde.com\/da\/wp-json\/wp\/v2\/product\/4549","targetHints":{"allow":["GET"]}}],"collection":[{"href":"https:\/\/www.billigtrikotde.com\/da\/wp-json\/wp\/v2\/product"}],"about":[{"href":"https:\/\/www.billigtrikotde.com\/da\/wp-json\/wp\/v2\/types\/product"}],"replies":[{"embeddable":true,"href":"https:\/\/www.billigtrikotde.com\/da\/wp-json\/wp\/v2\/comments?post=4549"}],"wp:featuredmedia":[{"embeddable":true,"href":"https:\/\/www.billigtrikotde.com\/da\/wp-json\/wp\/v2\/media\/4586"}],"wp:attachment":[{"href":"https:\/\/www.billigtrikotde.com\/da\/wp-json\/wp\/v2\/media?parent=4549"}],"wp:term":[{"taxonomy":"product_brand","embeddable":true,"href":"https:\/\/www.billigtrikotde.com\/da\/wp-json\/wp\/v2\/product_brand?post=4549"},{"taxonomy":"product_cat","embeddable":true,"href":"https:\/\/www.billigtrikotde.com\/da\/wp-json\/wp\/v2\/product_cat?post=4549"},{"taxonomy":"product_tag","embeddable":true,"href":"https:\/\/www.billigtrikotde.com\/da\/wp-json\/wp\/v2\/product_tag?post=4549"}],"curies":[{"name":"wp","href":"https:\/\/api.w.org\/{rel}","templated":true}]}}